{"id":12167,"date":"2022-07-20T17:10:54","date_gmt":"2022-07-20T14:10:54","guid":{"rendered":"https:\/\/www.vempele.fi\/?post_type=product&#038;p=12167"},"modified":"2026-04-15T14:41:31","modified_gmt":"2026-04-15T11:41:31","slug":"frigus-ev-ice-3-245-50r19-tesla_model-y","status":"publish","type":"product","link":"https:\/\/www.vempele.fi\/da\/tuote\/frigus-ev-ice-3-245-50r19-tesla_model-y\/","title":{"rendered":"FRIGUS EV ICE 3 245\/50R19 105V til Tesla Model Y"},"content":{"rendered":"<p>FRIGUS EV ICE 3 er en nordisk serie af d\u00e6k, der er designet til elektriske k\u00f8ret\u00f8jer. D\u00e6kket er ideelt til vinterk\u00f8rsel p\u00e5 is og sne. D\u00e6kket fjerner vand\/mudder j\u00e6vnt, hvilket reducerer risikoen for at sidde fast i mudderet. D\u00e6kkets slidbane er lavet af bl\u00f8dt naturgummi og er meget modstandsdygtig over for slitage og efterlader mindre d\u00e6kst\u00f8v i milj\u00f8et end mange af dets konkurrenter. D\u00e6kkets sidev\u00e6gge er stivere end andre nordiske friktionsd\u00e6k, hvilket forbedrer k\u00f8refornemmelsen, is\u00e6r p\u00e5 en kraftig elbil.<\/p>\n<p>Et d\u00e6k kan v\u00e6re produceret for mere end 3, men mindre end 5 \u00e5r siden. D\u00e6kket er dog blevet opbevaret korrekt og er s\u00e5 godt som nyt.<\/p>\n<p>&nbsp;<\/p>","protected":false},"excerpt":{"rendered":"<p>Type 245\/50R19 Vinter, Tesla Model Y<\/p>\n<ul>\n<li>Bredde: 245<\/li>\n<li>Profilforhold: 50<\/li>\n<li>F\u00e6lgens diameter: 19<\/li>\n<li>Kompatible f\u00e6lgbredder: 7 \u00bdJ, 8J, 7J, 8 \u00bdJ<\/li>\n<li>Belastningsindeks: 105 (maks. 925 kg)<\/li>\n<li>V\u00e6gt: 13,70 kg<\/li>\n<\/ul>\n<p>Pris for et d\u00e6k.<\/p>","protected":false},"featured_media":8689,"comment_status":"open","ping_status":"closed","template":"","meta":[],"product_brand":[],"product_cat":[154,371,128],"product_tag":[301,83,303,299,300,302,121,203],"class_list":{"0":"post-12167","1":"product","2":"type-product","3":"status-publish","4":"has-post-thumbnail","6":"product_cat-model-y","7":"product_cat-renkaat","8":"product_cat-tesla-tuotteet","9":"product_tag-autonrenkaat","10":"product_tag-autotarvikkeet","11":"product_tag-frigus","12":"product_tag-rengas","13":"product_tag-renkaat","14":"product_tag-talvirenkaat","15":"product_tag-tesla","16":"product_tag-tesla-model-y","17":"product_shipping_class-nouto","19":"first","20":"outofstock","21":"sale","22":"taxable","23":"shipping-taxable","24":"purchasable","25":"product-type-simple"},"jetpack_sharing_enabled":true,"_links":{"self":[{"href":"https:\/\/www.vempele.fi\/da\/wp-json\/wp\/v2\/product\/12167","targetHints":{"allow":["GET"]}}],"collection":[{"href":"https:\/\/www.vempele.fi\/da\/wp-json\/wp\/v2\/product"}],"about":[{"href":"https:\/\/www.vempele.fi\/da\/wp-json\/wp\/v2\/types\/product"}],"replies":[{"embeddable":true,"href":"https:\/\/www.vempele.fi\/da\/wp-json\/wp\/v2\/comments?post=12167"}],"wp:featuredmedia":[{"embeddable":true,"href":"https:\/\/www.vempele.fi\/da\/wp-json\/wp\/v2\/media\/8689"}],"wp:attachment":[{"href":"https:\/\/www.vempele.fi\/da\/wp-json\/wp\/v2\/media?parent=12167"}],"wp:term":[{"taxonomy":"product_brand","embeddable":true,"href":"https:\/\/www.vempele.fi\/da\/wp-json\/wp\/v2\/product_brand?post=12167"},{"taxonomy":"product_cat","embeddable":true,"href":"https:\/\/www.vempele.fi\/da\/wp-json\/wp\/v2\/product_cat?post=12167"},{"taxonomy":"product_tag","embeddable":true,"href":"https:\/\/www.vempele.fi\/da\/wp-json\/wp\/v2\/product_tag?post=12167"}],"curies":[{"name":"wp","href":"https:\/\/api.w.org\/{rel}","templated":true}]}}