{"id":12544,"date":"2022-08-17T15:32:34","date_gmt":"2022-08-17T12:32:34","guid":{"rendered":"https:\/\/www.vempele.fi\/?post_type=product&#038;p=12544"},"modified":"2025-12-11T09:39:06","modified_gmt":"2025-12-11T07:39:06","slug":"nokia-daek-hakkapeliitta-r5-sommer-235-55r18-104r-xl","status":"publish","type":"product","link":"https:\/\/www.vempele.fi\/da\/tuote\/nokia-tyres-hakkapeliitta-r5-suv-235-55r18-104r-xl\/","title":{"rendered":"Nokian D\u00e6k Hakkapeliitta R5 SUV 235\/55R18 104R XL - Model Y"},"content":{"rendered":"<p>1 stk Nokian D\u00e6k Hakkapeliitta R5 SUV 235\/55R18 104R XL<\/p>\n<ul>\n<li class=\"single-product__section-title\">EU-d\u00e6km\u00e6rkning<\/li>\n<li>Type: friktionsd\u00e6k<\/li>\n<li>Tommer: 18<\/li>\n<li>Bredde: 235<\/li>\n<li>Profil: 55<\/li>\n<li class=\"single-product__section-title\">Hastighedskategori: 170 km\/t (T)<\/li>\n<li class=\"single-product__section-title\">Belastningskapacitet: 900 kg (104)<\/li>\n<\/ul>","protected":false},"excerpt":{"rendered":"<p class=\"single-product__title\">Nokian D\u00e6k Hakkapeliitta R5 SUV 235\/55R18 104R XL.<\/p>\n<p>Friktionsd\u00e6k. Anbefales is\u00e6r til Tesla Model Y.<\/p>\n<p>Hakkapeliitta R5 SUV er et friktionsd\u00e6k til personbiler, crossovers og SUV'er. Hakkapeliitta R5 SUV er specielt designet til h\u00f8jtydende og store k\u00f8ret\u00f8jer og sikrer optimeret stabilitet, styrke og slidstyrke, samtidig med at det h\u00e5ndterer h\u00f8je hjulbelastninger med pr\u00e6cision og p\u00e5lidelighed. Unikke Arctic Grip Crystals-partikler sikrer klassens bedste ydeevne p\u00e5 is. Aramidforst\u00e6rkede sidev\u00e6gge giver forbedret holdbarhed og punkteringsbeskyttelse.<\/p>\n<p class=\"ewa-rteLine\">- Ren vintervedligeholdelse og afbalanceret k\u00f8rsel<br \/>\n- Bedre stabilitet og overlegen k\u00f8rekomfort<br \/>\n- Milj\u00f8venlig mobilitet og br\u00e6ndstofbesparelser<br \/>\n- Aramid-forst\u00e6rkede sideflader for holdbarhed og beskyttelse<\/p>\n<p class=\"ewa-rteLine\">REN L\u00c6NGDE<\/p>\n<p class=\"ewa-rteLine\">Vinteren byder p\u00e5 uforudsigelige og til tider farlige k\u00f8reforhold. Det er vigtigt at have tillid til sine d\u00e6k. Hakkapeliitta R5 SUV er velegnet til alle nordlige vinterk\u00f8rselsforhold og tilbyder ydeevne og forudsigelighed p\u00e5 bare, v\u00e5de, isede og sned\u00e6kkede veje. Det nye Double Block Grip-design g\u00f8r grebet og h\u00e5ndteringen overlegen. Arctic Grip Crystals-partikler, der fungerer som indbyggede pigge, sikrer fremragende pr\u00e6stationer p\u00e5 is. Efterh\u00e5nden som d\u00e6kket skrider frem, kommer partiklerne ud og fungerer som en vejgrebsreserve, n\u00e5r det er n\u00f8dvendigt.<\/p>\n<p class=\"ewa-rteLine\">REN KONTROL<\/p>\n<p class=\"ewa-rteLine\">Hakkapeliitta R5 SUV har en st\u00e6rk karkassestruktur, der forbedrer k\u00f8restabiliteten og holdbarheden og giver f\u00f8reren sikkerhed for vinterens varierede k\u00f8rselsforhold, fra sned\u00e6kkede og isglatte veje til revnede og uj\u00e6vne veje. For ekstra beskyttelse og holdbarhed har d\u00e6kket Aramid-forst\u00e6rkede sidev\u00e6gge. De st\u00e6rke og syntetiske Aramid-fibre, der anvendes i gummiblandingen, forst\u00e6rker sidev\u00e6ggene og \u00f8ger d\u00e6kkets modstandsdygtighed over for st\u00f8d og snit. Det reducerer ogs\u00e5 risikoen for, at d\u00e6kket g\u00e5r i stykker, og det samme materiale bruges i rumfarts- og forsvarsprodukter.<\/p>\n<p class=\"ewa-rteLine\">REN MILJ\u00d8VENLIGHED<\/p>\n<p class=\"ewa-rteLine\">Hakkapeliitta R5 SUV er designet med valg, der starter med de materialer, der reducerer d\u00e6kkets CO2-fodaftryk. Green Trace-gummiblandingen er designet til SUV'er og sikrer, at Hakkapeliitta R5 SUV har fremragende vinteregenskaber, h\u00f8jt kilometertal og lav rullemodstand, hvilket yderligere forbedrer d\u00e6kkets stabilitet og holdbarhed. Den stive gummiblanding, som fungerer over et bredt temperaturomr\u00e5de, sikrer lang levetid, og den lave rullemodstand sparer br\u00e6ndstof og reducerer skadelige emissioner.<\/p>\n<p class=\"ewa-rteLine\">UFEJLBARLIGT GREB P\u00c5 IS OG OVERLEGNE K\u00d8REEGENSKABER<\/p>\n<p class=\"ewa-rteLine\">De mikroskopiske Arctic Grip-krystaller, der er blandet i gummioverfladen p\u00e5 Hakkapeliitta R5 SUV, fungerer som indbyggede pigge, der skaber skarpe og holdbare grebskanter i gummiet. N\u00e5r d\u00e6kket slides, kommer partiklerne frem og fungerer som en tiltr\u00e6ngt grebsreserve.<\/p>\n<p class=\"ewa-rteLine\">Hakkapeliitta R5's overlegne greb og h\u00e5ndtering er baseret p\u00e5 det nye Double Block Grip-design, som er s\u00e6rligt tydeligt i d\u00e6kkets skulderomr\u00e5der. Den stive r\u00e6kke af m\u00f8nstrede blokke starter i midten og forts\u00e6tter katha mod skulderomr\u00e5derne. 40% har flere m\u00f8nsterblokke i d\u00e6kkets skulder- og mellemomr\u00e5der sammenlignet med forg\u00e6ngeren, hvilket betyder, at der er mere gummi i kontakt med vejoverfladen i kontaktomr\u00e5det. Det betyder, at d\u00e6kkets greb p\u00e5 glatte overflader er forbedret.<\/p>\n<p><strong>Bem\u00e6rk.<\/strong><br \/>\nNokia-d\u00e6k kommer direkte fra leverand\u00f8ren til os, normalt dagen efter bestillingen er afgivet.<br \/>\nLagerbeholdningen opdateres ikke automatisk, s\u00e5 vi kontakter dig med det samme, hvis d\u00e6kket af en eller anden grund ikke er tilg\u00e6ngeligt med det samme.<\/p>","protected":false},"featured_media":12573,"comment_status":"open","ping_status":"closed","template":"","meta":[],"product_brand":[],"product_cat":[154,371,128],"product_tag":[301,394,299,300,121,203,321],"class_list":{"0":"post-12544","1":"product","2":"type-product","3":"status-publish","4":"has-post-thumbnail","6":"product_cat-model-y","7":"product_cat-renkaat","8":"product_cat-tesla-tuotteet","9":"product_tag-autonrenkaat","10":"product_tag-nokian-renkaat","11":"product_tag-rengas","12":"product_tag-renkaat","13":"product_tag-tesla","14":"product_tag-tesla-model-y","15":"product_tag-vanteet","16":"product_shipping_class-nouto","18":"first","19":"instock","20":"taxable","21":"shipping-taxable","22":"purchasable","23":"product-type-simple"},"jetpack_sharing_enabled":true,"_links":{"self":[{"href":"https:\/\/www.vempele.fi\/da\/wp-json\/wp\/v2\/product\/12544","targetHints":{"allow":["GET"]}}],"collection":[{"href":"https:\/\/www.vempele.fi\/da\/wp-json\/wp\/v2\/product"}],"about":[{"href":"https:\/\/www.vempele.fi\/da\/wp-json\/wp\/v2\/types\/product"}],"replies":[{"embeddable":true,"href":"https:\/\/www.vempele.fi\/da\/wp-json\/wp\/v2\/comments?post=12544"}],"wp:featuredmedia":[{"embeddable":true,"href":"https:\/\/www.vempele.fi\/da\/wp-json\/wp\/v2\/media\/12573"}],"wp:attachment":[{"href":"https:\/\/www.vempele.fi\/da\/wp-json\/wp\/v2\/media?parent=12544"}],"wp:term":[{"taxonomy":"product_brand","embeddable":true,"href":"https:\/\/www.vempele.fi\/da\/wp-json\/wp\/v2\/product_brand?post=12544"},{"taxonomy":"product_cat","embeddable":true,"href":"https:\/\/www.vempele.fi\/da\/wp-json\/wp\/v2\/product_cat?post=12544"},{"taxonomy":"product_tag","embeddable":true,"href":"https:\/\/www.vempele.fi\/da\/wp-json\/wp\/v2\/product_tag?post=12544"}],"curies":[{"name":"wp","href":"https:\/\/api.w.org\/{rel}","templated":true}]}}