{"id":12553,"date":"2022-08-18T10:13:33","date_gmt":"2022-08-18T07:13:33","guid":{"rendered":"https:\/\/www.vempele.fi\/?post_type=product&#038;p=12553"},"modified":"2025-10-24T10:44:15","modified_gmt":"2025-10-24T07:44:15","slug":"nokia-hakkapeliitta-10-sommer-235-55r18-104t-xl","status":"publish","type":"product","link":"https:\/\/www.vempele.fi\/da\/tuote\/nokia-hakkapeliitta-10-suv-235-55r18-104t-xl\/","title":{"rendered":"Nokian D\u00e6k Hakkapeliitta 10 SUV 235\/55R18 104T XL - Model Y"},"content":{"rendered":"<p>1 stk Nokian D\u00e6k Hakkapeliitta 10 SUV 235\/55R18 104T XL.<\/p>\n<ul>\n<li class=\"single-product__section-title\">EU-d\u00e6km\u00e6rkning<\/li>\n<li>Type: pigd\u00e6k<\/li>\n<li>Tommer: 18<\/li>\n<li>Bredde: 235<\/li>\n<li>Profil: 55<\/li>\n<li class=\"single-product__section-title\">Hastighedskategori: 190 km\/t (T)<\/li>\n<li class=\"single-product__section-title\">Belastningskapacitet: 900 kg (104)<\/li>\n<\/ul>","protected":false},"excerpt":{"rendered":"<p class=\"single-product__title\">Nokian D\u00e6k Hakkapeliitta 10 SUV 235\/55R18 104T XL.<\/p>\n<p>D\u00e6k med pigge. Anbefales is\u00e6r til Tesla Model Y.<\/p>\n<p><strong>N\u00e6ste generations sikkerhed<\/strong><\/p>\n<p>- Ekstrem sikkerhed - suver\u00e6nt greb p\u00e5 is og sne<br \/>\n- Stabil og pr\u00e6cis h\u00e5ndtering, selv p\u00e5 bare veje<br \/>\n- Maksimal k\u00f8rekomfort, behageligt lydniveau<br \/>\n- Flere k\u00f8rte kilometer og lavere br\u00e6ndstofforbrug<\/p>\n<p>Det nye Nokian Hakkapeliitta 10 SUV SUV-d\u00e6k giver SUV-chauff\u00f8rer ro i sindet i den nordlige vinter. Denne n\u00e6ste generation af sikkerhedsvinterd\u00e6k kombinerer milj\u00f8venlighed, k\u00f8rekomfort og suver\u00e6nt vejgreb p\u00e5 sne og is. Nokian Hakkapeliitta 10 SUV bruger Nokian Tyres' dobbeltn\u00e5lsteknologi med midtern\u00e5le til forbedret acceleration og bremsegreb og skuldern\u00e5le til maksimalt vejgreb i sving og ved vognbaneskift.Nokian Hakkapeliitta 10 SUV har et nyt vejgrebsm\u00f8nster, der giver stabilitet og vejgreb i sne, og en optimal placering af piggene, der giver et j\u00e6vnt og behageligt lydmilj\u00f8, s\u00e5 k\u00f8rekomforten er i top.<\/p>\n<p><strong>Overlegent vintergreb fra en moderne l\u00f8sning med pigge<\/strong><\/p>\n<p>Under udfordrende vinterforhold g\u00f8r sned\u00e6kkede veje det ofte vanskeligt at holde vognbanen og k\u00f8re i sving. Reaktionstid og bremsel\u00e6ngde er vigtige sikkerhedsfaktorer. Nokian Hakkapeliitta 10 SUV's l\u00f8sning med pigge giver mere reaktionstid under vinterforhold takket v\u00e6re f\u00f8rsteklasses snegreb. Alle pigge er placeret ved hj\u00e6lp af avanceret pigteknologi, og de nye stjerneformede pigge er drejet 180 grader i skulderomr\u00e5derne for at ramme vejoverfladen i en optimal vinkel.<\/p>\n<p><strong>Mere holdbarhed og afbalanceret greb til SUV'er<\/strong><\/p>\n<p>Vinterens iskolde, sned\u00e6kkede og glatte veje stiller store krav til SUV'ens vinterd\u00e6k og til f\u00f8reren. SUV'er stiller ogs\u00e5 deres egne krav til vinterd\u00e6k med hensyn til stabilitet og holdbarhed. Det nye Nokia Hakkapeliitta 10 SUV opfylder disse krav. Det st\u00e6rkt laminerede slidbanem\u00f8nster \u00f8ger stabiliteten under k\u00f8rslen, og Aramid Sidewall-teknologien \u00f8ger d\u00e6kkets holdbarhed og hj\u00e6lper med at forhindre dyre og farlige d\u00e6kskader.<\/p>\n<p><strong>Ansvarlig sikkerhed<\/strong><\/p>\n<p>Fra milde vinterdage til frostgrader forbliver Nokias Hakkapeliitta 10 SUV's nye overfladeblanding fleksibel. Et let rullende overfladem\u00f8nster og den opfindsomme brug af r\u00e5materialer g\u00f8r Nokia Hakkapeliitta 10 SUV til et mere ansvarligt valg for bilisten. Nokian Hakkapeliitta 10 SUV har lav rullemodstand, hvilket giver br\u00e6ndstofbesparelser og reducerer skadelige emissioner under k\u00f8rslen.<\/p>\n<p><strong>Stille pigd\u00e6k til SUV'er<\/strong><\/p>\n<p>Det j\u00e6vne og behagelige lydmilj\u00f8 i Nokia Hakkapeliitta 10 SUV \u00f8ger k\u00f8rekomforten, da knopperne er optimalt placeret for at minimere forstyrrende lydb\u00f8lger og forhindre d\u00e6kst\u00f8j i at p\u00e5virke k\u00f8rekomforten.<\/p>\n<p><strong>Bem\u00e6rk.<\/strong><br \/>\nNokia-d\u00e6k kommer direkte fra leverand\u00f8ren til os, normalt dagen efter bestillingen er afgivet.<br \/>\nLagerbeholdningen opdateres ikke automatisk, s\u00e5 vi kontakter dig med det samme, hvis d\u00e6kket af en eller anden grund ikke er tilg\u00e6ngeligt med det samme.<\/p>","protected":false},"featured_media":12572,"comment_status":"open","ping_status":"closed","template":"","meta":[],"product_brand":[],"product_cat":[154,371,128],"product_tag":[301,394,299,300,121,203,321],"class_list":{"0":"post-12553","1":"product","2":"type-product","3":"status-publish","4":"has-post-thumbnail","6":"product_cat-model-y","7":"product_cat-renkaat","8":"product_cat-tesla-tuotteet","9":"product_tag-autonrenkaat","10":"product_tag-nokian-renkaat","11":"product_tag-rengas","12":"product_tag-renkaat","13":"product_tag-tesla","14":"product_tag-tesla-model-y","15":"product_tag-vanteet","16":"product_shipping_class-nouto","18":"first","19":"instock","20":"taxable","21":"shipping-taxable","22":"purchasable","23":"product-type-simple"},"jetpack_sharing_enabled":true,"_links":{"self":[{"href":"https:\/\/www.vempele.fi\/da\/wp-json\/wp\/v2\/product\/12553","targetHints":{"allow":["GET"]}}],"collection":[{"href":"https:\/\/www.vempele.fi\/da\/wp-json\/wp\/v2\/product"}],"about":[{"href":"https:\/\/www.vempele.fi\/da\/wp-json\/wp\/v2\/types\/product"}],"replies":[{"embeddable":true,"href":"https:\/\/www.vempele.fi\/da\/wp-json\/wp\/v2\/comments?post=12553"}],"wp:featuredmedia":[{"embeddable":true,"href":"https:\/\/www.vempele.fi\/da\/wp-json\/wp\/v2\/media\/12572"}],"wp:attachment":[{"href":"https:\/\/www.vempele.fi\/da\/wp-json\/wp\/v2\/media?parent=12553"}],"wp:term":[{"taxonomy":"product_brand","embeddable":true,"href":"https:\/\/www.vempele.fi\/da\/wp-json\/wp\/v2\/product_brand?post=12553"},{"taxonomy":"product_cat","embeddable":true,"href":"https:\/\/www.vempele.fi\/da\/wp-json\/wp\/v2\/product_cat?post=12553"},{"taxonomy":"product_tag","embeddable":true,"href":"https:\/\/www.vempele.fi\/da\/wp-json\/wp\/v2\/product_tag?post=12553"}],"curies":[{"name":"wp","href":"https:\/\/api.w.org\/{rel}","templated":true}]}}