{"id":12554,"date":"2022-08-18T10:26:38","date_gmt":"2022-08-18T07:26:38","guid":{"rendered":"https:\/\/www.vempele.fi\/?post_type=product&#038;p=12554"},"modified":"2025-10-14T11:41:08","modified_gmt":"2025-10-14T08:41:08","slug":"nokia-hakkapeliitta-r5-ev-235-45r18-98t-xl","status":"publish","type":"product","link":"https:\/\/www.vempele.fi\/da\/tuote\/nokia-hakkapeliitta-r5-ev-235-45r18-98t-xl\/","title":{"rendered":"Nokian D\u00e6k Hakkapeliitta R5 EV 235\/45R18 98T XL - Model 3"},"content":{"rendered":"<p>1 stk Nokian-d\u00e6k Hakkapeliitta R5 EV 235\/45R18 98T XL.<\/p>\n<ul>\n<li class=\"single-product__section-title\">EU-d\u00e6km\u00e6rkning<\/li>\n<li>Type: friktionsd\u00e6k<\/li>\n<li>Tommer: 18<\/li>\n<li>Bredde: 235<\/li>\n<li>Profil: 45<\/li>\n<li class=\"single-product__section-title\">Hastighedskategori: 190 km\/t (T)<\/li>\n<li class=\"single-product__section-title\">Belastningskapacitet: 750 kg (98)<\/li>\n<\/ul>","protected":false},"excerpt":{"rendered":"<p class=\"single-product__title\">Nokian D\u00e6k Hakkapeliitta R5 EV 235\/45R18 98T XL.<\/p>\n<p>Friktionsd\u00e6k. Anbefales is\u00e6r til Tesla Model 3.<\/p>\n<p>HELT SIKKER<\/p>\n<p class=\"ewa-rteLine\">Det nye Hakkapeliitta R5 EV er et friktionsd\u00e6k til personbiler, crossovers og SUV'er. Hakkapeliitta R5 EV, der er baseret p\u00e5 milj\u00f8venlig teknologi, sikrer maksimal sikkerhed og komfort for elbiler og hybrider samt \u00f8get r\u00e6kkevidde. Unikke Arctic Grip Crystals-partikler sikrer klassens bedste ydeevne p\u00e5 is. K\u00f8rekomforten sikres med SilentDrive\u2122-teknologi.<\/p>\n<p class=\"ewa-rteLine\">- Ren vintervedligeholdelse og afbalanceret k\u00f8rsel<br \/>\n- Milj\u00f8venlig mobilitet og l\u00e6ngere r\u00e6kkevidde<br \/>\n- Ekstremt lavt st\u00f8jniveau takket v\u00e6re SilentDrive\u2122-teknologi<\/p>\n<p class=\"ewa-rteLine\">REN L\u00c6NGDE<\/p>\n<p class=\"ewa-rteLine\">Vinteren kan v\u00e6re uforudsigelig og farlig, men det b\u00f8r d\u00e6kkene ikke v\u00e6re. Det nye Hakkapeliitta R5 EV er velegnet til alle nordlige vinterforhold. Dets pr\u00e6stationer er forudsigelige p\u00e5 bare, v\u00e5de, isede og sned\u00e6kkede veje. Det nye Double Block Grip-design giver suver\u00e6nt greb og h\u00e5ndtering. Unikke Arctic Grip Crystals-partikler sikrer fremragende pr\u00e6stationer p\u00e5 is. Mikroskopiske partikler fungerer som indbyggede pigge. N\u00e5r d\u00e6kket slides, kommer partiklerne frem og fungerer som en tiltr\u00e6ngt vejgrebsreserve.<\/p>\n<p class=\"ewa-rteLine\">REN STILHED<\/p>\n<p class=\"ewa-rteLine\">Elbiler er mere st\u00f8jsvage end konventionelle biler, og den lave d\u00e6kst\u00f8j g\u00f8r k\u00f8rslen endnu mere behagelig. Lavere st\u00f8jniveauer kan g\u00f8re rejsen mere behagelig og mindre stressende for f\u00f8reren. Det er vigtigt, fordi vi \u00f8nsker at skabe et fredeligt milj\u00f8 for f\u00f8reren inde i bilen og holde st\u00f8jen fra omgivelserne p\u00e5 et minimum. SilentDrive\u2122-teknologien maksimerer komforten. Exceptionelt lave st\u00f8jniveauer opn\u00e5s ved at tilf\u00f8je et lag akustisk skum til d\u00e6kkets inderside. Det nye Silent Touch-overfladem\u00f8nster sikrer den mest behagelige k\u00f8reoplevelse.<\/p>\n<p class=\"ewa-rteLine\">REN MILJ\u00d8VENLIGHED<\/p>\n<p class=\"ewa-rteLine\">Hakkapeliitta R5 EV er designet til at reducere sit CO2-fodaftryk, og det begynder med valget af materialer. Den nye Green Trace-blanding sikrer fremragende vinteregenskaber, h\u00f8jere kilometertal og lav rullemodstand. Rullemodstanden er blevet yderligere reduceret ved at optimere blandingen specifikt til elektriske k\u00f8ret\u00f8jer. Det h\u00f8je indhold af naturgummi holder blandingen fleksibel under alle forhold, mens den lave rullemodstand sparer br\u00e6ndstof og reducerer skadelige emissioner.<\/p>\n<p><strong>Bem\u00e6rk.<\/strong><br \/>\nNokia-d\u00e6k kommer direkte fra leverand\u00f8ren til os, normalt dagen efter bestillingen er afgivet.<br \/>\nLagerbeholdningen opdateres ikke automatisk, s\u00e5 vi kontakter dig med det samme, hvis d\u00e6kket af en eller anden grund ikke er tilg\u00e6ngeligt med det samme.<\/p>","protected":false},"featured_media":12571,"comment_status":"open","ping_status":"closed","template":"","meta":[],"product_brand":[],"product_cat":[151,371,128],"product_tag":[301,394,299,300,121,120,321],"class_list":{"0":"post-12554","1":"product","2":"type-product","3":"status-publish","4":"has-post-thumbnail","6":"product_cat-model-3","7":"product_cat-renkaat","8":"product_cat-tesla-tuotteet","9":"product_tag-autonrenkaat","10":"product_tag-nokian-renkaat","11":"product_tag-rengas","12":"product_tag-renkaat","13":"product_tag-tesla","14":"product_tag-tesla-model-3","15":"product_tag-vanteet","16":"product_shipping_class-nouto","18":"first","19":"instock","20":"taxable","21":"shipping-taxable","22":"purchasable","23":"product-type-simple"},"jetpack_sharing_enabled":true,"_links":{"self":[{"href":"https:\/\/www.vempele.fi\/da\/wp-json\/wp\/v2\/product\/12554","targetHints":{"allow":["GET"]}}],"collection":[{"href":"https:\/\/www.vempele.fi\/da\/wp-json\/wp\/v2\/product"}],"about":[{"href":"https:\/\/www.vempele.fi\/da\/wp-json\/wp\/v2\/types\/product"}],"replies":[{"embeddable":true,"href":"https:\/\/www.vempele.fi\/da\/wp-json\/wp\/v2\/comments?post=12554"}],"wp:featuredmedia":[{"embeddable":true,"href":"https:\/\/www.vempele.fi\/da\/wp-json\/wp\/v2\/media\/12571"}],"wp:attachment":[{"href":"https:\/\/www.vempele.fi\/da\/wp-json\/wp\/v2\/media?parent=12554"}],"wp:term":[{"taxonomy":"product_brand","embeddable":true,"href":"https:\/\/www.vempele.fi\/da\/wp-json\/wp\/v2\/product_brand?post=12554"},{"taxonomy":"product_cat","embeddable":true,"href":"https:\/\/www.vempele.fi\/da\/wp-json\/wp\/v2\/product_cat?post=12554"},{"taxonomy":"product_tag","embeddable":true,"href":"https:\/\/www.vempele.fi\/da\/wp-json\/wp\/v2\/product_tag?post=12554"}],"curies":[{"name":"wp","href":"https:\/\/api.w.org\/{rel}","templated":true}]}}