{"id":12556,"date":"2022-08-18T11:08:01","date_gmt":"2022-08-18T08:08:01","guid":{"rendered":"https:\/\/www.vempele.fi\/?post_type=product&#038;p=12556"},"modified":"2026-01-02T14:27:45","modified_gmt":"2026-01-02T12:27:45","slug":"nokia-hakkapeliitta-r5-235-40r19-96t-xl","status":"publish","type":"product","link":"https:\/\/www.vempele.fi\/da\/tuote\/nokia-hakkapeliitta-r5-235-40r19-96t-xl\/","title":{"rendered":"Nokian D\u00e6k Hakkapeliitta R5 235\/40R19 96T XL - Model 3"},"content":{"rendered":"<p>1 stk Nokian D\u00e6k Hakkapeliitta R5 235\/40R19 96T XL.<\/p>\n<ul>\n<li class=\"single-product__section-title\">EU-d\u00e6km\u00e6rkning<\/li>\n<li>Type: friktionsd\u00e6k<\/li>\n<li>Tommer: 19<\/li>\n<li>Bredde: 235<\/li>\n<li>Profil: 40<\/li>\n<li class=\"single-product__section-title\">Hastighedskategori: 190 km\/t (T)<\/li>\n<li class=\"single-product__section-title\">Belastningskapacitet: 710 kg (96)<\/li>\n<\/ul>","protected":false},"excerpt":{"rendered":"<p class=\"single-product__title\">Nokian D\u00e6k Hakkapeliitta R5 235\/40R19 96T XL.<\/p>\n<p>Friktionsd\u00e6k. Anbefales is\u00e6r til Tesla Model 3.<\/p>\n<p>Hakkapeliitta R5 er et friktionsd\u00e6k til personbiler. Det sikrer kompromisl\u00f8st vejgreb og intelligente k\u00f8reegenskaber hver eneste dag i vinterhalv\u00e5ret. Hakkapeliitta R5 er sikkerhed i sin reneste form: en innovativ kombination af vintergreb, st\u00f8jsvaghed og milj\u00f8venlighed. D\u00e6kkets overlegne vejgreb og k\u00f8reegenskaber er baseret p\u00e5 det nye Double Block Grip-design. De unikke Arctic Grip Crystals-partikler sikrer det bedste isgreb.<\/p>\n<p>- Ren vintervedligeholdelse og afbalanceret k\u00f8rsel<br \/>\n- Overlegen k\u00f8rekomfort og st\u00f8jsvaghed<br \/>\n- Milj\u00f8venlig mobilitet og br\u00e6ndstofbesparelser<\/p>\n<p>REN STILHED<\/p>\n<p>D\u00e6kkets st\u00f8jniveau er en vigtig faktor for k\u00f8rekomforten. Det nye Hakkapeliitta R5 er et friktionsd\u00e6k med en stille, behagelig og stabil lydprofil. Distraherende st\u00f8jtoppe, der kan opfanges af det menneskelige \u00f8re, er blevet elimineret, og det nye Silent Touch-m\u00f8nster har en ny fordeling af m\u00f8nstrede lapper, der giver en komfortabel og behagelig rulleoplevelse.<\/p>\n<p>REN MILJ\u00d8VENLIGHED<\/p>\n<p>Hakkapeliitta R5 er et slidst\u00e6rkt, komfortabelt og meget energieffektivt vinterd\u00e6k. Den lettere rullefunktion sparer br\u00e6ndstof og forl\u00e6nger r\u00e6kkevidden for elektriske k\u00f8ret\u00f8jer. Hakkapeliitta R5 er designet med materialevalg, der reducerer d\u00e6kkets CO2-fodaftryk. D\u00e6kkets fremragende vinteregenskaber, h\u00f8jere kilometertal og lave rullemodstand sikres af den nye Green Trace-blanding. Hakkapeliitta R5's milj\u00f8venlige k\u00f8reegenskaber er baseret p\u00e5 r\u00e5materialer som naturgummi, genbrugsst\u00e5l, vegetabilske olier og fyrretr\u00e6sharpiks. Mere end en tredjedel af den nye gummiblanding er fremstillet af vedvarende og genanvendte materialer.<\/p>\n<p>UFEJLBARLIGT GREB P\u00c5 IS OG OVERLEGNE K\u00d8REEGENSKABER<\/p>\n<div>\n<p>De mikroskopiske Arctic Grip-krystaller, der er blandet i Hakkapeliitta R5's gummioverflade, fungerer som indbyggede pigge og skaber skarpe og holdbare grebskanter i gummiet. N\u00e5r d\u00e6kket slides, kommer partiklerne frem og fungerer som en tiltr\u00e6ngt grebsreserve.<\/p>\n<p>Hakkapeliitta R5's overlegne greb og h\u00e5ndtering er baseret p\u00e5 det nye Double Block Grip-design, som er s\u00e6rligt tydeligt i d\u00e6kkets skulderomr\u00e5der. Den stive r\u00e6kke af m\u00f8nstrede blokke starter i midten og forts\u00e6tter katha mod skulderomr\u00e5derne. 40% har flere m\u00f8nsterblokke i d\u00e6kkets skulder- og mellemomr\u00e5der sammenlignet med forg\u00e6ngeren, hvilket betyder, at der er mere gummi i kontakt med vejoverfladen i kontaktomr\u00e5det. Det betyder, at d\u00e6kkets greb p\u00e5 glatte overflader er forbedret.<\/p>\n<p>PATENTERET SIKKERHED<\/p>\n<p>Den patenterede Winter Safety Indicator (WSI) p\u00e5 slidbanen p\u00e5 Hakkapeliitta R5 \u00f8ger d\u00e6kkets sikkerhed yderligere. Snefnugsymbolet viser den resterende slidbane i millimeter. Symbolet forbliver synligt, indtil der er fire millimeter slidbane tilbage. N\u00e5r snefnugsymbolet er slidt af, anbefales det at k\u00f8be nye vinterd\u00e6k.<\/p>\n<\/div>\n<p><strong>Bem\u00e6rk.<\/strong><br \/>\nNokia-d\u00e6k kommer direkte fra leverand\u00f8ren til os, normalt dagen efter bestillingen er afgivet.<br \/>\nLagerbeholdningen opdateres ikke automatisk, s\u00e5 vi kontakter dig med det samme, hvis d\u00e6kket af en eller anden grund ikke er tilg\u00e6ngeligt med det samme.<\/p>","protected":false},"featured_media":12569,"comment_status":"open","ping_status":"closed","template":"","meta":[],"product_brand":[],"product_cat":[151,371,128],"product_tag":[301,394,299,300,121,120,321],"class_list":{"0":"post-12556","1":"product","2":"type-product","3":"status-publish","4":"has-post-thumbnail","6":"product_cat-model-3","7":"product_cat-renkaat","8":"product_cat-tesla-tuotteet","9":"product_tag-autonrenkaat","10":"product_tag-nokian-renkaat","11":"product_tag-rengas","12":"product_tag-renkaat","13":"product_tag-tesla","14":"product_tag-tesla-model-3","15":"product_tag-vanteet","16":"product_shipping_class-nouto","18":"first","19":"outofstock","20":"sale","21":"taxable","22":"shipping-taxable","23":"purchasable","24":"product-type-simple"},"jetpack_sharing_enabled":true,"_links":{"self":[{"href":"https:\/\/www.vempele.fi\/da\/wp-json\/wp\/v2\/product\/12556","targetHints":{"allow":["GET"]}}],"collection":[{"href":"https:\/\/www.vempele.fi\/da\/wp-json\/wp\/v2\/product"}],"about":[{"href":"https:\/\/www.vempele.fi\/da\/wp-json\/wp\/v2\/types\/product"}],"replies":[{"embeddable":true,"href":"https:\/\/www.vempele.fi\/da\/wp-json\/wp\/v2\/comments?post=12556"}],"wp:featuredmedia":[{"embeddable":true,"href":"https:\/\/www.vempele.fi\/da\/wp-json\/wp\/v2\/media\/12569"}],"wp:attachment":[{"href":"https:\/\/www.vempele.fi\/da\/wp-json\/wp\/v2\/media?parent=12556"}],"wp:term":[{"taxonomy":"product_brand","embeddable":true,"href":"https:\/\/www.vempele.fi\/da\/wp-json\/wp\/v2\/product_brand?post=12556"},{"taxonomy":"product_cat","embeddable":true,"href":"https:\/\/www.vempele.fi\/da\/wp-json\/wp\/v2\/product_cat?post=12556"},{"taxonomy":"product_tag","embeddable":true,"href":"https:\/\/www.vempele.fi\/da\/wp-json\/wp\/v2\/product_tag?post=12556"}],"curies":[{"name":"wp","href":"https:\/\/api.w.org\/{rel}","templated":true}]}}