{"id":12557,"date":"2022-08-18T11:26:10","date_gmt":"2022-08-18T08:26:10","guid":{"rendered":"https:\/\/www.vempele.fi\/?post_type=product&#038;p=12557"},"modified":"2025-11-05T08:37:49","modified_gmt":"2025-11-05T06:37:49","slug":"nokia-hakkapeliitta-10-235-40r19-96t-xl","status":"publish","type":"product","link":"https:\/\/www.vempele.fi\/da\/tuote\/nokia-hakkapeliitta-10-235-40r19-96t-xl\/","title":{"rendered":"Nokian D\u00e6k Hakkapeliitta 10 235\/40R19 96T XL - Model 3"},"content":{"rendered":"<p>1 stk Nokian D\u00e6k Hakkapeliitta 10 235\/40R19 96T XL.<\/p>\n<ul>\n<li class=\"single-product__section-title\">EU-d\u00e6km\u00e6rkning<\/li>\n<li>Type: pigd\u00e6k<\/li>\n<li>Tommer: 19<\/li>\n<li>Bredde: 235<\/li>\n<li>Profil: 40<\/li>\n<li class=\"single-product__section-title\">Hastighedskategori: 190 km\/t (T)<\/li>\n<li class=\"single-product__section-title\">Belastningskapacitet: 710 kg (96)<\/li>\n<\/ul>","protected":false},"excerpt":{"rendered":"<p class=\"single-product__title\">Nokian D\u00e6k Hakkapeliitta 10 235\/40R19 96T XL.<\/p>\n<p>D\u00e6k med pigge. Anbefales is\u00e6r til Tesla Model 3.<\/p>\n<div>\n<p><strong>N\u00e6ste generations sikkerhed<\/strong><\/p>\n<p>- Ekstrem sikkerhed - suver\u00e6nt greb p\u00e5 is og sne<br \/>\n- Stabil og pr\u00e6cis h\u00e5ndtering, selv p\u00e5 bare veje<br \/>\n- Maksimal k\u00f8rekomfort, behageligt lydniveau<br \/>\n- Flere k\u00f8rte kilometer og lavere br\u00e6ndstofforbrug<\/p>\n<p>Det nye Hakkapeliitta 10 pigd\u00e6k fra Nokian giver ro i sindet i den nordlige vinter. Denne n\u00e6ste generation af sikkerhedsvinterd\u00e6k kombinerer milj\u00f8venlighed, k\u00f8rekomfort og suver\u00e6nt vejgreb p\u00e5 sne og is. Nokian Hakkapeliitta 10 bruger Nokian Tyres' dobbelte pigteknologi med centrale pigge til forbedret acceleration og bremsegreb og skulderpigge til maksimalt vejgreb i sving og ved vognbaneskift.Nokian Hakkapeliitta 10 har et nyt grebsm\u00f8nster, der giver stabilitet og vejgreb i sneen, og optimal placering af piggene, der giver et j\u00e6vnt og behageligt lydmilj\u00f8, s\u00e5 k\u00f8rekomforten er i top.<\/p>\n<p><strong>Overlegent vintergreb fra en moderne l\u00f8sning med pigge<\/strong><\/p>\n<p>Under udfordrende vinterforhold g\u00f8r sned\u00e6kkede veje det ofte vanskeligt at holde vognbanen og k\u00f8re i sving. Reaktionstid og bremsel\u00e6ngde er vigtige sikkerhedsfaktorer. Nokian Hakkapeliitta 10's l\u00f8sning med pigge giver mere reaktionstid under vinterforhold takket v\u00e6re det f\u00f8rsteklasses snegreb. Alle pigge er placeret ved hj\u00e6lp af avanceret pigteknologi, og de nye stjerneformede pigge er drejet 180 grader i skulderomr\u00e5derne for at ramme vejoverfladen i en optimal vinkel.<\/p>\n<p><strong>Ekstrem stabilitet og h\u00e5ndterbare k\u00f8reegenskaber<\/strong><\/p>\n<p>Nokian Hakkapeliitta 10's st\u00e6rkt laminerede slidbanem\u00f8nster sikrer en stabil og alsidig pr\u00e6station under varierende vejrforhold p\u00e5 is, sne og strukturerede veje. Den stabilitet, som det st\u00e6rkt laminerede slidbanem\u00f8nster giver, \u00f8ger ogs\u00e5 k\u00f8resikkerheden ved vognbaneskift i sne og sjap.<\/p>\n<p><strong>Let rullende d\u00e6k reducerer skadelige emissioner<\/strong><\/p>\n<p>Fra milde vinterdage til frostgrader forbliver Nokians nye Hakkapeliitta 10-overfladeblanding fleksibel. Et let rullende overfladem\u00f8nster og den opfindsomme brug af r\u00e5materialer g\u00f8r Nokian Hakkapeliitta 10 til et mere ansvarligt valg for bilisten. Nokian Hakkapeliitta 10 har lav rullemodstand, hvilket giver br\u00e6ndstofbesparelser og reducerer skadelige emissioner under k\u00f8rslen.<\/p>\n<p><strong>Lydl\u00f8st pigd\u00e6k<\/strong><\/p>\n<p>Nokian Hakkapeliitta 10's j\u00e6vne og behagelige lydmilj\u00f8 \u00f8ger k\u00f8rekomforten, og knopperne er optimalt placeret for at minimere forstyrrende lydb\u00f8lger og irriterende frekvensspidser. Du kan nyde stille k\u00f8rsel.<\/p>\n<\/div>\n<p><strong>Bem\u00e6rk.<\/strong><br \/>\nNokia-d\u00e6k kommer direkte fra leverand\u00f8ren til os, normalt dagen efter bestillingen er afgivet.<br \/>\nLagerbeholdningen opdateres ikke automatisk, s\u00e5 vi kontakter dig med det samme, hvis d\u00e6kket af en eller anden grund ikke er tilg\u00e6ngeligt med det samme.<\/p>","protected":false},"featured_media":12568,"comment_status":"open","ping_status":"closed","template":"","meta":[],"product_brand":[],"product_cat":[151,371,128],"product_tag":[301,394,299,300,121,120,321],"class_list":{"0":"post-12557","1":"product","2":"type-product","3":"status-publish","4":"has-post-thumbnail","6":"product_cat-model-3","7":"product_cat-renkaat","8":"product_cat-tesla-tuotteet","9":"product_tag-autonrenkaat","10":"product_tag-nokian-renkaat","11":"product_tag-rengas","12":"product_tag-renkaat","13":"product_tag-tesla","14":"product_tag-tesla-model-3","15":"product_tag-vanteet","16":"product_shipping_class-nouto","18":"first","19":"instock","20":"taxable","21":"shipping-taxable","22":"purchasable","23":"product-type-simple"},"jetpack_sharing_enabled":true,"_links":{"self":[{"href":"https:\/\/www.vempele.fi\/da\/wp-json\/wp\/v2\/product\/12557","targetHints":{"allow":["GET"]}}],"collection":[{"href":"https:\/\/www.vempele.fi\/da\/wp-json\/wp\/v2\/product"}],"about":[{"href":"https:\/\/www.vempele.fi\/da\/wp-json\/wp\/v2\/types\/product"}],"replies":[{"embeddable":true,"href":"https:\/\/www.vempele.fi\/da\/wp-json\/wp\/v2\/comments?post=12557"}],"wp:featuredmedia":[{"embeddable":true,"href":"https:\/\/www.vempele.fi\/da\/wp-json\/wp\/v2\/media\/12568"}],"wp:attachment":[{"href":"https:\/\/www.vempele.fi\/da\/wp-json\/wp\/v2\/media?parent=12557"}],"wp:term":[{"taxonomy":"product_brand","embeddable":true,"href":"https:\/\/www.vempele.fi\/da\/wp-json\/wp\/v2\/product_brand?post=12557"},{"taxonomy":"product_cat","embeddable":true,"href":"https:\/\/www.vempele.fi\/da\/wp-json\/wp\/v2\/product_cat?post=12557"},{"taxonomy":"product_tag","embeddable":true,"href":"https:\/\/www.vempele.fi\/da\/wp-json\/wp\/v2\/product_tag?post=12557"}],"curies":[{"name":"wp","href":"https:\/\/api.w.org\/{rel}","templated":true}]}}