{"id":13091,"date":"2022-09-26T08:02:44","date_gmt":"2022-09-26T05:02:44","guid":{"rendered":"https:\/\/www.vempele.fi\/tuote\/nokiahakkapeliitta-r5-ev-255-45r19-104t-xl-copy\/"},"modified":"2023-08-02T15:48:18","modified_gmt":"2023-08-02T12:48:18","slug":"nokiahakkapeliitta-r5-ev-245-50r19-105r-xl","status":"publish","type":"product","link":"https:\/\/www.vempele.fi\/da\/tuote\/nokiahakkapeliitta-r5-ev-245-50r19-105r-xl\/","title":{"rendered":"Nokian D\u00e6k Hakkapeliitta R5 EV 245\/50R19 105R XL - Model Y"},"content":{"rendered":"<p>1 stk Nokian-d\u00e6k Hakkapeliitta R5 EV: 245\/50R19 105R XL.<\/p>\n<ul>\n<li class=\"single-product__section-title\">EU-d\u00e6km\u00e6rkning<\/li>\n<li>Type: friktionsring<\/li>\n<li>Tommer: 19<\/li>\n<li>Bredde: 245<\/li>\n<li>Profil: 50<\/li>\n<li class=\"single-product__section-title\">Hastighedskategori: 170 km\/t (R)<\/li>\n<li class=\"single-product__section-title\">Belastningskapacitet: 850 kg (105)<\/li>\n<\/ul>","protected":false},"excerpt":{"rendered":"<p class=\"single-product__title\">Nokian-d\u00e6k Hakkapeliitta R5 EV: 255\/45R19 104T XL.<\/p>\n<p>Friktionsd\u00e6k.<\/p>\n<p class=\"ewa-rteLine\">Hakkapeliitta R5 EV er et friktionsd\u00e6k til personbiler, crossovers og SUV'er. D\u00e6kkene er velegnede til Tesla Model Y. Hakkapeliitta R5 EV sikrer med sin milj\u00f8venlige teknologi maksimal sikkerhed og komfort for elbiler og hybrider samt en l\u00e6ngere r\u00e6kkevidde. Unikke Arctic Grip Crystals sikrer klassens bedste pr\u00e6stationer p\u00e5 is. K\u00f8rekomforten sikres med SilentDrive\u2122-teknologi.<\/p>\n<p class=\"ewa-rteLine\">- Ren vintervedligeholdelse og afbalanceret k\u00f8rsel<br \/>\n- Milj\u00f8venlig mobilitet og l\u00e6ngere r\u00e6kkevidde<br \/>\n- Ekstremt lavt st\u00f8jniveau takket v\u00e6re SilentDrive\u2122-teknologi<\/p>\n<p><strong>Bem\u00e6rk.<\/strong><br \/>\nNokia-d\u00e6k kommer direkte fra leverand\u00f8ren til os, normalt dagen efter bestillingen er afgivet.<br \/>\nLagerbeholdningen opdateres ikke automatisk, s\u00e5 vi kontakter dig med det samme, hvis d\u00e6kket af en eller anden grund ikke er tilg\u00e6ngeligt med det samme.<\/p>","protected":false},"featured_media":12576,"comment_status":"open","ping_status":"closed","template":"","meta":[],"product_brand":[],"product_cat":[154,371,128],"product_tag":[301,394,299,300,121,203,321],"class_list":{"0":"post-13091","1":"product","2":"type-product","3":"status-publish","4":"has-post-thumbnail","6":"product_cat-model-y","7":"product_cat-renkaat","8":"product_cat-tesla-tuotteet","9":"product_tag-autonrenkaat","10":"product_tag-nokian-renkaat","11":"product_tag-rengas","12":"product_tag-renkaat","13":"product_tag-tesla","14":"product_tag-tesla-model-y","15":"product_tag-vanteet","16":"product_shipping_class-nouto","18":"first","19":"instock","20":"taxable","21":"shipping-taxable","22":"purchasable","23":"product-type-simple"},"jetpack_sharing_enabled":true,"_links":{"self":[{"href":"https:\/\/www.vempele.fi\/da\/wp-json\/wp\/v2\/product\/13091","targetHints":{"allow":["GET"]}}],"collection":[{"href":"https:\/\/www.vempele.fi\/da\/wp-json\/wp\/v2\/product"}],"about":[{"href":"https:\/\/www.vempele.fi\/da\/wp-json\/wp\/v2\/types\/product"}],"replies":[{"embeddable":true,"href":"https:\/\/www.vempele.fi\/da\/wp-json\/wp\/v2\/comments?post=13091"}],"wp:featuredmedia":[{"embeddable":true,"href":"https:\/\/www.vempele.fi\/da\/wp-json\/wp\/v2\/media\/12576"}],"wp:attachment":[{"href":"https:\/\/www.vempele.fi\/da\/wp-json\/wp\/v2\/media?parent=13091"}],"wp:term":[{"taxonomy":"product_brand","embeddable":true,"href":"https:\/\/www.vempele.fi\/da\/wp-json\/wp\/v2\/product_brand?post=13091"},{"taxonomy":"product_cat","embeddable":true,"href":"https:\/\/www.vempele.fi\/da\/wp-json\/wp\/v2\/product_cat?post=13091"},{"taxonomy":"product_tag","embeddable":true,"href":"https:\/\/www.vempele.fi\/da\/wp-json\/wp\/v2\/product_tag?post=13091"}],"curies":[{"name":"wp","href":"https:\/\/api.w.org\/{rel}","templated":true}]}}