{"id":13157,"date":"2022-09-28T11:10:58","date_gmt":"2022-09-28T08:10:58","guid":{"rendered":"https:\/\/www.vempele.fi\/?post_type=product&#038;p=13157"},"modified":"2026-04-10T13:31:08","modified_gmt":"2026-04-10T10:31:08","slug":"tesla-model-3-zax-gforce-satin-black-20x8-5-et35","status":"publish","type":"product","link":"https:\/\/www.vempele.fi\/da\/tuote\/tesla-model-3-zax-gforce-satin-black-20x8-5-et35\/","title":{"rendered":"Tesla Model 3 - Zax GForce Satin Black 20\u00d78.5 ET35"},"content":{"rendered":"<p>Zax GForce Satin Black Rotary smedet f\u00e6lg til Tesla Model 3.<\/p>\n<ul>\n<li>Bredde: 8,5\u2033<\/li>\n<li>F\u00e6lgens diameter: 20\u2033.<\/li>\n<li>Centerhullets diameter: 64,1 mm<\/li>\n<li>Boltfordeling: 5 x 114,3<\/li>\n<li>F\u00e6lgens v\u00e6gt: 11,30 kg<\/li>\n<li>Passer til Performance-modellen<\/li>\n<\/ul>","protected":false},"excerpt":{"rendered":"<p>Zax GForce-f\u00e6lge er h\u00f8jkvalitetsf\u00e6lge, der passer til Tesla. F\u00e6lgene er lettere end Teslas originaler. Kompatible med Teslas centernav.<\/p>\n<p>Prisen er for \u00e9n f\u00e6lg.<\/p>\n<p><strong>Sensorer til f\u00e6lge? <\/strong><\/p>\n<ul>\n<li><a href=\"https:\/\/www.vempele.fi\/da\/product-2\/daektryksensor-autel-tpms-mx-433mhz\/\" target=\"_blank\" rel=\"noopener\">433 MHz TPMS (-&gt;2020) tryksensorer<\/a><\/li>\n<li><a href=\"https:\/\/www.vempele.fi\/da\/product-2\/daektryksensor-tesla-tpms-ble-cub\/\" target=\"_blank\" rel=\"noopener\">BLE TPMS (2021-&gt;) Bluetooth-sensorer<\/a><\/li>\n<\/ul>","protected":false},"featured_media":10283,"comment_status":"open","ping_status":"closed","template":"","meta":[],"product_brand":[],"product_cat":[151,128,372],"product_tag":[301,83,299,300,121,120,321,320,348],"class_list":{"0":"post-13157","1":"product","2":"type-product","3":"status-publish","4":"has-post-thumbnail","6":"product_cat-model-3","7":"product_cat-tesla-tuotteet","8":"product_cat-vanteet","9":"product_tag-autonrenkaat","10":"product_tag-autotarvikkeet","11":"product_tag-rengas","12":"product_tag-renkaat","13":"product_tag-tesla","14":"product_tag-tesla-model-3","15":"product_tag-vanteet","16":"product_tag-zax","17":"product_tag-zax-gforce","18":"product_shipping_class-nouto","20":"first","21":"outofstock","22":"sale","23":"taxable","24":"shipping-taxable","25":"purchasable","26":"product-type-simple"},"jetpack_sharing_enabled":true,"_links":{"self":[{"href":"https:\/\/www.vempele.fi\/da\/wp-json\/wp\/v2\/product\/13157","targetHints":{"allow":["GET"]}}],"collection":[{"href":"https:\/\/www.vempele.fi\/da\/wp-json\/wp\/v2\/product"}],"about":[{"href":"https:\/\/www.vempele.fi\/da\/wp-json\/wp\/v2\/types\/product"}],"replies":[{"embeddable":true,"href":"https:\/\/www.vempele.fi\/da\/wp-json\/wp\/v2\/comments?post=13157"}],"wp:featuredmedia":[{"embeddable":true,"href":"https:\/\/www.vempele.fi\/da\/wp-json\/wp\/v2\/media\/10283"}],"wp:attachment":[{"href":"https:\/\/www.vempele.fi\/da\/wp-json\/wp\/v2\/media?parent=13157"}],"wp:term":[{"taxonomy":"product_brand","embeddable":true,"href":"https:\/\/www.vempele.fi\/da\/wp-json\/wp\/v2\/product_brand?post=13157"},{"taxonomy":"product_cat","embeddable":true,"href":"https:\/\/www.vempele.fi\/da\/wp-json\/wp\/v2\/product_cat?post=13157"},{"taxonomy":"product_tag","embeddable":true,"href":"https:\/\/www.vempele.fi\/da\/wp-json\/wp\/v2\/product_tag?post=13157"}],"curies":[{"name":"wp","href":"https:\/\/api.w.org\/{rel}","templated":true}]}}