{"id":13195,"date":"2022-09-30T07:19:16","date_gmt":"2022-09-30T04:19:16","guid":{"rendered":"https:\/\/www.vempele.fi\/?post_type=product&#038;p=13195"},"modified":"2023-06-14T15:16:51","modified_gmt":"2023-06-14T12:16:51","slug":"montering-og-afbalancering-af-faelge-og-montering-af-sensorer","status":"publish","type":"product","link":"https:\/\/www.vempele.fi\/da\/tuote\/vanteille-asennus-ja-tasapainotus-seka-antureiden-asennus\/","title":{"rendered":"Montering og afbalancering af hjul og installation af sensorer"},"content":{"rendered":"<p>Vi monterer tryksensorer p\u00e5 f\u00e6lgene og d\u00e6kkene p\u00e5 f\u00e6lgene og afbalancerer dem.<\/p>\n<p><strong>BEM\u00c6RK! Hvis du k\u00f8ber b\u00e5de d\u00e6k og f\u00e6lge hos os, monterer og afbalancerer vi dem gratis for dig. I dette tilf\u00e6lde beh\u00f8ver du ikke at k\u00f8be servicen separat.<\/strong><\/p>","protected":false},"excerpt":{"rendered":"<p>Vi monterer tryksensorer p\u00e5 f\u00e6lgene og d\u00e6kkene p\u00e5 f\u00e6lgene og afbalancerer dem.<\/p>\n<p><strong>BEM\u00c6RK! Hvis du k\u00f8ber b\u00e5de d\u00e6k og f\u00e6lge hos os, monterer og afbalancerer vi dem gratis for dig. I dette tilf\u00e6lde beh\u00f8ver du ikke at k\u00f8be servicen separat.<\/strong><\/p>","protected":false},"featured_media":15671,"comment_status":"open","ping_status":"closed","template":"","meta":[],"product_brand":[],"product_cat":[371,372],"product_tag":[],"class_list":{"0":"post-13195","1":"product","2":"type-product","3":"status-publish","4":"has-post-thumbnail","6":"product_cat-renkaat","7":"product_cat-vanteet","9":"first","10":"instock","11":"taxable","12":"shipping-taxable","13":"purchasable","14":"product-type-simple"},"jetpack_sharing_enabled":true,"_links":{"self":[{"href":"https:\/\/www.vempele.fi\/da\/wp-json\/wp\/v2\/product\/13195","targetHints":{"allow":["GET"]}}],"collection":[{"href":"https:\/\/www.vempele.fi\/da\/wp-json\/wp\/v2\/product"}],"about":[{"href":"https:\/\/www.vempele.fi\/da\/wp-json\/wp\/v2\/types\/product"}],"replies":[{"embeddable":true,"href":"https:\/\/www.vempele.fi\/da\/wp-json\/wp\/v2\/comments?post=13195"}],"wp:featuredmedia":[{"embeddable":true,"href":"https:\/\/www.vempele.fi\/da\/wp-json\/wp\/v2\/media\/15671"}],"wp:attachment":[{"href":"https:\/\/www.vempele.fi\/da\/wp-json\/wp\/v2\/media?parent=13195"}],"wp:term":[{"taxonomy":"product_brand","embeddable":true,"href":"https:\/\/www.vempele.fi\/da\/wp-json\/wp\/v2\/product_brand?post=13195"},{"taxonomy":"product_cat","embeddable":true,"href":"https:\/\/www.vempele.fi\/da\/wp-json\/wp\/v2\/product_cat?post=13195"},{"taxonomy":"product_tag","embeddable":true,"href":"https:\/\/www.vempele.fi\/da\/wp-json\/wp\/v2\/product_tag?post=13195"}],"curies":[{"name":"wp","href":"https:\/\/api.w.org\/{rel}","templated":true}]}}