{"id":13242,"date":"2022-10-04T13:49:43","date_gmt":"2022-10-04T10:49:43","guid":{"rendered":"https:\/\/www.vempele.fi\/?post_type=product&#038;p=13242"},"modified":"2026-04-13T22:41:03","modified_gmt":"2026-04-13T19:41:03","slug":"model-s-reparationssaet-til-viskerblade","status":"publish","type":"product","link":"https:\/\/www.vempele.fi\/da\/tuote\/model-s-pyyhkijanvivuston-korjaussetti\/","title":{"rendered":"Reparationss\u00e6t til viskerblade - Tesla Model S"},"content":{"rendered":"<p>Reparationss\u00e6t til viskerblade<\/p>\n<p>Detaljerede installationsinstruktioner kan findes p\u00e5 YouTube: <a href=\"https:\/\/youtu.be\/vzVVdpPBwjc\">https:\/\/youtu.be\/vzVVdpPBwjc<\/a><\/p>\n<ul>\n<li style=\"list-style-type: none;\">\n<ul>\n<li>Producent: nekko Oy<\/li>\n<li>Designet til: Tesla Model S<\/li>\n<li>Nem installation<\/li>\n<li>Materialer: holdbare aluminiumbronzeb\u00f8sninger af h\u00f8j kvalitet og monteringsv\u00e6rkt\u00f8j af jern<\/li>\n<li>Fremstillet i Finland!<\/li>\n<\/ul>\n<\/li>\n<\/ul>","protected":false},"excerpt":{"rendered":"<p>Hjemmesiden for Tesla Model S-viskerblade er af d\u00e5rlig kvalitet. Delene er tilb\u00f8jelige til at blive slidt, s\u00e5 viskerbladet bliver l\u00f8st og i v\u00e6rste fald begynder at gnide mod motorhjelmen.<\/p>\n<p>Med dette reparationss\u00e6t fra Nekko Oy kan du reparere et allerede l\u00f8st viskerblad, s\u00e5 det bliver bedre end nyt. Det er en god id\u00e9 at k\u00f8be og udskifte dit reparationss\u00e6t til viskerblade, f\u00f8r symptomerne udvikler sig, s\u00e5 du undg\u00e5r dyre konsekvenser.<\/p>","protected":false},"featured_media":13265,"comment_status":"open","ping_status":"closed","template":"","meta":[],"product_brand":[],"product_cat":[152,453,484,374,128,473],"product_tag":[83,406,405,195,122],"class_list":{"0":"post-13242","1":"product","2":"type-product","3":"status-publish","4":"has-post-thumbnail","6":"product_cat-model-s","7":"product_cat-ms-tarvikkeet","8":"product_cat-tarvikkeet-ulkopuolelle-model-s","9":"product_cat-tesla-tarvikkeet","10":"product_cat-tesla-tuotteet","11":"product_cat-varaosat-model-s","12":"product_tag-autotarvikkeet","13":"product_tag-korjaus","14":"product_tag-pyyhkijanvivusto","15":"product_tag-pyyhkijat","16":"product_tag-tesla-model-s","18":"first","19":"instock","20":"taxable","21":"shipping-taxable","22":"purchasable","23":"product-type-variable"},"jetpack_sharing_enabled":true,"_links":{"self":[{"href":"https:\/\/www.vempele.fi\/da\/wp-json\/wp\/v2\/product\/13242","targetHints":{"allow":["GET"]}}],"collection":[{"href":"https:\/\/www.vempele.fi\/da\/wp-json\/wp\/v2\/product"}],"about":[{"href":"https:\/\/www.vempele.fi\/da\/wp-json\/wp\/v2\/types\/product"}],"replies":[{"embeddable":true,"href":"https:\/\/www.vempele.fi\/da\/wp-json\/wp\/v2\/comments?post=13242"}],"wp:featuredmedia":[{"embeddable":true,"href":"https:\/\/www.vempele.fi\/da\/wp-json\/wp\/v2\/media\/13265"}],"wp:attachment":[{"href":"https:\/\/www.vempele.fi\/da\/wp-json\/wp\/v2\/media?parent=13242"}],"wp:term":[{"taxonomy":"product_brand","embeddable":true,"href":"https:\/\/www.vempele.fi\/da\/wp-json\/wp\/v2\/product_brand?post=13242"},{"taxonomy":"product_cat","embeddable":true,"href":"https:\/\/www.vempele.fi\/da\/wp-json\/wp\/v2\/product_cat?post=13242"},{"taxonomy":"product_tag","embeddable":true,"href":"https:\/\/www.vempele.fi\/da\/wp-json\/wp\/v2\/product_tag?post=13242"}],"curies":[{"name":"wp","href":"https:\/\/api.w.org\/{rel}","templated":true}]}}