{"id":13317,"date":"2022-10-07T15:29:50","date_gmt":"2022-10-07T12:29:50","guid":{"rendered":"https:\/\/www.vempele.fi\/?post_type=product&#038;p=13317"},"modified":"2026-04-17T15:21:13","modified_gmt":"2026-04-17T12:21:13","slug":"tesla-model-y-dortaetninger","status":"publish","type":"product","link":"https:\/\/www.vempele.fi\/da\/tuote\/tesla-model-y-ovitiivisteet\/","title":{"rendered":"D\u00f8rpakninger - Tesla Model Y"},"content":{"rendered":"<p>D\u00f8rpakninger - Tesla Model Y<\/p>\n<ul>\n<li>\u00a0Kompatibilitet:\n<ul>\n<li>Tesla Model Y 2020 - 2024<\/li>\n<li>Tesla Model Y Juniper 2025 -&gt;.<\/li>\n<\/ul>\n<\/li>\n<li>Farve: sort<\/li>\n<li>Fremstillingsland: Kina<\/li>\n<\/ul>","protected":false},"excerpt":{"rendered":"<p><strong>Indeholder nu ogs\u00e5 for- og bagd\u00f8rst\u00e6tninger!<\/strong><\/p>\n<p>D\u00f8rpakninger til Tesla Model Y. T\u00e6tningerne giver en vis st\u00f8jreduktion, men deres vigtigste funktion er at holde d\u00f8re og karme rene for snavs.<\/p>\n<p>Pakningerne er markeret med deres monteringspunkter.<\/p>\n<p>Pakket med d\u00f8rt\u00e6tninger til hver af de fire d\u00f8re samt for- og bagd\u00f8r!<\/p>\n<p>Produktet har en kl\u00e6bende overflade. Husk at reng\u00f8re og t\u00f8rre den overflade, der skal installeres, f\u00f8r installationen. Det er ogs\u00e5 vigtigt at tage h\u00f8jde for installationstemperaturen for at sikre, at fugemassen h\u00e6fter s\u00e5 godt som muligt.<\/p>\n<p>Se <a href=\"https:\/\/www.youtube.com\/watch?v=Jvv4K57nh8I\" target=\"_blank\" rel=\"noopener\">Her<\/a> video om installation af t\u00e6tninger!<\/p>","protected":false},"featured_media":25991,"comment_status":"open","ping_status":"closed","template":"","meta":[],"product_brand":[],"product_cat":[154,455,482,128],"product_tag":[83,271,121,578],"class_list":{"0":"post-13317","1":"product","2":"type-product","3":"status-publish","4":"has-post-thumbnail","6":"product_cat-model-y","7":"product_cat-my-tarvikkeet","8":"product_cat-tarvikkeet-sisapuolelle-model-y","9":"product_cat-tesla-tuotteet","10":"product_tag-autotarvikkeet","11":"product_tag-model-y","12":"product_tag-tesla","13":"product_tag-tiivisteet","15":"first","16":"instock","17":"taxable","18":"shipping-taxable","19":"purchasable","20":"product-type-simple"},"jetpack_sharing_enabled":true,"_links":{"self":[{"href":"https:\/\/www.vempele.fi\/da\/wp-json\/wp\/v2\/product\/13317","targetHints":{"allow":["GET"]}}],"collection":[{"href":"https:\/\/www.vempele.fi\/da\/wp-json\/wp\/v2\/product"}],"about":[{"href":"https:\/\/www.vempele.fi\/da\/wp-json\/wp\/v2\/types\/product"}],"replies":[{"embeddable":true,"href":"https:\/\/www.vempele.fi\/da\/wp-json\/wp\/v2\/comments?post=13317"}],"wp:featuredmedia":[{"embeddable":true,"href":"https:\/\/www.vempele.fi\/da\/wp-json\/wp\/v2\/media\/25991"}],"wp:attachment":[{"href":"https:\/\/www.vempele.fi\/da\/wp-json\/wp\/v2\/media?parent=13317"}],"wp:term":[{"taxonomy":"product_brand","embeddable":true,"href":"https:\/\/www.vempele.fi\/da\/wp-json\/wp\/v2\/product_brand?post=13317"},{"taxonomy":"product_cat","embeddable":true,"href":"https:\/\/www.vempele.fi\/da\/wp-json\/wp\/v2\/product_cat?post=13317"},{"taxonomy":"product_tag","embeddable":true,"href":"https:\/\/www.vempele.fi\/da\/wp-json\/wp\/v2\/product_tag?post=13317"}],"curies":[{"name":"wp","href":"https:\/\/api.w.org\/{rel}","templated":true}]}}