{"id":13855,"date":"2022-10-24T18:15:44","date_gmt":"2022-10-24T15:15:44","guid":{"rendered":"https:\/\/www.vempele.fi\/tuote\/frigus-ev-ice-3-245-45r19-102v-for-tesla-model-s-copy\/"},"modified":"2026-03-21T21:44:43","modified_gmt":"2026-03-21T19:44:43","slug":"frigus-ev-ice-3-255-45r20-105h-til-tesla-model-x","status":"publish","type":"product","link":"https:\/\/www.vempele.fi\/da\/tuote\/frigus-ev-ice-3-255-45r20-105h-for-tesla-model-x\/","title":{"rendered":"FRIGUS EV ICE 3 255\/45R20 105H til Tesla Model X"},"content":{"rendered":"<p>FRIGUS EV ICE 3 er en nordisk serie af d\u00e6k, der er designet til elektriske k\u00f8ret\u00f8jer. D\u00e6kket er ideelt til vinterk\u00f8rsel p\u00e5 is og sne. D\u00e6kket fjerner vand\/mudder j\u00e6vnt, hvilket reducerer risikoen for at sidde fast i mudderet. D\u00e6kkets slidbane er lavet af bl\u00f8dt naturgummi og er meget modstandsdygtig over for slitage og efterlader mindre d\u00e6kst\u00f8v i milj\u00f8et end mange af dets konkurrenter. D\u00e6kkets sidev\u00e6gge er stivere end andre nordiske friktionsd\u00e6k, hvilket forbedrer k\u00f8refornemmelsen, is\u00e6r p\u00e5 en kraftig elbil.<\/p>\n<p>&nbsp;<\/p>\n<p>Et d\u00e6k kan v\u00e6re produceret for mere end 3, men mindre end 5 \u00e5r siden. D\u00e6kket er dog blevet opbevaret korrekt og er s\u00e5 godt som nyt.<\/p>\n<p>&nbsp;<\/p>","protected":false},"excerpt":{"rendered":"<p>Type 255\/50R20 Vinter, Tesla Model X ford\u00e6k i forskudt s\u00e6t<\/p>\n<ul>\n<li>Bredde: 255<\/li>\n<li>Profilforhold: 50<\/li>\n<li>F\u00e6lgens diameter: 20<\/li>\n<li>Belastningsindeks: 105 (maks. 925 kg)<\/li>\n<li>V\u00e6gt: 14,10 kg<\/li>\n<\/ul>\n<p>Pris for et d\u00e6k.<\/p>","protected":false},"featured_media":8689,"comment_status":"open","ping_status":"closed","template":"","meta":[],"product_brand":[],"product_cat":[153,371,128],"product_tag":[301,83,303,299,300,302,121,203],"class_list":{"0":"post-13855","1":"product","2":"type-product","3":"status-publish","4":"has-post-thumbnail","6":"product_cat-model-x","7":"product_cat-renkaat","8":"product_cat-tesla-tuotteet","9":"product_tag-autonrenkaat","10":"product_tag-autotarvikkeet","11":"product_tag-frigus","12":"product_tag-rengas","13":"product_tag-renkaat","14":"product_tag-talvirenkaat","15":"product_tag-tesla","16":"product_tag-tesla-model-y","17":"product_shipping_class-nouto","19":"first","20":"instock","21":"sale","22":"taxable","23":"shipping-taxable","24":"purchasable","25":"product-type-simple"},"jetpack_sharing_enabled":true,"_links":{"self":[{"href":"https:\/\/www.vempele.fi\/da\/wp-json\/wp\/v2\/product\/13855","targetHints":{"allow":["GET"]}}],"collection":[{"href":"https:\/\/www.vempele.fi\/da\/wp-json\/wp\/v2\/product"}],"about":[{"href":"https:\/\/www.vempele.fi\/da\/wp-json\/wp\/v2\/types\/product"}],"replies":[{"embeddable":true,"href":"https:\/\/www.vempele.fi\/da\/wp-json\/wp\/v2\/comments?post=13855"}],"wp:featuredmedia":[{"embeddable":true,"href":"https:\/\/www.vempele.fi\/da\/wp-json\/wp\/v2\/media\/8689"}],"wp:attachment":[{"href":"https:\/\/www.vempele.fi\/da\/wp-json\/wp\/v2\/media?parent=13855"}],"wp:term":[{"taxonomy":"product_brand","embeddable":true,"href":"https:\/\/www.vempele.fi\/da\/wp-json\/wp\/v2\/product_brand?post=13855"},{"taxonomy":"product_cat","embeddable":true,"href":"https:\/\/www.vempele.fi\/da\/wp-json\/wp\/v2\/product_cat?post=13855"},{"taxonomy":"product_tag","embeddable":true,"href":"https:\/\/www.vempele.fi\/da\/wp-json\/wp\/v2\/product_tag?post=13855"}],"curies":[{"name":"wp","href":"https:\/\/api.w.org\/{rel}","templated":true}]}}