{"id":14191,"date":"2022-11-08T12:18:18","date_gmt":"2022-11-08T10:18:18","guid":{"rendered":"https:\/\/www.vempele.fi\/tuote\/tesla-model-3-latauspistokkeen-silikonisuoja-copy\/"},"modified":"2026-04-16T16:36:57","modified_gmt":"2026-04-16T13:36:57","slug":"beskyttelseshaette-til-ladestik","status":"publish","type":"product","link":"https:\/\/www.vempele.fi\/da\/tuote\/latauspistokkeen-suojahuppu\/","title":{"rendered":"Beskyttelsesh\u00e6tte til opladningsstik"},"content":{"rendered":"<p>Vandt\u00e6t beskyttelsesh\u00e6tte til opladningsstikket. Designet til at beskytte omr\u00e5det omkring opladningsporten p\u00e5 et elektrisk k\u00f8ret\u00f8j. Fastg\u00f8res til bilen med en magnet, der bliver p\u00e5 plads og danner en t\u00e6t forsegling. Praktiske snore i den ene ende af h\u00e6tten beskytter opladeren mod regn og vind.<br \/>\nProduktet kan nemt rulles sammen p\u00e5 meget lidt plads.<\/p>\n<ul>\n<li>St\u00f8rrelse i udsl\u00e5et tilstand: ca. 45 x 43 cm<\/li>\n<li>I pakken: 1 stk. beskyttelsesh\u00e6tte til opladningsstik<\/li>\n<\/ul>","protected":false},"excerpt":{"rendered":"<p>Vandt\u00e6t beskyttelsesh\u00e6tte til opladningsstikket. Beskytter mod st\u00f8v, sne, is, vand osv. S\u00e6rligt nyttig om vinteren for at beskytte opladningsporten mod sne.<br \/>\nHoldbar beskyttelse, der sidder godt fast takket v\u00e6re magneten.<\/p>","protected":false},"featured_media":14194,"comment_status":"open","ping_status":"closed","template":"","meta":[],"product_brand":[],"product_cat":[151,154,452,455,481,483,128],"product_tag":[83,410,156,271,411,412,121],"class_list":{"0":"post-14191","1":"product","2":"type-product","3":"status-publish","4":"has-post-thumbnail","6":"product_cat-model-3","7":"product_cat-model-y","8":"product_cat-m3-tarvikkeet","9":"product_cat-my-tarvikkeet","10":"product_cat-tarvikkeet-ulkopuolelle-model-3","11":"product_cat-tarvikkeet-ulkopuolelle-model-y","12":"product_cat-tesla-tuotteet","13":"product_tag-autotarvikkeet","14":"product_tag-latauspistoke","15":"product_tag-model-3","16":"product_tag-model-y","17":"product_tag-suoja","18":"product_tag-suojahuppu","19":"product_tag-tesla","21":"first","22":"instock","23":"taxable","24":"shipping-taxable","25":"purchasable","26":"product-type-simple"},"jetpack_sharing_enabled":true,"_links":{"self":[{"href":"https:\/\/www.vempele.fi\/da\/wp-json\/wp\/v2\/product\/14191","targetHints":{"allow":["GET"]}}],"collection":[{"href":"https:\/\/www.vempele.fi\/da\/wp-json\/wp\/v2\/product"}],"about":[{"href":"https:\/\/www.vempele.fi\/da\/wp-json\/wp\/v2\/types\/product"}],"replies":[{"embeddable":true,"href":"https:\/\/www.vempele.fi\/da\/wp-json\/wp\/v2\/comments?post=14191"}],"wp:featuredmedia":[{"embeddable":true,"href":"https:\/\/www.vempele.fi\/da\/wp-json\/wp\/v2\/media\/14194"}],"wp:attachment":[{"href":"https:\/\/www.vempele.fi\/da\/wp-json\/wp\/v2\/media?parent=14191"}],"wp:term":[{"taxonomy":"product_brand","embeddable":true,"href":"https:\/\/www.vempele.fi\/da\/wp-json\/wp\/v2\/product_brand?post=14191"},{"taxonomy":"product_cat","embeddable":true,"href":"https:\/\/www.vempele.fi\/da\/wp-json\/wp\/v2\/product_cat?post=14191"},{"taxonomy":"product_tag","embeddable":true,"href":"https:\/\/www.vempele.fi\/da\/wp-json\/wp\/v2\/product_tag?post=14191"}],"curies":[{"name":"wp","href":"https:\/\/api.w.org\/{rel}","templated":true}]}}