{"id":14219,"date":"2022-11-09T11:24:04","date_gmt":"2022-11-09T09:24:04","guid":{"rendered":"https:\/\/www.vempele.fi\/?post_type=product&#038;p=14219"},"modified":"2026-02-08T20:40:00","modified_gmt":"2026-02-08T18:40:00","slug":"rengoringssaet-til-biler","status":"publish","type":"product","link":"https:\/\/www.vempele.fi\/da\/tuote\/auton-puhdistustarvikesetti\/","title":{"rendered":"Reng\u00f8ringss\u00e6t til bilen"},"content":{"rendered":"<p>Dette er et alt-i-et-bilreng\u00f8ringss\u00e6t! En bred vifte af reng\u00f8ringstilbeh\u00f8r til forskellige dele af din bil. Let at opbevare i den medf\u00f8lgende taske, s\u00e5 de er beskyttet, n\u00e5r de ikke er i brug. Dette s\u00e6t i \u00e9t stykke indeholder:<\/p>\n<ul>\n<li>En slidst\u00e6rk taske, der kan b\u00e6re alt<\/li>\n<li>Mikrofiberklud ca. 30 x 69 cm<\/li>\n<li>Mikrofibre p\u00e5 et gel\u00e6nder<\/li>\n<li>Badeb\u00f8rste<\/li>\n<li>Indvendig reng\u00f8ring<\/li>\n<li>Lille b\u00f8rste med rensemiddel ogs\u00e5 velegnet til luftventiler<\/li>\n<li>T\u00f8rrebelastning<\/li>\n<\/ul>\n<p>Selve opbevaringsposen m\u00e5ler ca. 30 x 20 x 10 cm.<\/p>\n<p>Navn: Reng\u00f8ringss\u00e6t til biler<\/p>","protected":false},"excerpt":{"rendered":"<p>Alt-i-et-bilreng\u00f8ringss\u00e6t med praktisk opbevaringstaske!<\/p>\n<p>Indeholder 6 forskellige produkter og en praktisk opbevaringspose.<\/p>","protected":false},"featured_media":14220,"comment_status":"open","ping_status":"closed","template":"","meta":[],"product_brand":[],"product_cat":[272],"product_tag":[279,280,413,290],"class_list":{"0":"post-14219","1":"product","2":"type-product","3":"status-publish","4":"has-post-thumbnail","6":"product_cat-autonhoitotuotteet","7":"product_tag-autonhoito","8":"product_tag-autonpuhdistus","9":"product_tag-mikrokuitu","10":"product_tag-puhdistusharja","12":"first","13":"instock","14":"sale","15":"taxable","16":"shipping-taxable","17":"purchasable","18":"product-type-simple"},"jetpack_sharing_enabled":true,"_links":{"self":[{"href":"https:\/\/www.vempele.fi\/da\/wp-json\/wp\/v2\/product\/14219","targetHints":{"allow":["GET"]}}],"collection":[{"href":"https:\/\/www.vempele.fi\/da\/wp-json\/wp\/v2\/product"}],"about":[{"href":"https:\/\/www.vempele.fi\/da\/wp-json\/wp\/v2\/types\/product"}],"replies":[{"embeddable":true,"href":"https:\/\/www.vempele.fi\/da\/wp-json\/wp\/v2\/comments?post=14219"}],"wp:featuredmedia":[{"embeddable":true,"href":"https:\/\/www.vempele.fi\/da\/wp-json\/wp\/v2\/media\/14220"}],"wp:attachment":[{"href":"https:\/\/www.vempele.fi\/da\/wp-json\/wp\/v2\/media?parent=14219"}],"wp:term":[{"taxonomy":"product_brand","embeddable":true,"href":"https:\/\/www.vempele.fi\/da\/wp-json\/wp\/v2\/product_brand?post=14219"},{"taxonomy":"product_cat","embeddable":true,"href":"https:\/\/www.vempele.fi\/da\/wp-json\/wp\/v2\/product_cat?post=14219"},{"taxonomy":"product_tag","embeddable":true,"href":"https:\/\/www.vempele.fi\/da\/wp-json\/wp\/v2\/product_tag?post=14219"}],"curies":[{"name":"wp","href":"https:\/\/api.w.org\/{rel}","templated":true}]}}