{"id":14223,"date":"2022-11-09T13:29:43","date_gmt":"2022-11-09T11:29:43","guid":{"rendered":"https:\/\/www.vempele.fi\/?post_type=product&#038;p=14223"},"modified":"2026-04-10T10:41:52","modified_gmt":"2026-04-10T07:41:52","slug":"saedebeskyttelse-med-lommer","status":"publish","type":"product","link":"https:\/\/www.vempele.fi\/da\/tuote\/istuinsuoja-taskuilla\/","title":{"rendered":"S\u00e6debeskyttelse med lommer"},"content":{"rendered":"<p>S\u00e6debeskytter med lommer. Materialet er slidst\u00e6rkt stof med kunstl\u00e6derforst\u00e6rkede hj\u00f8rner.<\/p>\n<p>Denne universelle s\u00e6debeskytter med lommer til h\u00e5rdt brug. Beskytter effektivt bilens originale indtr\u00e6k. Holder sig godt p\u00e5 plads takket v\u00e6re klappen, der glider mellem s\u00e6det og nakkest\u00f8tten. Produktet er ogs\u00e5 hurtigt at installere og kan hurtigt fjernes fra vejen, hvis det er n\u00f8dvendigt. S\u00e6debetr\u00e6kket kan foldes mange gange og fylder derfor meget lidt, n\u00e5r det opbevares et andet sted.<\/p>\n<ul>\n<li>St\u00f8rrelse i \u00e5ben tilstand: 120 x 47 cm (ca.)<\/li>\n<li>1 stk. s\u00e6deovertr\u00e6k i pakken<\/li>\n<\/ul>\n<p>&nbsp;<\/p>","protected":false},"excerpt":{"rendered":"<p>S\u00e6debeskytter med lommer. Materialet er slidst\u00e6rkt stof med kunstl\u00e6derforst\u00e6rkede hj\u00f8rner.<\/p>\n<p>Et uundv\u00e6rligt produkt under f.eks. et barnes\u00e6de! De to netlommer foran p\u00e5 s\u00e6debetr\u00e6kket er praktiske til opbevaring af ting til b\u00f8rnepasning.<\/p>","protected":false},"featured_media":24877,"comment_status":"open","ping_status":"closed","template":"","meta":[],"product_brand":[],"product_cat":[151,152,153,154,452,453,454,455,480,485,487,482,128],"product_tag":[83,488,411,121],"class_list":{"0":"post-14223","1":"product","2":"type-product","3":"status-publish","4":"has-post-thumbnail","6":"product_cat-model-3","7":"product_cat-model-s","8":"product_cat-model-x","9":"product_cat-model-y","10":"product_cat-m3-tarvikkeet","11":"product_cat-ms-tarvikkeet","12":"product_cat-mx-tarvikkeet","13":"product_cat-my-tarvikkeet","14":"product_cat-tarvikkeet-sisapuolelle-model-3","15":"product_cat-tarvikkeet-sisapuolelle-model-s","16":"product_cat-tarvikkeet-sisapuolelle-model-x","17":"product_cat-tarvikkeet-sisapuolelle-model-y","18":"product_cat-tesla-tuotteet","19":"product_tag-autotarvikkeet","20":"product_tag-istuinsuoja","21":"product_tag-suoja","22":"product_tag-tesla","24":"first","25":"outofstock","26":"taxable","27":"shipping-taxable","28":"purchasable","29":"product-type-simple"},"jetpack_sharing_enabled":true,"_links":{"self":[{"href":"https:\/\/www.vempele.fi\/da\/wp-json\/wp\/v2\/product\/14223","targetHints":{"allow":["GET"]}}],"collection":[{"href":"https:\/\/www.vempele.fi\/da\/wp-json\/wp\/v2\/product"}],"about":[{"href":"https:\/\/www.vempele.fi\/da\/wp-json\/wp\/v2\/types\/product"}],"replies":[{"embeddable":true,"href":"https:\/\/www.vempele.fi\/da\/wp-json\/wp\/v2\/comments?post=14223"}],"wp:featuredmedia":[{"embeddable":true,"href":"https:\/\/www.vempele.fi\/da\/wp-json\/wp\/v2\/media\/24877"}],"wp:attachment":[{"href":"https:\/\/www.vempele.fi\/da\/wp-json\/wp\/v2\/media?parent=14223"}],"wp:term":[{"taxonomy":"product_brand","embeddable":true,"href":"https:\/\/www.vempele.fi\/da\/wp-json\/wp\/v2\/product_brand?post=14223"},{"taxonomy":"product_cat","embeddable":true,"href":"https:\/\/www.vempele.fi\/da\/wp-json\/wp\/v2\/product_cat?post=14223"},{"taxonomy":"product_tag","embeddable":true,"href":"https:\/\/www.vempele.fi\/da\/wp-json\/wp\/v2\/product_tag?post=14223"}],"curies":[{"name":"wp","href":"https:\/\/api.w.org\/{rel}","templated":true}]}}