{"id":14299,"date":"2022-11-14T14:12:44","date_gmt":"2022-11-14T12:12:44","guid":{"rendered":"https:\/\/www.vempele.fi\/?post_type=product&#038;p=14299"},"modified":"2026-04-15T22:06:54","modified_gmt":"2026-04-15T19:06:54","slug":"en-bakke-der-skal-placeres-pa-hjulet","status":"publish","type":"product","link":"https:\/\/www.vempele.fi\/da\/tuote\/rattiin-laitettava-tarjotin\/","title":{"rendered":"Bakke til placering ved rattet"},"content":{"rendered":"<p>En praktisk og p\u00e6n bakke, der er nem at montere p\u00e5 hjulet.<\/p>\n<p>Tekniske specifikationer:<\/p>\n<ul>\n<li>Farve: sort<\/li>\n<li>Egnethed:\n<ul>\n<li>Model Y 2020 - 2024<\/li>\n<li>Model 3 Pre-Refresh vm. 2019 - 2021<\/li>\n<li>Model 3 Refresh vm. 2021 - 2023<\/li>\n<\/ul>\n<\/li>\n<li>Materiale: ABS<\/li>\n<li>Udvendige m\u00e5l: 42 x 28 x 2 cm<\/li>\n<li>V\u00e6gt: ca. 550 g<\/li>\n<\/ul>","protected":false},"excerpt":{"rendered":"<p>En praktisk og p\u00e6n bakke, som er nem at s\u00e6tte p\u00e5 hjulet. Produktet er dobbeltsidet med fordybninger p\u00e5 den ene side til m\u00e5ltider, og den anden side er lidt fladere og har plads til en kuglepen.<\/p>","protected":false},"featured_media":14314,"comment_status":"open","ping_status":"closed","template":"","meta":[],"product_brand":[],"product_cat":[151,152,153,154,452,453,454,455,480,485,487,482,128],"product_tag":[156,172,173,271,415,416,239,121],"class_list":{"0":"post-14299","1":"product","2":"type-product","3":"status-publish","4":"has-post-thumbnail","6":"product_cat-model-3","7":"product_cat-model-s","8":"product_cat-model-x","9":"product_cat-model-y","10":"product_cat-m3-tarvikkeet","11":"product_cat-ms-tarvikkeet","12":"product_cat-mx-tarvikkeet","13":"product_cat-my-tarvikkeet","14":"product_cat-tarvikkeet-sisapuolelle-model-3","15":"product_cat-tarvikkeet-sisapuolelle-model-s","16":"product_cat-tarvikkeet-sisapuolelle-model-x","17":"product_cat-tarvikkeet-sisapuolelle-model-y","18":"product_cat-tesla-tuotteet","19":"product_tag-model-3","20":"product_tag-model-s","21":"product_tag-model-x","22":"product_tag-model-y","23":"product_tag-ratti","24":"product_tag-rattitarjotin","25":"product_tag-tarjotin","26":"product_tag-tesla","28":"first","29":"instock","30":"taxable","31":"shipping-taxable","32":"purchasable","33":"product-type-simple"},"jetpack_sharing_enabled":true,"_links":{"self":[{"href":"https:\/\/www.vempele.fi\/da\/wp-json\/wp\/v2\/product\/14299","targetHints":{"allow":["GET"]}}],"collection":[{"href":"https:\/\/www.vempele.fi\/da\/wp-json\/wp\/v2\/product"}],"about":[{"href":"https:\/\/www.vempele.fi\/da\/wp-json\/wp\/v2\/types\/product"}],"replies":[{"embeddable":true,"href":"https:\/\/www.vempele.fi\/da\/wp-json\/wp\/v2\/comments?post=14299"}],"wp:featuredmedia":[{"embeddable":true,"href":"https:\/\/www.vempele.fi\/da\/wp-json\/wp\/v2\/media\/14314"}],"wp:attachment":[{"href":"https:\/\/www.vempele.fi\/da\/wp-json\/wp\/v2\/media?parent=14299"}],"wp:term":[{"taxonomy":"product_brand","embeddable":true,"href":"https:\/\/www.vempele.fi\/da\/wp-json\/wp\/v2\/product_brand?post=14299"},{"taxonomy":"product_cat","embeddable":true,"href":"https:\/\/www.vempele.fi\/da\/wp-json\/wp\/v2\/product_cat?post=14299"},{"taxonomy":"product_tag","embeddable":true,"href":"https:\/\/www.vempele.fi\/da\/wp-json\/wp\/v2\/product_tag?post=14299"}],"curies":[{"name":"wp","href":"https:\/\/api.w.org\/{rel}","templated":true}]}}