{"id":14641,"date":"2022-12-01T13:15:45","date_gmt":"2022-12-01T11:15:45","guid":{"rendered":"https:\/\/www.vempele.fi\/?post_type=product&#038;p=14641"},"modified":"2023-03-30T23:27:19","modified_gmt":"2023-03-30T20:27:19","slug":"tesla-model-3-skalamodel","status":"publish","type":"product","link":"https:\/\/www.vempele.fi\/da\/tuote\/tesla-model-3-pienoismalli\/","title":{"rendered":"Tesla Model 3 - Miniaturemodel"},"content":{"rendered":"<p>Tesla Model 3 skalamodel.<\/p>\n<p>Funktioner:<\/p>\n<ul>\n<li>Farver: r\u00f8d, bl\u00e5, sort og hvid.<\/li>\n<li>Lys og lyde drives af 3 x 1,5v AG13-batterier. <strong>BEM\u00c6RK! <\/strong>Batterier er ikke inkluderet i pakken.<\/li>\n<li>\u00c5bning af hovedd\u00f8re<\/li>\n<li>Oph\u00e6ngning<\/li>\n<li>M\u00e5l: l\u00e6ngde 15 x bredde 6,4 x h\u00f8jde 4,8 cm<\/li>\n<li>V\u00e6gt: 0,240 kg<\/li>\n<li>Navn: Tesla Model 3 - Leget\u00f8jsbil<\/li>\n<\/ul>","protected":false},"excerpt":{"rendered":"<p>Tesla Model 3 skalamodel.<\/p>\n<p>En skalamodel af den rigtige Tesla Model 3. N\u00e5r man \u00e5bner ford\u00f8rene og tr\u00e6kker tilbage i skalamodellen, f\u00e5r man Tesla-str\u00f8m. Der kr\u00e6ves ingen batterier for at f\u00e5 miniaturen til at fungere, kun lyde. I bunden er der en h\u00f8jttaler, som k\u00f8rer p\u00e5 tre (3x) AG13 1,5V-batterier. Batterier medf\u00f8lger ikke.<\/p>\n<p>F\u00e5s i r\u00f8d, hvid, sort eller bl\u00e5.<\/p>\n<p>Bem\u00e6rk! Anbefales ikke til meget sm\u00e5 b\u00f8rn.<\/p>","protected":false},"featured_media":14683,"comment_status":"open","ping_status":"closed","template":"","meta":[],"product_brand":[],"product_cat":[458,151,128],"product_tag":[267,121],"class_list":{"0":"post-14641","1":"product","2":"type-product","3":"status-publish","4":"has-post-thumbnail","6":"product_cat-lelut-fanituotteet","7":"product_cat-model-3","8":"product_cat-tesla-tuotteet","9":"product_tag-pienoismalli","10":"product_tag-tesla","12":"first","13":"instock","14":"taxable","15":"shipping-taxable","16":"purchasable","17":"product-type-variable"},"jetpack_sharing_enabled":true,"_links":{"self":[{"href":"https:\/\/www.vempele.fi\/da\/wp-json\/wp\/v2\/product\/14641","targetHints":{"allow":["GET"]}}],"collection":[{"href":"https:\/\/www.vempele.fi\/da\/wp-json\/wp\/v2\/product"}],"about":[{"href":"https:\/\/www.vempele.fi\/da\/wp-json\/wp\/v2\/types\/product"}],"replies":[{"embeddable":true,"href":"https:\/\/www.vempele.fi\/da\/wp-json\/wp\/v2\/comments?post=14641"}],"wp:featuredmedia":[{"embeddable":true,"href":"https:\/\/www.vempele.fi\/da\/wp-json\/wp\/v2\/media\/14683"}],"wp:attachment":[{"href":"https:\/\/www.vempele.fi\/da\/wp-json\/wp\/v2\/media?parent=14641"}],"wp:term":[{"taxonomy":"product_brand","embeddable":true,"href":"https:\/\/www.vempele.fi\/da\/wp-json\/wp\/v2\/product_brand?post=14641"},{"taxonomy":"product_cat","embeddable":true,"href":"https:\/\/www.vempele.fi\/da\/wp-json\/wp\/v2\/product_cat?post=14641"},{"taxonomy":"product_tag","embeddable":true,"href":"https:\/\/www.vempele.fi\/da\/wp-json\/wp\/v2\/product_tag?post=14641"}],"curies":[{"name":"wp","href":"https:\/\/api.w.org\/{rel}","templated":true}]}}