{"id":14653,"date":"2025-02-20T13:10:58","date_gmt":"2025-02-20T11:10:58","guid":{"rendered":"https:\/\/www.vempele.fi\/?post_type=product&#038;p=14653"},"modified":"2025-08-13T08:11:08","modified_gmt":"2025-08-13T05:11:08","slug":"luftmadras-til-bil-tesla","status":"publish","type":"product","link":"https:\/\/www.vempele.fi\/da\/tuote\/ilmataytteinen-makuualusta-autoon-tesla\/","title":{"rendered":"Oppusteligt liggeunderlag til bilen"},"content":{"rendered":"<p>Praktisk oppusteligt liggeunderlag til lange rejser og camping.<\/p>\n<p>Pakken indeholder<\/p>\n<ul>\n<li>Luftmadras<\/li>\n<li>To puder<\/li>\n<li>Kat p\u00e5 madras<\/li>\n<li>S\u00e6des\u00e6t<\/li>\n<\/ul>\n<p>Hvis der er et hul i madrassen, skal du klippe et rundt stykke af klisterm\u00e6rket i den rigtige st\u00f8rrelse. S\u00f8rg for, at det omr\u00e5de, der skal repareres, er rent, og s\u00e6t klisterm\u00e6rket p\u00e5. Vent 20 minutter, f\u00f8r du fylder madrassen op igen.<\/p>\n<p>Den reviderede model passer til b\u00e5de Model 3 og Y-modellerne. Se billederne!<\/p>\n<p><strong>BEM\u00c6RK!<br \/>\n<\/strong>Produktet leveres ikke med en pumpe. Vi har separat til salg <a href=\"https:\/\/www.vempele.fi\/da\/product-2\/batteridrevet-campingpumpe-atom\/\">batteridrevet campingpumpe<\/a> egnet til denne madras.<\/p>","protected":false},"excerpt":{"rendered":"<p>Et virkelig behageligt oppusteligt liggeunderlag til bags\u00e6det af bilen. Med denne model kan du sove komfortabelt p\u00e5 vejen, n\u00e5r du vil.<\/p>\n<p>Bem\u00e6rk! kan ogs\u00e5 passe til andre bilmodeller, tjek for kompatibilitet.<\/p>\n<p>Denne nydesignede model har ogs\u00e5 to separate oppustelige puder!<\/p>\n<p>&nbsp;<\/p>\n<p><strong>BEM\u00c6RK!<br \/>\n<\/strong>Produktet leveres ikke med en pumpe. Vi har separat til salg <a href=\"https:\/\/www.vempele.fi\/da\/product-2\/batteridrevet-campingpumpe-atom\/\">batteridrevet campingpumpe<\/a> egnet til denne madras.<\/p>","protected":false},"featured_media":35108,"comment_status":"open","ping_status":"closed","template":"","meta":[],"product_brand":[],"product_cat":[151,154,452,455,480,482,128],"product_tag":[83,309,310,156,271,121],"class_list":{"0":"post-14653","1":"product","2":"type-product","3":"status-publish","4":"has-post-thumbnail","6":"product_cat-model-3","7":"product_cat-model-y","8":"product_cat-m3-tarvikkeet","9":"product_cat-my-tarvikkeet","10":"product_cat-tarvikkeet-sisapuolelle-model-3","11":"product_cat-tarvikkeet-sisapuolelle-model-y","12":"product_cat-tesla-tuotteet","13":"product_tag-autotarvikkeet","14":"product_tag-ilmapatja","15":"product_tag-makuualusta","16":"product_tag-model-3","17":"product_tag-model-y","18":"product_tag-tesla","20":"first","21":"outofstock","22":"taxable","23":"shipping-taxable","24":"purchasable","25":"product-type-simple"},"jetpack_sharing_enabled":true,"_links":{"self":[{"href":"https:\/\/www.vempele.fi\/da\/wp-json\/wp\/v2\/product\/14653","targetHints":{"allow":["GET"]}}],"collection":[{"href":"https:\/\/www.vempele.fi\/da\/wp-json\/wp\/v2\/product"}],"about":[{"href":"https:\/\/www.vempele.fi\/da\/wp-json\/wp\/v2\/types\/product"}],"replies":[{"embeddable":true,"href":"https:\/\/www.vempele.fi\/da\/wp-json\/wp\/v2\/comments?post=14653"}],"wp:featuredmedia":[{"embeddable":true,"href":"https:\/\/www.vempele.fi\/da\/wp-json\/wp\/v2\/media\/35108"}],"wp:attachment":[{"href":"https:\/\/www.vempele.fi\/da\/wp-json\/wp\/v2\/media?parent=14653"}],"wp:term":[{"taxonomy":"product_brand","embeddable":true,"href":"https:\/\/www.vempele.fi\/da\/wp-json\/wp\/v2\/product_brand?post=14653"},{"taxonomy":"product_cat","embeddable":true,"href":"https:\/\/www.vempele.fi\/da\/wp-json\/wp\/v2\/product_cat?post=14653"},{"taxonomy":"product_tag","embeddable":true,"href":"https:\/\/www.vempele.fi\/da\/wp-json\/wp\/v2\/product_tag?post=14653"}],"curies":[{"name":"wp","href":"https:\/\/api.w.org\/{rel}","templated":true}]}}