{"id":14663,"date":"2022-12-02T10:37:20","date_gmt":"2022-12-02T08:37:20","guid":{"rendered":"https:\/\/www.vempele.fi\/?post_type=product&#038;p=14663"},"modified":"2026-04-28T11:35:10","modified_gmt":"2026-04-28T08:35:10","slug":"tesla-stofmaerke","status":"publish","type":"product","link":"https:\/\/www.vempele.fi\/da\/tuote\/tesla-kangasmerkki\/","title":{"rendered":"Tesla stofm\u00e6rke"},"content":{"rendered":"<ul>\n<li>Farve: sort med hvidt broderi<\/li>\n<li>M\u00e5l: (H x L) 9 x 7,5 cm<\/li>\n<li>V\u00e6gt: 5 g<\/li>\n<\/ul>","protected":false},"excerpt":{"rendered":"<p>Sort Tesla-stofbadge med hvidt broderi. Bagsiden har en kl\u00e6bende overflade, s\u00e5 du kan bruge et strygejern til at s\u00e6tte det fast p\u00e5 et tekstil efter eget valg.<\/p>\n<p>Instruktioner til fastg\u00f8relse:<\/p>\n<ul>\n<li>S\u00f8rg for, at tekstilet kan t\u00e5le at blive str\u00f8get<\/li>\n<li>Brug den h\u00f8jest mulige strygetemperatur uden damp<\/li>\n<li>Placer stofmark\u00f8ren, hvor du vil have den p\u00e5 tekstilet, d\u00e6k det med bagepapir, og stryg det fast i ca. 20 sekunder.<\/li>\n<li>Vend eventuelt tekstilet om, og stryg den forkerte side igen.<\/li>\n<li>Lad det k\u00f8le af, og test grebet<\/li>\n<li>Sy et par sting mere rundt om kanterne for at f\u00e5 det bedste hold.<\/li>\n<\/ul>\n<p>Vi anbefaler maskinvask ved 30\u00b0C. Vend tekstilet f\u00f8r vask. Brug ikke t\u00f8rretumbler.<\/p>\n<p>&nbsp;<\/p>\n<p>&nbsp;<\/p>\n<p>&nbsp;<\/p>","protected":false},"featured_media":15065,"comment_status":"open","ping_status":"closed","template":"","meta":[],"product_brand":[],"product_cat":[458,151,152,153,154,457,128],"product_tag":[451,156,172,173,271,121],"class_list":{"0":"post-14663","1":"product","2":"type-product","3":"status-publish","4":"has-post-thumbnail","6":"product_cat-lelut-fanituotteet","7":"product_cat-model-3","8":"product_cat-model-s","9":"product_cat-model-x","10":"product_cat-model-y","11":"product_cat-pukeutuminen","12":"product_cat-tesla-tuotteet","13":"product_tag-kangasmerkki","14":"product_tag-model-3","15":"product_tag-model-s","16":"product_tag-model-x","17":"product_tag-model-y","18":"product_tag-tesla","20":"first","21":"instock","22":"sale","23":"taxable","24":"shipping-taxable","25":"purchasable","26":"product-type-simple"},"jetpack_sharing_enabled":true,"_links":{"self":[{"href":"https:\/\/www.vempele.fi\/da\/wp-json\/wp\/v2\/product\/14663","targetHints":{"allow":["GET"]}}],"collection":[{"href":"https:\/\/www.vempele.fi\/da\/wp-json\/wp\/v2\/product"}],"about":[{"href":"https:\/\/www.vempele.fi\/da\/wp-json\/wp\/v2\/types\/product"}],"replies":[{"embeddable":true,"href":"https:\/\/www.vempele.fi\/da\/wp-json\/wp\/v2\/comments?post=14663"}],"wp:featuredmedia":[{"embeddable":true,"href":"https:\/\/www.vempele.fi\/da\/wp-json\/wp\/v2\/media\/15065"}],"wp:attachment":[{"href":"https:\/\/www.vempele.fi\/da\/wp-json\/wp\/v2\/media?parent=14663"}],"wp:term":[{"taxonomy":"product_brand","embeddable":true,"href":"https:\/\/www.vempele.fi\/da\/wp-json\/wp\/v2\/product_brand?post=14663"},{"taxonomy":"product_cat","embeddable":true,"href":"https:\/\/www.vempele.fi\/da\/wp-json\/wp\/v2\/product_cat?post=14663"},{"taxonomy":"product_tag","embeddable":true,"href":"https:\/\/www.vempele.fi\/da\/wp-json\/wp\/v2\/product_tag?post=14663"}],"curies":[{"name":"wp","href":"https:\/\/api.w.org\/{rel}","templated":true}]}}