{"id":15382,"date":"2023-01-10T13:13:42","date_gmt":"2023-01-10T11:13:42","guid":{"rendered":"https:\/\/www.vempele.fi\/?post_type=product&#038;p=15382"},"modified":"2026-04-10T15:49:45","modified_gmt":"2026-04-10T12:49:45","slug":"tesla-flise-3d-markor","status":"publish","type":"product","link":"https:\/\/www.vempele.fi\/da\/tuote\/tesla-plaid-3d-merkki\/","title":{"rendered":"Tesla PLAID -3D m\u00e6rke"},"content":{"rendered":"<ul>\n<li>Farver: sort med hvide og r\u00f8d\/gule striber<\/li>\n<li>M\u00e5l: (H x L) 11 x 3,1 cm<\/li>\n<li>V\u00e6gt: 45 g<\/li>\n<\/ul>","protected":false},"excerpt":{"rendered":"<p>Tesla PLAID -3D-m\u00e6rke. Metallisk skilt i h\u00f8j kvalitet til dekoration af f.eks. bagklappen. Nem fastg\u00f8relse med velcro. F\u00e5s i to farvekombinationer: sort, hvid og r\u00f8d og sort, hvid og gul.<\/p>\n<p>&nbsp;<\/p>\n<p>&nbsp;<\/p>","protected":false},"featured_media":15384,"comment_status":"open","ping_status":"closed","template":"","meta":[],"product_brand":[],"product_cat":[152,153,453,454,484,486],"product_tag":[462,463,172,173,464,121],"class_list":{"0":"post-15382","1":"product","2":"type-product","3":"status-publish","4":"has-post-thumbnail","6":"product_cat-model-s","7":"product_cat-model-x","8":"product_cat-ms-tarvikkeet","9":"product_cat-mx-tarvikkeet","10":"product_cat-tarvikkeet-ulkopuolelle-model-s","11":"product_cat-tarvikkeet-ulkopuolelle-model-x","12":"product_tag-3d","13":"product_tag-merkki","14":"product_tag-model-s","15":"product_tag-model-x","16":"product_tag-plaid","17":"product_tag-tesla","19":"first","20":"instock","21":"taxable","22":"shipping-taxable","23":"purchasable","24":"product-type-variable"},"jetpack_sharing_enabled":true,"_links":{"self":[{"href":"https:\/\/www.vempele.fi\/da\/wp-json\/wp\/v2\/product\/15382","targetHints":{"allow":["GET"]}}],"collection":[{"href":"https:\/\/www.vempele.fi\/da\/wp-json\/wp\/v2\/product"}],"about":[{"href":"https:\/\/www.vempele.fi\/da\/wp-json\/wp\/v2\/types\/product"}],"replies":[{"embeddable":true,"href":"https:\/\/www.vempele.fi\/da\/wp-json\/wp\/v2\/comments?post=15382"}],"wp:featuredmedia":[{"embeddable":true,"href":"https:\/\/www.vempele.fi\/da\/wp-json\/wp\/v2\/media\/15384"}],"wp:attachment":[{"href":"https:\/\/www.vempele.fi\/da\/wp-json\/wp\/v2\/media?parent=15382"}],"wp:term":[{"taxonomy":"product_brand","embeddable":true,"href":"https:\/\/www.vempele.fi\/da\/wp-json\/wp\/v2\/product_brand?post=15382"},{"taxonomy":"product_cat","embeddable":true,"href":"https:\/\/www.vempele.fi\/da\/wp-json\/wp\/v2\/product_cat?post=15382"},{"taxonomy":"product_tag","embeddable":true,"href":"https:\/\/www.vempele.fi\/da\/wp-json\/wp\/v2\/product_tag?post=15382"}],"curies":[{"name":"wp","href":"https:\/\/api.w.org\/{rel}","templated":true}]}}