{"id":15548,"date":"2022-01-18T11:47:31","date_gmt":"2022-01-18T09:47:31","guid":{"rendered":"https:\/\/www.vempele.fi\/?post_type=product&#038;p=15548"},"modified":"2026-01-26T15:27:59","modified_gmt":"2026-01-26T13:27:59","slug":"leveringsomkostninger","status":"publish","type":"product","link":"https:\/\/www.vempele.fi\/da\/tuote\/toimituskulut\/","title":{"rendered":"Leveringsomkostninger"},"content":{"rendered":"","protected":false},"excerpt":{"rendered":"<p>Du kan bruge dette produkt til at betale leveringsomkostninger, hvis.<\/p>\n<ul>\n<li>du ved en fejl har valgt afhentning i Pirkkala i stedet for levering<\/li>\n<li>du \u00f8nsker en ny levering af en uafhentet ordre, som er blevet returneret til os.<\/li>\n<\/ul>\n<p>Vi v\u00e6lger den billigste leveringsmetode til din ordre, hvilket normalt er en afhentningspakke (Posti eller DB Schenker).<\/p>\n<p>Hvis du \u00f8nsker at \u00e6ndre afhentning til levering, bedes du tilf\u00f8je ordrenummeret p\u00e5 den oprindelige ordre i feltet for yderligere oplysninger under k\u00f8bet. P\u00e5 den m\u00e5de kan vi kombinere leveringsomkostningerne med den korrekte ordre.<\/p>\n<p>&nbsp;<\/p>","protected":false},"featured_media":15549,"comment_status":"closed","ping_status":"closed","template":"","meta":[],"product_brand":[],"product_cat":[15],"product_tag":[467,213,466,212,465],"class_list":{"0":"post-15548","1":"product","2":"type-product","3":"status-publish","4":"has-post-thumbnail","6":"product_cat-kategorisoimaton","7":"product_tag-db-schenker","8":"product_tag-matkahuolto","9":"product_tag-postnord","10":"product_tag-toimitus","11":"product_tag-toimituskulut","12":"product_shipping_class-nouto","14":"first","15":"instock","16":"taxable","17":"shipping-taxable","18":"purchasable","19":"product-type-variable"},"jetpack_sharing_enabled":true,"_links":{"self":[{"href":"https:\/\/www.vempele.fi\/da\/wp-json\/wp\/v2\/product\/15548","targetHints":{"allow":["GET"]}}],"collection":[{"href":"https:\/\/www.vempele.fi\/da\/wp-json\/wp\/v2\/product"}],"about":[{"href":"https:\/\/www.vempele.fi\/da\/wp-json\/wp\/v2\/types\/product"}],"replies":[{"embeddable":true,"href":"https:\/\/www.vempele.fi\/da\/wp-json\/wp\/v2\/comments?post=15548"}],"wp:featuredmedia":[{"embeddable":true,"href":"https:\/\/www.vempele.fi\/da\/wp-json\/wp\/v2\/media\/15549"}],"wp:attachment":[{"href":"https:\/\/www.vempele.fi\/da\/wp-json\/wp\/v2\/media?parent=15548"}],"wp:term":[{"taxonomy":"product_brand","embeddable":true,"href":"https:\/\/www.vempele.fi\/da\/wp-json\/wp\/v2\/product_brand?post=15548"},{"taxonomy":"product_cat","embeddable":true,"href":"https:\/\/www.vempele.fi\/da\/wp-json\/wp\/v2\/product_cat?post=15548"},{"taxonomy":"product_tag","embeddable":true,"href":"https:\/\/www.vempele.fi\/da\/wp-json\/wp\/v2\/product_tag?post=15548"}],"curies":[{"name":"wp","href":"https:\/\/api.w.org\/{rel}","templated":true}]}}