{"id":16083,"date":"2023-03-28T08:41:56","date_gmt":"2023-03-28T05:41:56","guid":{"rendered":"https:\/\/www.vempele.fi\/?post_type=product&#038;p=16083"},"modified":"2026-04-08T12:20:49","modified_gmt":"2026-04-08T09:20:49","slug":"model-y-19-polycaps-til-originale-gemini-faelge","status":"publish","type":"product","link":"https:\/\/www.vempele.fi\/da\/tuote\/model-y-19-polykapselit-alkuperaisille-gemini-vanteille\/","title":{"rendered":"19\u2033 St\u00f8vh\u00e6tter til originale Gemini-hjul - Model Y"},"content":{"rendered":"<p>19\u2033 St\u00f8vh\u00e6tter til originale Gemini-hjul - Model Y<\/p>\n<ul>\n<li>Kompatibilitet: Tesla Model Y 19\u2033 Gemini-f\u00e6lge<\/li>\n<li>Farve: Mat sort<\/li>\n<li>Materiale: ABS<\/li>\n<li>St\u00f8rrelse: 19\u2033<\/li>\n<li>V\u00e6gt: ca. 790 g\/stk.<\/li>\n<li>Pakkens indhold:\n<ul>\n<li>4 x st\u00f8vkapsler (identiske)<\/li>\n<li>Beskyttende tape<\/li>\n<li>4 x logo-klisterm\u00e6rker i midten<\/li>\n<\/ul>\n<\/li>\n<\/ul>","protected":false},"excerpt":{"rendered":"<p>19\u2033 St\u00f8vh\u00e6tter til originale Gemini-hjul - Model Y<\/p>\n<p>St\u00f8vkapsler af slidst\u00e6rkt ABS-plast til de originale Model Y Gemini-hjul.<\/p>\n<p>Leveres med selvkl\u00e6bende centerchips med Tesla-logo.<\/p>\n<p>Den leveres ogs\u00e5 med beskyttelseslister mellem f\u00e6lgene og hjulkapslerne for at beskytte f\u00e6lgene mod ridser.<\/p>\n<p>&nbsp;<\/p>","protected":false},"featured_media":20349,"comment_status":"open","ping_status":"closed","template":"","meta":[],"product_brand":[],"product_cat":[154,455,483,128,456],"product_tag":[83,490,411,121,203],"class_list":{"0":"post-16083","1":"product","2":"type-product","3":"status-publish","4":"has-post-thumbnail","6":"product_cat-model-y","7":"product_cat-my-tarvikkeet","8":"product_cat-tarvikkeet-ulkopuolelle-model-y","9":"product_cat-tesla-tuotteet","10":"product_cat-vannetarvikkeet","11":"product_tag-autotarvikkeet","12":"product_tag-polykapseli","13":"product_tag-suoja","14":"product_tag-tesla","15":"product_tag-tesla-model-y","17":"first","18":"instock","19":"sale","20":"taxable","21":"shipping-taxable","22":"purchasable","23":"product-type-simple"},"jetpack_sharing_enabled":true,"_links":{"self":[{"href":"https:\/\/www.vempele.fi\/da\/wp-json\/wp\/v2\/product\/16083","targetHints":{"allow":["GET"]}}],"collection":[{"href":"https:\/\/www.vempele.fi\/da\/wp-json\/wp\/v2\/product"}],"about":[{"href":"https:\/\/www.vempele.fi\/da\/wp-json\/wp\/v2\/types\/product"}],"replies":[{"embeddable":true,"href":"https:\/\/www.vempele.fi\/da\/wp-json\/wp\/v2\/comments?post=16083"}],"wp:featuredmedia":[{"embeddable":true,"href":"https:\/\/www.vempele.fi\/da\/wp-json\/wp\/v2\/media\/20349"}],"wp:attachment":[{"href":"https:\/\/www.vempele.fi\/da\/wp-json\/wp\/v2\/media?parent=16083"}],"wp:term":[{"taxonomy":"product_brand","embeddable":true,"href":"https:\/\/www.vempele.fi\/da\/wp-json\/wp\/v2\/product_brand?post=16083"},{"taxonomy":"product_cat","embeddable":true,"href":"https:\/\/www.vempele.fi\/da\/wp-json\/wp\/v2\/product_cat?post=16083"},{"taxonomy":"product_tag","embeddable":true,"href":"https:\/\/www.vempele.fi\/da\/wp-json\/wp\/v2\/product_tag?post=16083"}],"curies":[{"name":"wp","href":"https:\/\/api.w.org\/{rel}","templated":true}]}}