{"id":16403,"date":"2023-02-16T10:01:25","date_gmt":"2023-02-16T08:01:25","guid":{"rendered":"https:\/\/www.vempele.fi\/?post_type=product&#038;p=16403"},"modified":"2026-01-08T23:06:15","modified_gmt":"2026-01-08T21:06:15","slug":"tesla-model-s-krumtaphus","status":"publish","type":"product","link":"https:\/\/www.vempele.fi\/da\/tuote\/tesla-model-s-kuralapat\/","title":{"rendered":"Genveje - Tesla Model S 2023 -&gt;."},"content":{"rendered":"<p>Gash\u00e5ndtagsbeskyttere til Tesla Model S-modeller fra 2023 og fremefter. Pakken indeholder 4 stk. sk\u00e6rme (for og bag p\u00e5 begge sider) og de n\u00f8dvendige monteringsnitter med stift og metalclips.<\/p>\n<p><strong>Mere information<\/strong><\/p>\n<ul>\n<li>Egnethed: til Tesla Model S\n<ul>\n<li>2023 Fremadrettet<\/li>\n<\/ul>\n<\/li>\n<li>Materiale: ABS-plast<\/li>\n<li>Farve: sort<\/li>\n<li>Inkluderet i pakken:\n<ul>\n<li>4 x gash\u00e5ndtag, komplet s\u00e6t<\/li>\n<li>Reparation af behov<\/li>\n<\/ul>\n<\/li>\n<\/ul>","protected":false},"excerpt":{"rendered":"<p>Mark\u00f8rknapper til Tesla Model S-modeller fra 2022 og fremefter. Pakken indeholder 4 stk. gasspj\u00e6ldshuse, for og bag.<\/p>\n<p>Du kan bruge de eksisterende plastindsatser til det indvendige d\u00e6ksel eller de medf\u00f8lgende fastg\u00f8relsesskruer. Denne model beh\u00f8ver ikke at blive boret separat i inderbekl\u00e6dningen, kun de eksisterende huller bruges.<\/p>\n<p>Vi anbefaler at bruge PPF-strips til at beskytte bilens lakoverflade (medf\u00f8lger ikke).<\/p>\n<p><strong>Bem\u00e6rk! Dette produkt er ikke egnet til Tesla Model S fremstillet f\u00f8r 2023.<\/strong><\/p>","protected":false},"featured_media":16406,"comment_status":"open","ping_status":"closed","template":"","meta":[],"product_brand":[],"product_cat":[152,453,484,128],"product_tag":[83,270,172,121],"class_list":{"0":"post-16403","1":"product","2":"type-product","3":"status-publish","4":"has-post-thumbnail","6":"product_cat-model-s","7":"product_cat-ms-tarvikkeet","8":"product_cat-tarvikkeet-ulkopuolelle-model-s","9":"product_cat-tesla-tuotteet","10":"product_tag-autotarvikkeet","11":"product_tag-kuralapat","12":"product_tag-model-s","13":"product_tag-tesla","15":"first","16":"outofstock","17":"taxable","18":"shipping-taxable","19":"purchasable","20":"product-type-simple"},"jetpack_sharing_enabled":true,"_links":{"self":[{"href":"https:\/\/www.vempele.fi\/da\/wp-json\/wp\/v2\/product\/16403","targetHints":{"allow":["GET"]}}],"collection":[{"href":"https:\/\/www.vempele.fi\/da\/wp-json\/wp\/v2\/product"}],"about":[{"href":"https:\/\/www.vempele.fi\/da\/wp-json\/wp\/v2\/types\/product"}],"replies":[{"embeddable":true,"href":"https:\/\/www.vempele.fi\/da\/wp-json\/wp\/v2\/comments?post=16403"}],"wp:featuredmedia":[{"embeddable":true,"href":"https:\/\/www.vempele.fi\/da\/wp-json\/wp\/v2\/media\/16406"}],"wp:attachment":[{"href":"https:\/\/www.vempele.fi\/da\/wp-json\/wp\/v2\/media?parent=16403"}],"wp:term":[{"taxonomy":"product_brand","embeddable":true,"href":"https:\/\/www.vempele.fi\/da\/wp-json\/wp\/v2\/product_brand?post=16403"},{"taxonomy":"product_cat","embeddable":true,"href":"https:\/\/www.vempele.fi\/da\/wp-json\/wp\/v2\/product_cat?post=16403"},{"taxonomy":"product_tag","embeddable":true,"href":"https:\/\/www.vempele.fi\/da\/wp-json\/wp\/v2\/product_tag?post=16403"}],"curies":[{"name":"wp","href":"https:\/\/api.w.org\/{rel}","templated":true}]}}