{"id":16586,"date":"2023-02-23T11:10:44","date_gmt":"2023-02-23T09:10:44","guid":{"rendered":"https:\/\/www.vempele.fi\/?post_type=product&#038;p=16586"},"modified":"2026-03-17T12:07:13","modified_gmt":"2026-03-17T10:07:13","slug":"tesla-model-x-s-zax-ynx-gloss-gunmetal-20x9-et35","status":"publish","type":"product","link":"https:\/\/www.vempele.fi\/da\/tuote\/tesla-model-x-s-zax-ynx-gloss-gunmetal-20x9-et35\/","title":{"rendered":"Zax YNX Gloss Gunmetal 20\u00d79 ET35 - Model S (-&gt; 2021 -&gt;), Model X (-&gt; 2021 -&gt;)"},"content":{"rendered":"<p>Zax YNX Gloss Gunmetal-f\u00e6lg til Tesla Model X og S.<\/p>\n<ul>\n<li>Bredde: 9\u2033<\/li>\n<li>F\u00e6lgens diameter: 20\u2033.<\/li>\n<li>Centerhullets diameter: 64,1 mm<\/li>\n<li>Boltfordeling: 5 x 120<\/li>\n<li>F\u00e6lgens v\u00e6gt: 13,8 kg<\/li>\n<li><a href=\"https:\/\/www.vempele.fi\/da\/product-2\/tesla-model-x-s-zax-ynx-gloss-gunmetal-20x10-et35\/\">Staggerede baghjul her<\/a><\/li>\n<\/ul>","protected":false},"excerpt":{"rendered":"<p>Zax YNX-f\u00e6lge er h\u00f8jkvalitetsf\u00e6lge, der passer til Tesla. F\u00e6lgene er lettere end Teslas originale. Kompatible med Teslas centernav.<\/p>\n<p>Prisen er for \u00e9n f\u00e6lg.<\/p>\n<p><strong>Sensorer til f\u00e6lge? <\/strong><\/p>\n<ul>\n<li><a href=\"https:\/\/www.vempele.fi\/da\/product-2\/daektryksensor-autel-tpms-mx-433mhz\/\" target=\"_blank\" rel=\"noopener\">433 MHz TPMS (-&gt;2020) tryksensorer<\/a><\/li>\n<li><a href=\"https:\/\/www.vempele.fi\/da\/product-2\/daektryksensor-tesla-tpms-ble-cub\/\" target=\"_blank\" rel=\"noopener\">BLE TPMS (2021-&gt;) Bluetooth-sensorer<\/a><\/li>\n<\/ul>","protected":false},"featured_media":16599,"comment_status":"open","ping_status":"closed","template":"","meta":[],"product_brand":[],"product_cat":[152,153,128,372],"product_tag":[301,83,299,300,121,122,123,321,320,403],"class_list":{"0":"post-16586","1":"product","2":"type-product","3":"status-publish","4":"has-post-thumbnail","6":"product_cat-model-s","7":"product_cat-model-x","8":"product_cat-tesla-tuotteet","9":"product_cat-vanteet","10":"product_tag-autonrenkaat","11":"product_tag-autotarvikkeet","12":"product_tag-rengas","13":"product_tag-renkaat","14":"product_tag-tesla","15":"product_tag-tesla-model-s","16":"product_tag-tesla-model-x","17":"product_tag-vanteet","18":"product_tag-zax","19":"product_tag-zax-ynx","20":"product_shipping_class-nouto","22":"first","23":"instock","24":"sale","25":"taxable","26":"shipping-taxable","27":"purchasable","28":"product-type-simple"},"jetpack_sharing_enabled":true,"_links":{"self":[{"href":"https:\/\/www.vempele.fi\/da\/wp-json\/wp\/v2\/product\/16586","targetHints":{"allow":["GET"]}}],"collection":[{"href":"https:\/\/www.vempele.fi\/da\/wp-json\/wp\/v2\/product"}],"about":[{"href":"https:\/\/www.vempele.fi\/da\/wp-json\/wp\/v2\/types\/product"}],"replies":[{"embeddable":true,"href":"https:\/\/www.vempele.fi\/da\/wp-json\/wp\/v2\/comments?post=16586"}],"wp:featuredmedia":[{"embeddable":true,"href":"https:\/\/www.vempele.fi\/da\/wp-json\/wp\/v2\/media\/16599"}],"wp:attachment":[{"href":"https:\/\/www.vempele.fi\/da\/wp-json\/wp\/v2\/media?parent=16586"}],"wp:term":[{"taxonomy":"product_brand","embeddable":true,"href":"https:\/\/www.vempele.fi\/da\/wp-json\/wp\/v2\/product_brand?post=16586"},{"taxonomy":"product_cat","embeddable":true,"href":"https:\/\/www.vempele.fi\/da\/wp-json\/wp\/v2\/product_cat?post=16586"},{"taxonomy":"product_tag","embeddable":true,"href":"https:\/\/www.vempele.fi\/da\/wp-json\/wp\/v2\/product_tag?post=16586"}],"curies":[{"name":"wp","href":"https:\/\/api.w.org\/{rel}","templated":true}]}}