{"id":16617,"date":"2023-02-24T10:29:34","date_gmt":"2023-02-24T08:29:34","guid":{"rendered":"https:\/\/www.vempele.fi\/?post_type=product&#038;p=16617"},"modified":"2024-06-12T16:21:31","modified_gmt":"2024-06-12T13:21:31","slug":"model-x-foraksel-ovre-stottearm-venstre-side","status":"publish","type":"product","link":"https:\/\/www.vempele.fi\/da\/tuote\/model-x-etuakselin-ylatukivarsi-vasen-puoli\/","title":{"rendered":"Model X - Forakslens \u00f8verste st\u00f8ttearm, venstre side"},"content":{"rendered":"<p>OE-numre leveret af producenten:<br \/>\n1027322-00-D<br \/>\n1027322-00-E<\/p>\n<p>Egnethed:<br \/>\nModel X - 2016 - 2020<\/p>\n<p>Materiale: presset st\u00e5l<br \/>\nV\u00e6gt: ca. 2,9 kg<\/p>","protected":false},"excerpt":{"rendered":"<p>Tilbeh\u00f8r til forakslens \u00f8vre st\u00f8ttearm, venstre side. Passer til Model X.<\/p>\n<p>If\u00f8lge producenten er dette en forbedret version af OE-st\u00f8ttearmen.<\/p>","protected":false},"featured_media":16644,"comment_status":"open","ping_status":"closed","template":"","meta":[],"product_brand":[],"product_cat":[153,474],"product_tag":[173,121,476,319],"class_list":{"0":"post-16617","1":"product","2":"type-product","3":"status-publish","4":"has-post-thumbnail","6":"product_cat-model-x","7":"product_cat-varaosat-model-x","8":"product_tag-model-x","9":"product_tag-tesla","10":"product_tag-tukivarsi","11":"product_tag-varaosat","13":"first","14":"outofstock","15":"taxable","16":"shipping-taxable","17":"purchasable","18":"product-type-simple"},"jetpack_sharing_enabled":true,"_links":{"self":[{"href":"https:\/\/www.vempele.fi\/da\/wp-json\/wp\/v2\/product\/16617","targetHints":{"allow":["GET"]}}],"collection":[{"href":"https:\/\/www.vempele.fi\/da\/wp-json\/wp\/v2\/product"}],"about":[{"href":"https:\/\/www.vempele.fi\/da\/wp-json\/wp\/v2\/types\/product"}],"replies":[{"embeddable":true,"href":"https:\/\/www.vempele.fi\/da\/wp-json\/wp\/v2\/comments?post=16617"}],"wp:featuredmedia":[{"embeddable":true,"href":"https:\/\/www.vempele.fi\/da\/wp-json\/wp\/v2\/media\/16644"}],"wp:attachment":[{"href":"https:\/\/www.vempele.fi\/da\/wp-json\/wp\/v2\/media?parent=16617"}],"wp:term":[{"taxonomy":"product_brand","embeddable":true,"href":"https:\/\/www.vempele.fi\/da\/wp-json\/wp\/v2\/product_brand?post=16617"},{"taxonomy":"product_cat","embeddable":true,"href":"https:\/\/www.vempele.fi\/da\/wp-json\/wp\/v2\/product_cat?post=16617"},{"taxonomy":"product_tag","embeddable":true,"href":"https:\/\/www.vempele.fi\/da\/wp-json\/wp\/v2\/product_tag?post=16617"}],"curies":[{"name":"wp","href":"https:\/\/api.w.org\/{rel}","templated":true}]}}