{"id":17264,"date":"2023-03-24T14:59:13","date_gmt":"2023-03-24T12:59:13","guid":{"rendered":"https:\/\/www.vempele.fi\/?post_type=product&#038;p=17264"},"modified":"2026-04-07T12:08:22","modified_gmt":"2026-04-07T09:08:22","slug":"tesla-model-y-frunk-accessory-box","status":"publish","type":"product","link":"https:\/\/www.vempele.fi\/da\/tuote\/tesla-model-y-frunk-tarvikelaatikko\/","title":{"rendered":"Frunks tilbeh\u00f8rskasse - Tesla Model Y"},"content":{"rendered":"<p>Frunks tilbeh\u00f8rskasse - Tesla Model Y<\/p>\n<ul>\n<li>Materiale: ABS-plast<\/li>\n<li>Farve: Sort<\/li>\n<li>M\u00e5l: 86 x 39 x 16,5 cm (maksimale m\u00e5l)<\/li>\n<li>V\u00e6gt: 2,4 kg<\/li>\n<li>Egnethed:\n<ul>\n<li>Tesla Model Y 2020 - 2024<\/li>\n<\/ul>\n<\/li>\n<\/ul>","protected":false},"excerpt":{"rendered":"<p>Tesla Model Y - tilbeh\u00f8rsboks til bagagerummet i det forreste opbevaringsrum. Tilbeh\u00f8rsboksen hj\u00e6lper dig med at holde styr p\u00e5 tingene i bagagerummet. Fremstillet af superst\u00e6rk ABS-plast, der holder formen selv under tung belastning. Passer perfekt!<\/p>\n<p>Trolleyen har seks rum til ting af forskellig st\u00f8rrelse. Takket v\u00e6re det dybe design kan du f.eks. transportere v\u00e6sker uden at bekymre dig om at spilde dem.<\/p>","protected":false},"featured_media":17447,"comment_status":"open","ping_status":"closed","template":"","meta":[],"product_brand":[],"product_cat":[408,154,455,482,128],"product_tag":[83,503,557,271,121],"class_list":{"0":"post-17264","1":"product","2":"type-product","3":"status-publish","4":"has-post-thumbnail","6":"product_cat-matot-model-y","7":"product_cat-model-y","8":"product_cat-my-tarvikkeet","9":"product_cat-tarvikkeet-sisapuolelle-model-y","10":"product_cat-tesla-tuotteet","11":"product_tag-autotarvikkeet","12":"product_tag-frunk","13":"product_tag-lokero","14":"product_tag-model-y","15":"product_tag-tesla","16":"product_shipping_class-nouto","18":"first","19":"instock","20":"sale","21":"taxable","22":"shipping-taxable","23":"purchasable","24":"product-type-simple"},"jetpack_sharing_enabled":true,"_links":{"self":[{"href":"https:\/\/www.vempele.fi\/da\/wp-json\/wp\/v2\/product\/17264","targetHints":{"allow":["GET"]}}],"collection":[{"href":"https:\/\/www.vempele.fi\/da\/wp-json\/wp\/v2\/product"}],"about":[{"href":"https:\/\/www.vempele.fi\/da\/wp-json\/wp\/v2\/types\/product"}],"replies":[{"embeddable":true,"href":"https:\/\/www.vempele.fi\/da\/wp-json\/wp\/v2\/comments?post=17264"}],"wp:featuredmedia":[{"embeddable":true,"href":"https:\/\/www.vempele.fi\/da\/wp-json\/wp\/v2\/media\/17447"}],"wp:attachment":[{"href":"https:\/\/www.vempele.fi\/da\/wp-json\/wp\/v2\/media?parent=17264"}],"wp:term":[{"taxonomy":"product_brand","embeddable":true,"href":"https:\/\/www.vempele.fi\/da\/wp-json\/wp\/v2\/product_brand?post=17264"},{"taxonomy":"product_cat","embeddable":true,"href":"https:\/\/www.vempele.fi\/da\/wp-json\/wp\/v2\/product_cat?post=17264"},{"taxonomy":"product_tag","embeddable":true,"href":"https:\/\/www.vempele.fi\/da\/wp-json\/wp\/v2\/product_tag?post=17264"}],"curies":[{"name":"wp","href":"https:\/\/api.w.org\/{rel}","templated":true}]}}