{"id":17700,"date":"2023-04-03T16:10:14","date_gmt":"2023-04-03T13:10:14","guid":{"rendered":"https:\/\/www.vempele.fi\/?post_type=product&#038;p=17700"},"modified":"2026-04-19T10:05:32","modified_gmt":"2026-04-19T07:05:32","slug":"casino-indeslutningskasse-tesla-model-3-y-2021","status":"publish","type":"product","link":"https:\/\/www.vempele.fi\/da\/tuote\/kasinojan-sailytyslaatikko-tesla-model-3-y-2021\/","title":{"rendered":"Opbevaringsboks til arml\u00e6n - Tesla Model 3 \/ Y"},"content":{"rendered":"<p>Opbevaringsboks til arml\u00e6n - Tesla Model 3 \/ Y<\/p>\n<p><strong>Tekniske specifikationer:<\/strong><\/p>\n<ul>\n<li>Egnethed:\n<ul>\n<li>Model Y 2020 - 2024<\/li>\n<li>Model 3 Refresh vm. 2021 - 2023<\/li>\n<\/ul>\n<\/li>\n<li>Farve: sort<\/li>\n<li>Materiale: ABS, nylon<\/li>\n<\/ul>","protected":false},"excerpt":{"rendered":"<p>Opbevaringsboks til arml\u00e6n til Tesla Model 3\/Y. Den \u00f8verste del af det h\u00f8je opbevaringsrum kan udnyttes med en praktisk opbevaringsboks til mindre rum. Se det tredje billede for monteringsstedet.<\/p>\n<p>Du kan opbevare m\u00f8nter og andre sm\u00e5ting p\u00e6nt i de forskellige rum. Opbevaringsboksen i plast er belagt med en bl\u00f8d overflade, der f\u00f8les behagelig i h\u00e5nden.<\/p>","protected":false},"featured_media":31453,"comment_status":"open","ping_status":"closed","template":"","meta":[],"product_brand":[],"product_cat":[151,154,452,455,480,482,128],"product_tag":[237,156,271,570,121,238],"class_list":{"0":"post-17700","1":"product","2":"type-product","3":"status-publish","4":"has-post-thumbnail","6":"product_cat-model-3","7":"product_cat-model-y","8":"product_cat-m3-tarvikkeet","9":"product_cat-my-tarvikkeet","10":"product_cat-tarvikkeet-sisapuolelle-model-3","11":"product_cat-tarvikkeet-sisapuolelle-model-y","12":"product_cat-tesla-tuotteet","13":"product_tag-keskikonsoli","14":"product_tag-model-3","15":"product_tag-model-y","16":"product_tag-refresh","17":"product_tag-tesla","18":"product_tag-varastosailio","20":"first","21":"outofstock","22":"taxable","23":"shipping-taxable","24":"purchasable","25":"product-type-simple"},"jetpack_sharing_enabled":true,"_links":{"self":[{"href":"https:\/\/www.vempele.fi\/da\/wp-json\/wp\/v2\/product\/17700","targetHints":{"allow":["GET"]}}],"collection":[{"href":"https:\/\/www.vempele.fi\/da\/wp-json\/wp\/v2\/product"}],"about":[{"href":"https:\/\/www.vempele.fi\/da\/wp-json\/wp\/v2\/types\/product"}],"replies":[{"embeddable":true,"href":"https:\/\/www.vempele.fi\/da\/wp-json\/wp\/v2\/comments?post=17700"}],"wp:featuredmedia":[{"embeddable":true,"href":"https:\/\/www.vempele.fi\/da\/wp-json\/wp\/v2\/media\/31453"}],"wp:attachment":[{"href":"https:\/\/www.vempele.fi\/da\/wp-json\/wp\/v2\/media?parent=17700"}],"wp:term":[{"taxonomy":"product_brand","embeddable":true,"href":"https:\/\/www.vempele.fi\/da\/wp-json\/wp\/v2\/product_brand?post=17700"},{"taxonomy":"product_cat","embeddable":true,"href":"https:\/\/www.vempele.fi\/da\/wp-json\/wp\/v2\/product_cat?post=17700"},{"taxonomy":"product_tag","embeddable":true,"href":"https:\/\/www.vempele.fi\/da\/wp-json\/wp\/v2\/product_tag?post=17700"}],"curies":[{"name":"wp","href":"https:\/\/api.w.org\/{rel}","templated":true}]}}