{"id":17739,"date":"2023-04-04T13:03:48","date_gmt":"2023-04-04T10:03:48","guid":{"rendered":"https:\/\/www.vempele.fi\/?post_type=product&#038;p=17739"},"modified":"2024-04-10T07:32:22","modified_gmt":"2024-04-10T04:32:22","slug":"nokian-daek-hakka-black-3-235-45r18-98w-xl-model-3","status":"publish","type":"product","link":"https:\/\/www.vempele.fi\/da\/tuote\/nokian-tyres-hakka-black-3-235-45r18-98w-xl-model-3\/","title":{"rendered":"Nokian D\u00e6k Hakka Black 3: 235\/45R18 98W XL - Model 3"},"content":{"rendered":"<p>1 Nokian D\u00e6k Hakka Black 3: 235\/45R18 98W XL.<\/p>\n<ul>\n<li class=\"single-product__section-title\">EU-d\u00e6km\u00e6rkning<\/li>\n<li>Type: sommerd\u00e6k<\/li>\n<li>Tommer: 18<\/li>\n<li>Bredde: 235<\/li>\n<li>Profil: 45<\/li>\n<li class=\"single-product__section-title\">Hastighedskategori: 270 km\/t (W)<\/li>\n<li class=\"single-product__section-title\">Belastningskapacitet: 750 kg (98)<\/li>\n<li>D\u00e6kklassificering: C1<\/li>\n<li>Br\u00e6ndstof\u00f8konomi: C<\/li>\n<li>V\u00e5d vedligeholdelse: A<\/li>\n<li>Klassificering og intensitet af forbipasserende st\u00f8j: B 70dB<\/li>\n<\/ul>","protected":false},"excerpt":{"rendered":"<p class=\"single-product__title\">Nokian D\u00e6k Hakka Black 3: 235\/45R18 98W XL.<\/p>\n<p>Sommerd\u00e6k.<\/p>\n<p>Hakka Black 3 v\u00e5dgreb er det bedste i gruppe A og giver dig fremragende v\u00e5dgreb fra for\u00e5r til efter\u00e5r. Her er det perfekte par til de 18\u2033 ZAX-f\u00e6lge, der f\u00e5s gennem os.<\/p>\n<p class=\"ewa-rteLine\">Hakka Black 3 er designet til h\u00f8jtydende biler og er 1 dB mere st\u00f8jsvag end sin forg\u00e6nger p\u00e5 flad asfalt. D\u00e6kket har et Silent MultiZone-design, der giver et behageligt lydniveau p\u00e5 en r\u00e6kke forskellige vejoverflader.<\/p>\n<p><strong>Bem\u00e6rk.<\/strong><\/p>\n<p>Vi har ikke altid dette d\u00e6k p\u00e5 hylden, men vi kan hurtigt f\u00e5 det fra en grossist p\u00e5 ca. 2 dage.<\/p>","protected":false},"featured_media":17741,"comment_status":"open","ping_status":"closed","template":"","meta":[],"product_brand":[],"product_cat":[151,371,128],"product_tag":[301,394,299,300,121,120,321],"class_list":{"0":"post-17739","1":"product","2":"type-product","3":"status-publish","4":"has-post-thumbnail","6":"product_cat-model-3","7":"product_cat-renkaat","8":"product_cat-tesla-tuotteet","9":"product_tag-autonrenkaat","10":"product_tag-nokian-renkaat","11":"product_tag-rengas","12":"product_tag-renkaat","13":"product_tag-tesla","14":"product_tag-tesla-model-3","15":"product_tag-vanteet","16":"product_shipping_class-nouto","18":"first","19":"instock","20":"taxable","21":"shipping-taxable","22":"purchasable","23":"product-type-simple"},"jetpack_sharing_enabled":true,"_links":{"self":[{"href":"https:\/\/www.vempele.fi\/da\/wp-json\/wp\/v2\/product\/17739","targetHints":{"allow":["GET"]}}],"collection":[{"href":"https:\/\/www.vempele.fi\/da\/wp-json\/wp\/v2\/product"}],"about":[{"href":"https:\/\/www.vempele.fi\/da\/wp-json\/wp\/v2\/types\/product"}],"replies":[{"embeddable":true,"href":"https:\/\/www.vempele.fi\/da\/wp-json\/wp\/v2\/comments?post=17739"}],"wp:featuredmedia":[{"embeddable":true,"href":"https:\/\/www.vempele.fi\/da\/wp-json\/wp\/v2\/media\/17741"}],"wp:attachment":[{"href":"https:\/\/www.vempele.fi\/da\/wp-json\/wp\/v2\/media?parent=17739"}],"wp:term":[{"taxonomy":"product_brand","embeddable":true,"href":"https:\/\/www.vempele.fi\/da\/wp-json\/wp\/v2\/product_brand?post=17739"},{"taxonomy":"product_cat","embeddable":true,"href":"https:\/\/www.vempele.fi\/da\/wp-json\/wp\/v2\/product_cat?post=17739"},{"taxonomy":"product_tag","embeddable":true,"href":"https:\/\/www.vempele.fi\/da\/wp-json\/wp\/v2\/product_tag?post=17739"}],"curies":[{"name":"wp","href":"https:\/\/api.w.org\/{rel}","templated":true}]}}