{"id":17746,"date":"2023-04-04T14:31:31","date_gmt":"2023-04-04T11:31:31","guid":{"rendered":"https:\/\/www.vempele.fi\/?post_type=product&#038;p=17746"},"modified":"2024-04-10T07:31:51","modified_gmt":"2024-04-10T04:31:51","slug":"radar-dimax-r8-235-40r19-96y-model-3","status":"publish","type":"product","link":"https:\/\/www.vempele.fi\/da\/tuote\/radar-dimax-r8-235-40r19-96y-model-3\/","title":{"rendered":"Radar Dimax R8+: 235\/40R19 96Y - Model 3"},"content":{"rendered":"<p>1 stk Radar Dimax R8+: 235\/40R19 96Y - Tesla Model 3.<\/p>\n<ul>\n<li class=\"single-product__section-title\">EU-d\u00e6km\u00e6rkning<\/li>\n<li>Type: sommerd\u00e6k<\/li>\n<li>Tommer: 19<\/li>\n<li>Bredde: 235<\/li>\n<li>Profil: 40<\/li>\n<li class=\"single-product__section-title\">Hastighedskategori: 300 km\/t (W)<\/li>\n<li class=\"single-product__section-title\">Belastningskapacitet: 710 kg (96)<\/li>\n<li>D\u00e6kklassificering: C1<\/li>\n<li>Br\u00e6ndstof\u00f8konomi: C<\/li>\n<li>V\u00e5d vedligeholdelse: A<\/li>\n<li>Klassificering og intensitet af forbipasserende st\u00f8j: B 72dB<\/li>\n<\/ul>","protected":false},"excerpt":{"rendered":"<p class=\"single-product__title\">Radar Dimax R8+: 235\/40R19 96Y.<\/p>\n<p>Sommerd\u00e6k.<\/p>\n<p class=\"ewa-rteLine\">Omni Uniteds d\u00e6km\u00e6rke, Radar Dimax-d\u00e6kket, giver vejgreb og pr\u00e6cise k\u00f8reegenskaber p\u00e5 b\u00e5de v\u00e5de og t\u00f8rre veje.<\/p>\n<p>Vi har ikke altid dette d\u00e6k p\u00e5 hylden, men vi kan hurtigt f\u00e5 det fra en grossist p\u00e5 ca. 2 dage.<\/p>","protected":false},"featured_media":17745,"comment_status":"open","ping_status":"closed","template":"","meta":[],"product_brand":[],"product_cat":[151,371,128],"product_tag":[301,494,299,300,121,120,321],"class_list":{"0":"post-17746","1":"product","2":"type-product","3":"status-publish","4":"has-post-thumbnail","6":"product_cat-model-3","7":"product_cat-renkaat","8":"product_cat-tesla-tuotteet","9":"product_tag-autonrenkaat","10":"product_tag-radar-dimax","11":"product_tag-rengas","12":"product_tag-renkaat","13":"product_tag-tesla","14":"product_tag-tesla-model-3","15":"product_tag-vanteet","16":"product_shipping_class-nouto","18":"first","19":"instock","20":"taxable","21":"shipping-taxable","22":"purchasable","23":"product-type-simple"},"jetpack_sharing_enabled":true,"_links":{"self":[{"href":"https:\/\/www.vempele.fi\/da\/wp-json\/wp\/v2\/product\/17746","targetHints":{"allow":["GET"]}}],"collection":[{"href":"https:\/\/www.vempele.fi\/da\/wp-json\/wp\/v2\/product"}],"about":[{"href":"https:\/\/www.vempele.fi\/da\/wp-json\/wp\/v2\/types\/product"}],"replies":[{"embeddable":true,"href":"https:\/\/www.vempele.fi\/da\/wp-json\/wp\/v2\/comments?post=17746"}],"wp:featuredmedia":[{"embeddable":true,"href":"https:\/\/www.vempele.fi\/da\/wp-json\/wp\/v2\/media\/17745"}],"wp:attachment":[{"href":"https:\/\/www.vempele.fi\/da\/wp-json\/wp\/v2\/media?parent=17746"}],"wp:term":[{"taxonomy":"product_brand","embeddable":true,"href":"https:\/\/www.vempele.fi\/da\/wp-json\/wp\/v2\/product_brand?post=17746"},{"taxonomy":"product_cat","embeddable":true,"href":"https:\/\/www.vempele.fi\/da\/wp-json\/wp\/v2\/product_cat?post=17746"},{"taxonomy":"product_tag","embeddable":true,"href":"https:\/\/www.vempele.fi\/da\/wp-json\/wp\/v2\/product_tag?post=17746"}],"curies":[{"name":"wp","href":"https:\/\/api.w.org\/{rel}","templated":true}]}}