{"id":18753,"date":"2023-05-09T09:35:44","date_gmt":"2023-05-09T06:35:44","guid":{"rendered":"https:\/\/www.vempele.fi\/?post_type=product&#038;p=18753"},"modified":"2023-10-03T14:38:40","modified_gmt":"2023-10-03T11:38:40","slug":"skummadras-til-bil-tesla-model-y","status":"publish","type":"product","link":"https:\/\/www.vempele.fi\/da\/tuote\/vaahtomuovipatja-autoon-tesla-model-y\/","title":{"rendered":"Skummadras til bil - Tesla Model Y"},"content":{"rendered":"<p>En praktisk skummadras til lange k\u00f8reture og camping.<\/p>\n<p>Pakken indeholder<\/p>\n<ul>\n<li>Skumpuder med polyuretanbetr\u00e6k x 3 stk (ca. 185 x 35 x 3-5 cm)<\/li>\n<li>L\u00f8st betr\u00e6k til madras x 1<\/li>\n<li>Opbevaringspose i sort nylon x 1<\/li>\n<\/ul>\n<p><strong>Detaljer:<\/strong><\/p>\n<ul>\n<li>Egnethed: til Tesla Model Y<\/li>\n<li>L\u00e6ngde: 185 cm<\/li>\n<li>Bredde: 35 cm med en sektion. Bem\u00e6rk! Madrassen best\u00e5r af tre dele<\/li>\n<li>Tykkelse: 3-5 cm\n<ul>\n<li>Krydsfinerforst\u00e6rkning i den ene ende af madrassen p\u00e5 bagsiden<\/li>\n<\/ul>\n<\/li>\n<\/ul>\n<p>&nbsp;<\/p>","protected":false},"excerpt":{"rendered":"<p>Skummadras til Tesla Model Y. Denne behageligt bl\u00f8de madras f\u00e5r dig til at sove som en sten i din bil.<\/p>\n<p>Det sammenklappelige design g\u00f8r det nemt at udstille og opbevare madrassen. Bunden af madrassektionerne har velcrob\u00e5nd, der fastg\u00f8r dem til containerens bund og rygl\u00e6nets stof flere steder. Det sikrer, at madrassen bliver p\u00e5 plads, selv om du vender og drejer dig i s\u00f8vne. Madrassen har et aftageligt stofbetr\u00e6k.<\/p>\n<p>Med den medf\u00f8lgende opbevaringstaske kan du opbevare din madras uden at bekymre dig om, at den bliver snavset, n\u00e5r du ikke er p\u00e5 farten. Tasken passer ogs\u00e5 foran i bilen og under bagklappen, s\u00e5 du kan bruge den til at b\u00e6re andre ting.<\/p>\n<p>&nbsp;<\/p>","protected":false},"featured_media":18917,"comment_status":"open","ping_status":"closed","template":"","meta":[],"product_brand":[],"product_cat":[154,455,482,128],"product_tag":[83,310,271,121,502],"class_list":{"0":"post-18753","1":"product","2":"type-product","3":"status-publish","4":"has-post-thumbnail","6":"product_cat-model-y","7":"product_cat-my-tarvikkeet","8":"product_cat-tarvikkeet-sisapuolelle-model-y","9":"product_cat-tesla-tuotteet","10":"product_tag-autotarvikkeet","11":"product_tag-makuualusta","12":"product_tag-model-y","13":"product_tag-tesla","14":"product_tag-vaahtomuovipatja","16":"first","17":"outofstock","18":"taxable","19":"shipping-taxable","20":"purchasable","21":"product-type-simple"},"jetpack_sharing_enabled":true,"_links":{"self":[{"href":"https:\/\/www.vempele.fi\/da\/wp-json\/wp\/v2\/product\/18753","targetHints":{"allow":["GET"]}}],"collection":[{"href":"https:\/\/www.vempele.fi\/da\/wp-json\/wp\/v2\/product"}],"about":[{"href":"https:\/\/www.vempele.fi\/da\/wp-json\/wp\/v2\/types\/product"}],"replies":[{"embeddable":true,"href":"https:\/\/www.vempele.fi\/da\/wp-json\/wp\/v2\/comments?post=18753"}],"wp:featuredmedia":[{"embeddable":true,"href":"https:\/\/www.vempele.fi\/da\/wp-json\/wp\/v2\/media\/18917"}],"wp:attachment":[{"href":"https:\/\/www.vempele.fi\/da\/wp-json\/wp\/v2\/media?parent=18753"}],"wp:term":[{"taxonomy":"product_brand","embeddable":true,"href":"https:\/\/www.vempele.fi\/da\/wp-json\/wp\/v2\/product_brand?post=18753"},{"taxonomy":"product_cat","embeddable":true,"href":"https:\/\/www.vempele.fi\/da\/wp-json\/wp\/v2\/product_cat?post=18753"},{"taxonomy":"product_tag","embeddable":true,"href":"https:\/\/www.vempele.fi\/da\/wp-json\/wp\/v2\/product_tag?post=18753"}],"curies":[{"name":"wp","href":"https:\/\/api.w.org\/{rel}","templated":true}]}}