{"id":18760,"date":"2023-05-08T12:23:57","date_gmt":"2023-05-08T09:23:57","guid":{"rendered":"https:\/\/www.vempele.fi\/?post_type=product&#038;p=18760"},"modified":"2026-04-12T22:26:42","modified_gmt":"2026-04-12T19:26:42","slug":"betraek-til-bagsaedet-tesla-model-y","status":"publish","type":"product","link":"https:\/\/www.vempele.fi\/da\/tuote\/takapenkin-takaosan-penkinsuojat-tesla-model-y\/","title":{"rendered":"Rygl\u00e6nsbeskyttere til bags\u00e6det - Tesla Model Y"},"content":{"rendered":"<p>Beskyttere til bags\u00e6det p\u00e5 b\u00e6nken - Tesla Model Y. Pakke med tre separate beskyttere, der tilsammen d\u00e6kker hele bagsiden af bags\u00e6det.<\/p>\n<p><b>Yderligere information:<\/b><\/p>\n<ul>\n<li>Egnethed: til Tesla Model Y<\/li>\n<li>\u00c5rsmodel: 2021 -&gt;.<\/li>\n<li>Materiale: fleksibel plast<\/li>\n<li>Farve: sort<\/li>\n<\/ul>","protected":false},"excerpt":{"rendered":"<p>Rygl\u00e6nsbeskyttere til bags\u00e6det af Tesla Model Y. Beskytterne er lavet af EVA-plast, ligesom vores meget popul\u00e6re m\u00e5tter med lang r\u00e6kkevidde. Dette produkt beskytter bags\u00e6dernes rygl\u00e6n mod snavs og slitage, hvis du ofte vipper s\u00e6derne og b\u00e6rer dine ting p\u00e5 bags\u00e6det.<\/p>\n<p>Beskytterne er et perfekt match med hensyn til udseende <a href=\"https:\/\/www.vempele.fi\/da\/product-2\/tesla-model-y-fjernbetjeninger-til-bagagerummet\/\" target=\"_blank\" rel=\"noopener\">Model Y Kuffert Matin<\/a> med.<\/p>\n<p>T\u00e6pperne er nemme at reng\u00f8re, selv under vandhanen og med en let b\u00f8rste - snavs og skidt l\u00f8sner sig nemt fra plastoverfladen. Ligesom de andre m\u00e5tter i vores sortiment passer disse m\u00e5tter perfekt og glider lige p\u00e5 plads.<\/p>\n<p>Takket v\u00e6re velcrolukningen er produktet hurtigt at installere og om n\u00f8dvendigt at fjerne.<\/p>","protected":false},"featured_media":18911,"comment_status":"open","ping_status":"closed","template":"","meta":[],"product_brand":[],"product_cat":[408,154,128],"product_tag":[83,411,121,203],"class_list":{"0":"post-18760","1":"product","2":"type-product","3":"status-publish","4":"has-post-thumbnail","6":"product_cat-matot-model-y","7":"product_cat-model-y","8":"product_cat-tesla-tuotteet","9":"product_tag-autotarvikkeet","10":"product_tag-suoja","11":"product_tag-tesla","12":"product_tag-tesla-model-y","14":"first","15":"instock","16":"taxable","17":"shipping-taxable","18":"purchasable","19":"product-type-simple"},"jetpack_sharing_enabled":true,"_links":{"self":[{"href":"https:\/\/www.vempele.fi\/da\/wp-json\/wp\/v2\/product\/18760","targetHints":{"allow":["GET"]}}],"collection":[{"href":"https:\/\/www.vempele.fi\/da\/wp-json\/wp\/v2\/product"}],"about":[{"href":"https:\/\/www.vempele.fi\/da\/wp-json\/wp\/v2\/types\/product"}],"replies":[{"embeddable":true,"href":"https:\/\/www.vempele.fi\/da\/wp-json\/wp\/v2\/comments?post=18760"}],"wp:featuredmedia":[{"embeddable":true,"href":"https:\/\/www.vempele.fi\/da\/wp-json\/wp\/v2\/media\/18911"}],"wp:attachment":[{"href":"https:\/\/www.vempele.fi\/da\/wp-json\/wp\/v2\/media?parent=18760"}],"wp:term":[{"taxonomy":"product_brand","embeddable":true,"href":"https:\/\/www.vempele.fi\/da\/wp-json\/wp\/v2\/product_brand?post=18760"},{"taxonomy":"product_cat","embeddable":true,"href":"https:\/\/www.vempele.fi\/da\/wp-json\/wp\/v2\/product_cat?post=18760"},{"taxonomy":"product_tag","embeddable":true,"href":"https:\/\/www.vempele.fi\/da\/wp-json\/wp\/v2\/product_tag?post=18760"}],"curies":[{"name":"wp","href":"https:\/\/api.w.org\/{rel}","templated":true}]}}