{"id":19433,"date":"2023-05-25T11:15:52","date_gmt":"2023-05-25T08:15:52","guid":{"rendered":"https:\/\/www.vempele.fi\/?post_type=product&#038;p=19433"},"modified":"2026-04-17T08:13:27","modified_gmt":"2026-04-17T05:13:27","slug":"reparation-af-maling-tesla","status":"publish","type":"product","link":"https:\/\/www.vempele.fi\/da\/tuote\/maalinkorjauskyna-tesla\/","title":{"rendered":"Pen til korrektion af maling - Tesla"},"content":{"rendered":"<p>Praktisk husholdningsfarvepen med Tesla-farvekoder.<\/p>\n<p><strong>Tekniske egenskaber<\/strong><\/p>\n<p>Touch-up akrylbindere og -pastaer er fremragende reparationslakker til biler i OE-kvalitet. Touch-up giver en meget hurtig t\u00f8rretid, blank og slidst\u00e6rk finish.<\/p>\n<ul>\n<li>Den f\u00e6rdige overflade er modstandsdygtig over for opl\u00f8sningsmidler som benzin og terpentin.<\/li>\n<li>Bel\u00e6gningen er meget h\u00e5rd og giver fremragende beskyttelse mod slid og stenslag.<\/li>\n<\/ul>\n<p><strong>Mere information<\/strong><\/p>\n<ul>\n<li>V\u00e6gt: ~35 g<\/li>\n<li>M\u00e6ngde maling: 12 ml<\/li>\n<li>Producent: Maston<\/li>\n<li>Fremstillingsland: Finland<\/li>\n<li><a href=\"https:\/\/www.vempele.fi\/wp-content\/uploads\/2023\/05\/Touch-up-kayttoturvatiedote-fi.pdf\" target=\"_blank\" rel=\"noopener\">Sikkerhedsbulletin<\/a><\/li>\n<li><a href=\"https:\/\/www.vempele.fi\/wp-content\/uploads\/2023\/05\/Touch-up-kayttoturvatiedote-en.pdf\" target=\"_blank\" rel=\"noopener\">Sikkerhedsdatablad<\/a> (en)<\/li>\n<li>Navn: Reparationspen til Tesla-farver<\/li>\n<\/ul>","protected":false},"excerpt":{"rendered":"<p>Er motorhjelmen fuld af sm\u00e5sten? Det skal du ikke bekymre dig om! Med den brugervenlige Touch-Up-pen kan du skjule selv de st\u00f8rste sm\u00e5sten og ridser.<\/p>\n<p>Flasken indeholder 12 ml maling. Farvemulighederne er lavet efter Tesla-farvekoder. Malingen er nem at p\u00e5f\u00f8re p\u00e5 b\u00e5de sm\u00e5 og store skader takket v\u00e6re den dobbelte h\u00e6tte. H\u00e6tten har en applikator i n\u00e5lehovedst\u00f8rrelse til reparation af sm\u00e5 skader og en applikator med b\u00f8rstehoved til at d\u00e6kke et st\u00f8rre omr\u00e5de.<\/p>\n<p>Tilg\u00e6ngelige farvemuligheder:<\/p>\n<ul>\n<li>PPSW - Perlehvid<\/li>\n<li>PMNG - Midnatss\u00f8lv<\/li>\n<li>PPSB - Dyb bl\u00e5 metallic<\/li>\n<li>PBSB - Solid sort<\/li>\n<li>PPMR, PMMR - R\u00f8d Multi-Coat<\/li>\n<li>PN00 - Kviks\u00f8lv<\/li>\n<\/ul>\n<p>Farvekoden findes p\u00e5 klisterm\u00e6rket p\u00e5 B-stolpen i f\u00f8rersiden. Se det andet produktbillede for en mere detaljeret placering.<\/p>\n<p><iframe loading=\"lazy\" title=\"YouTube-videoafspiller\" src=\"https:\/\/www.youtube.com\/embed\/_glzhUsuXeQ\" width=\"260\" height=\"150\" frameborder=\"0\" allowfullscreen=\"allowfullscreen\"><\/iframe><\/p>","protected":false},"featured_media":19441,"comment_status":"open","ping_status":"closed","template":"","meta":[],"product_brand":[],"product_cat":[151,152,153,154,452,453,454,455,481,484,486,483,128],"product_tag":[83,509,510,156,172,173,271,121],"class_list":{"0":"post-19433","1":"product","2":"type-product","3":"status-publish","4":"has-post-thumbnail","6":"product_cat-model-3","7":"product_cat-model-s","8":"product_cat-model-x","9":"product_cat-model-y","10":"product_cat-m3-tarvikkeet","11":"product_cat-ms-tarvikkeet","12":"product_cat-mx-tarvikkeet","13":"product_cat-my-tarvikkeet","14":"product_cat-tarvikkeet-ulkopuolelle-model-3","15":"product_cat-tarvikkeet-ulkopuolelle-model-s","16":"product_cat-tarvikkeet-ulkopuolelle-model-x","17":"product_cat-tarvikkeet-ulkopuolelle-model-y","18":"product_cat-tesla-tuotteet","19":"product_tag-autotarvikkeet","20":"product_tag-korjausmaali","21":"product_tag-maalinpaikkauskyna","22":"product_tag-model-3","23":"product_tag-model-s","24":"product_tag-model-x","25":"product_tag-model-y","26":"product_tag-tesla","28":"first","29":"instock","30":"taxable","31":"shipping-taxable","32":"purchasable","33":"product-type-variable"},"jetpack_sharing_enabled":true,"_links":{"self":[{"href":"https:\/\/www.vempele.fi\/da\/wp-json\/wp\/v2\/product\/19433","targetHints":{"allow":["GET"]}}],"collection":[{"href":"https:\/\/www.vempele.fi\/da\/wp-json\/wp\/v2\/product"}],"about":[{"href":"https:\/\/www.vempele.fi\/da\/wp-json\/wp\/v2\/types\/product"}],"replies":[{"embeddable":true,"href":"https:\/\/www.vempele.fi\/da\/wp-json\/wp\/v2\/comments?post=19433"}],"wp:featuredmedia":[{"embeddable":true,"href":"https:\/\/www.vempele.fi\/da\/wp-json\/wp\/v2\/media\/19441"}],"wp:attachment":[{"href":"https:\/\/www.vempele.fi\/da\/wp-json\/wp\/v2\/media?parent=19433"}],"wp:term":[{"taxonomy":"product_brand","embeddable":true,"href":"https:\/\/www.vempele.fi\/da\/wp-json\/wp\/v2\/product_brand?post=19433"},{"taxonomy":"product_cat","embeddable":true,"href":"https:\/\/www.vempele.fi\/da\/wp-json\/wp\/v2\/product_cat?post=19433"},{"taxonomy":"product_tag","embeddable":true,"href":"https:\/\/www.vempele.fi\/da\/wp-json\/wp\/v2\/product_tag?post=19433"}],"curies":[{"name":"wp","href":"https:\/\/api.w.org\/{rel}","templated":true}]}}