{"id":19484,"date":"2023-05-26T09:24:48","date_gmt":"2023-05-26T06:24:48","guid":{"rendered":"https:\/\/www.vempele.fi\/?post_type=product&#038;p=19484"},"modified":"2026-04-30T14:58:10","modified_gmt":"2026-04-30T11:58:10","slug":"luftfilter-bosch-tesla-model-3-y","status":"publish","type":"product","link":"https:\/\/www.vempele.fi\/da\/tuote\/ilmansuodatin-bosch-tesla-model-3-y\/","title":{"rendered":"Bosch luftfilter - Tesla Model 3 \/ Y"},"content":{"rendered":"<p>Bosch luftfilter til Tesla Model 3 \/ Y<\/p>\n<ul>\n<li>\u00a0Egnethed:\n<ul>\n<li>Model Y 2021 - 2024<\/li>\n<li>Model Y Juniper 2025 -&gt;.<\/li>\n<li>Model 3 Pre-Refresh vm. 2019 - 2021<\/li>\n<li>Model 3 Refresh vm. 2021 - 2023<\/li>\n<li>Model 3 Highland vm. 2023 -&gt;.<\/li>\n<\/ul>\n<\/li>\n<li>Pakken indeholder: 1 x luftfilter Bosch Tesla Model 3 \/ Y. (bestil 2 stk. produkt, hvis du vil udskifte begge luftfiltre).<\/li>\n<li>St\u00f8rrelse: 13,4 x 24 x 3 cm (m\u00e5l p\u00e5 et luftfilter)<\/li>\n<li>Producentens produktnummer: 0 986 628 583<\/li>\n<li>OE-referencenumre leveret af producenten\n<ul>\n<li>1107681-00-A<\/li>\n<li>1107681-00-C<\/li>\n<\/ul>\n<\/li>\n<li>Fremstillingsland: Kina<\/li>\n<\/ul>","protected":false},"excerpt":{"rendered":"<p>Bosch antibakterielt aktivt kulfilter til Tesla Model 3 og Y. Producenten anbefaler, at filtrene udskiftes hvert andet \u00e5r, men under finske k\u00f8rselsforhold anbefaler vi et udskiftningsinterval p\u00e5 et \u00e5r.<\/p>\n<p><a href=\"https:\/\/www.youtube.com\/watch?v=aSDG-IZTuYU\" target=\"_blank\" rel=\"noopener noreferrer\">YouTube har instruktioner til udskiftning<\/a>. Panelerne tages let af, men en torxskrue sidder et d\u00e5rligt sted og kr\u00e6ver en lidt ubehagelig stilling i fodrummet \ud83d\ude42 Det er ogs\u00e5 v\u00e6rd at st\u00f8vsuge affaldet ud af filterhuset.<\/p>\n<p>Pakken indeholder et (1) luftfilter.<\/p>\n<p><strong>Bem\u00e6rk! Tesla Model 3 og Y har to luftfiltre. Bestil 2 af produktet, hvis du vil udskifte begge luftfiltre!<\/strong><\/p>","protected":false},"featured_media":19485,"comment_status":"open","ping_status":"closed","template":"","meta":[],"product_brand":[737],"product_cat":[151,154,452,455,480,482,128,471,472],"product_tag":[83,156,271,204,511,121],"class_list":{"0":"post-19484","1":"product","2":"type-product","3":"status-publish","4":"has-post-thumbnail","6":"product_brand-bosch","7":"product_cat-model-3","8":"product_cat-model-y","9":"product_cat-m3-tarvikkeet","10":"product_cat-my-tarvikkeet","11":"product_cat-tarvikkeet-sisapuolelle-model-3","12":"product_cat-tarvikkeet-sisapuolelle-model-y","13":"product_cat-tesla-tuotteet","14":"product_cat-model-3-varaosat","15":"product_cat-varaosat-model-y","16":"product_tag-autotarvikkeet","17":"product_tag-model-3","18":"product_tag-model-y","19":"product_tag-raitisilmasuodatin","20":"product_tag-suodatin","21":"product_tag-tesla","23":"first","24":"instock","25":"taxable","26":"shipping-taxable","27":"purchasable","28":"product-type-simple"},"jetpack_sharing_enabled":true,"_links":{"self":[{"href":"https:\/\/www.vempele.fi\/da\/wp-json\/wp\/v2\/product\/19484","targetHints":{"allow":["GET"]}}],"collection":[{"href":"https:\/\/www.vempele.fi\/da\/wp-json\/wp\/v2\/product"}],"about":[{"href":"https:\/\/www.vempele.fi\/da\/wp-json\/wp\/v2\/types\/product"}],"replies":[{"embeddable":true,"href":"https:\/\/www.vempele.fi\/da\/wp-json\/wp\/v2\/comments?post=19484"}],"wp:featuredmedia":[{"embeddable":true,"href":"https:\/\/www.vempele.fi\/da\/wp-json\/wp\/v2\/media\/19485"}],"wp:attachment":[{"href":"https:\/\/www.vempele.fi\/da\/wp-json\/wp\/v2\/media?parent=19484"}],"wp:term":[{"taxonomy":"product_brand","embeddable":true,"href":"https:\/\/www.vempele.fi\/da\/wp-json\/wp\/v2\/product_brand?post=19484"},{"taxonomy":"product_cat","embeddable":true,"href":"https:\/\/www.vempele.fi\/da\/wp-json\/wp\/v2\/product_cat?post=19484"},{"taxonomy":"product_tag","embeddable":true,"href":"https:\/\/www.vempele.fi\/da\/wp-json\/wp\/v2\/product_tag?post=19484"}],"curies":[{"name":"wp","href":"https:\/\/api.w.org\/{rel}","templated":true}]}}