{"id":19651,"date":"2023-05-31T09:27:51","date_gmt":"2023-05-31T06:27:51","guid":{"rendered":"https:\/\/www.vempele.fi\/?post_type=product&#038;p=19651"},"modified":"2026-03-24T21:51:04","modified_gmt":"2026-03-24T19:51:04","slug":"tesla-model-s-2022-eva-telematik","status":"publish","type":"product","link":"https:\/\/www.vempele.fi\/da\/tuote\/tesla-model-s-2022-eva-kaukalomatot\/","title":{"rendered":"Tesla Model S 2022-&gt; EVA fjernbetjent n\u00f8glefri adgang"},"content":{"rendered":"<p>Slidst\u00e6rke EVA-fjernbetjeningsm\u00e5tter til Tesla Model S<\/p>\n<p>Tre m\u00e5tter i pakken:<br \/>\n1 x Til f\u00f8reren<br \/>\n1 x Repsikalle<br \/>\n1x Enkelt t\u00e6ppe p\u00e5 bags\u00e6dets gulv<\/p>\n<p><b>Yderligere information:<\/b><\/p>\n<ul>\n<li>Materiale: fleksibel plast<\/li>\n<li>Farve: Sort<\/li>\n<li>Passer til: Model S 2022-&gt; fremad<\/li>\n<li>Navn: Tesla Model S EVA gulvm\u00e5tter (2022-&gt;)<\/li>\n<\/ul>","protected":false},"excerpt":{"rendered":"<p>EVA-m\u00e5tter til alle fem s\u00e6der i fodrummet p\u00e5 Tesla Model S. M\u00e5tterne er lavet af lukket celle, halvstiv plast, som har fordelene ved fleksibilitet, bl\u00f8dhed, god vejrbestandighed og kemisk modstandsdygtighed under forskellige vejrforhold. M\u00e5tterne er nemme at reng\u00f8re, selv under vandhanen med en let b\u00f8rste - snavs og skidt l\u00f8sner sig nemt fra plastoverfladen. Ligesom de andre m\u00e5tter i vores sortiment er disse m\u00e5tter perfekt formtilpassede, hvilket betyder, at de s\u00e6ttes p\u00e5 plads med et snuptag. Takket v\u00e6re de sm\u00e5 kanter bliver smeltevandet p\u00e5 m\u00e5tten og kan let h\u00e6ldes af, hvis det er n\u00f8dvendigt.<\/p>\n<p>EVA-h\u00e6ngek\u00f8jer er de mest popul\u00e6re k\u00f8b for vores kunder i Vempeles onlinebutik.<\/p>\n<p>Bem\u00e6rk! Afh\u00e6ngigt af partiet kan t\u00e6ppernes overfladem\u00f8nster og design afvige en smule fra produktbilledet.<\/p>","protected":false},"featured_media":19675,"comment_status":"open","ping_status":"closed","template":"","meta":[],"product_brand":[],"product_cat":[512,152,485,128],"product_tag":[83,206,513,172,121],"class_list":{"0":"post-19651","1":"product","2":"type-product","3":"status-publish","4":"has-post-thumbnail","6":"product_cat-matot-model-s","7":"product_cat-model-s","8":"product_cat-tarvikkeet-sisapuolelle-model-s","9":"product_cat-tesla-tuotteet","10":"product_tag-autotarvikkeet","11":"product_tag-eva","12":"product_tag-kaukalomatot","13":"product_tag-model-s","14":"product_tag-tesla","16":"first","17":"instock","18":"taxable","19":"shipping-taxable","20":"purchasable","21":"product-type-simple"},"jetpack_sharing_enabled":true,"_links":{"self":[{"href":"https:\/\/www.vempele.fi\/da\/wp-json\/wp\/v2\/product\/19651","targetHints":{"allow":["GET"]}}],"collection":[{"href":"https:\/\/www.vempele.fi\/da\/wp-json\/wp\/v2\/product"}],"about":[{"href":"https:\/\/www.vempele.fi\/da\/wp-json\/wp\/v2\/types\/product"}],"replies":[{"embeddable":true,"href":"https:\/\/www.vempele.fi\/da\/wp-json\/wp\/v2\/comments?post=19651"}],"wp:featuredmedia":[{"embeddable":true,"href":"https:\/\/www.vempele.fi\/da\/wp-json\/wp\/v2\/media\/19675"}],"wp:attachment":[{"href":"https:\/\/www.vempele.fi\/da\/wp-json\/wp\/v2\/media?parent=19651"}],"wp:term":[{"taxonomy":"product_brand","embeddable":true,"href":"https:\/\/www.vempele.fi\/da\/wp-json\/wp\/v2\/product_brand?post=19651"},{"taxonomy":"product_cat","embeddable":true,"href":"https:\/\/www.vempele.fi\/da\/wp-json\/wp\/v2\/product_cat?post=19651"},{"taxonomy":"product_tag","embeddable":true,"href":"https:\/\/www.vempele.fi\/da\/wp-json\/wp\/v2\/product_tag?post=19651"}],"curies":[{"name":"wp","href":"https:\/\/api.w.org\/{rel}","templated":true}]}}