{"id":19722,"date":"2023-06-01T13:54:03","date_gmt":"2023-06-01T10:54:03","guid":{"rendered":"https:\/\/www.vempele.fi\/?post_type=product&#038;p=19722"},"modified":"2026-04-10T22:23:14","modified_gmt":"2026-04-10T19:23:14","slug":"tesla-model-s-2022-bagagerum-eva-telematik","status":"publish","type":"product","link":"https:\/\/www.vempele.fi\/da\/tuote\/tesla-model-s-2022-frunk-trunk-eva-kaukalomatot\/","title":{"rendered":"Tesla Model S 2022-&gt; EVA-fjernbetjeninger til kuffert\/bagagerum"},"content":{"rendered":"<p>Tesla Model S-fjernbetjeninger i for- og bagagerummet.<\/p>\n<p>T\u00e6ppemuligheder at v\u00e6lge imellem:<\/p>\n<ul>\n<li>M\u00e5tte til forreste kasse (M\u00e5tte til forreste kasse)<\/li>\n<li>Lille opbevaringsm\u00e5tte til bagagerummet (Trunk Storage Mat)<\/li>\n<li>Stor, held\u00e6kkende bagagerumsm\u00e5tte (Trunk Mat)<\/li>\n<\/ul>\n<p><b>Mere information<\/b><\/p>\n<p>Materiale: fleksibel plast<br \/>\nFarve: Sort<br \/>\nEgnethed: til Tesla Model S vm.2022 og fremefter<\/p>","protected":false},"excerpt":{"rendered":"<p>EVA-bilm\u00e5tter af virkelig h\u00f8j kvalitet til opbevaring af bilen. M\u00e5tterne passer perfekt i Tesla Model S.<\/p>\n<p>Hvis du har v\u00e5dt opladningstilbeh\u00f8r og f.eks. v\u00e5de eller mudrede sko\/t\u00f8j i bagagerummet p\u00e5 din bil, er en trolley-m\u00e5tte et fornuftigt k\u00f8b. Vandafvisende trolley-m\u00e5tter holder mudder og vand p\u00e5 afstand. Og de er meget nemmere at reng\u00f8re og t\u00f8rre end bilens eget indtr\u00e6k.<\/p>\n<p>Det store t\u00e6ppe i bagagerummet kan foldes, s\u00e5 der er nem adgang til det lille tilbeh\u00f8rsrum i bagagerummet.<\/p>\n<p>Tjek venligst, om den passer til din bil, f\u00f8r du k\u00f8ber.<\/p>\n<p>Pakken inkluderer den m\u00e5tte, du v\u00e6lger fra menuen nedenfor.<\/p>","protected":false},"featured_media":19726,"comment_status":"open","ping_status":"closed","template":"","meta":[],"product_brand":[],"product_cat":[512,152,485,128],"product_tag":[83,206,304,172,121],"class_list":{"0":"post-19722","1":"product","2":"type-product","3":"status-publish","4":"has-post-thumbnail","6":"product_cat-matot-model-s","7":"product_cat-model-s","8":"product_cat-tarvikkeet-sisapuolelle-model-s","9":"product_cat-tesla-tuotteet","10":"product_tag-autotarvikkeet","11":"product_tag-eva","12":"product_tag-kaukalomatto","13":"product_tag-model-s","14":"product_tag-tesla","15":"product_shipping_class-nouto","17":"first","18":"instock","19":"taxable","20":"shipping-taxable","21":"purchasable","22":"product-type-variable"},"jetpack_sharing_enabled":true,"_links":{"self":[{"href":"https:\/\/www.vempele.fi\/da\/wp-json\/wp\/v2\/product\/19722","targetHints":{"allow":["GET"]}}],"collection":[{"href":"https:\/\/www.vempele.fi\/da\/wp-json\/wp\/v2\/product"}],"about":[{"href":"https:\/\/www.vempele.fi\/da\/wp-json\/wp\/v2\/types\/product"}],"replies":[{"embeddable":true,"href":"https:\/\/www.vempele.fi\/da\/wp-json\/wp\/v2\/comments?post=19722"}],"wp:featuredmedia":[{"embeddable":true,"href":"https:\/\/www.vempele.fi\/da\/wp-json\/wp\/v2\/media\/19726"}],"wp:attachment":[{"href":"https:\/\/www.vempele.fi\/da\/wp-json\/wp\/v2\/media?parent=19722"}],"wp:term":[{"taxonomy":"product_brand","embeddable":true,"href":"https:\/\/www.vempele.fi\/da\/wp-json\/wp\/v2\/product_brand?post=19722"},{"taxonomy":"product_cat","embeddable":true,"href":"https:\/\/www.vempele.fi\/da\/wp-json\/wp\/v2\/product_cat?post=19722"},{"taxonomy":"product_tag","embeddable":true,"href":"https:\/\/www.vempele.fi\/da\/wp-json\/wp\/v2\/product_tag?post=19722"}],"curies":[{"name":"wp","href":"https:\/\/api.w.org\/{rel}","templated":true}]}}