{"id":19753,"date":"2023-06-01T15:14:24","date_gmt":"2023-06-01T12:14:24","guid":{"rendered":"https:\/\/www.vempele.fi\/?post_type=product&#038;p=19753"},"modified":"2026-03-11T08:41:35","modified_gmt":"2026-03-11T06:41:35","slug":"tesla-model-x-2022-eva-telematter-6-saeder","status":"publish","type":"product","link":"https:\/\/www.vempele.fi\/da\/tuote\/tesla-model-x-2022-eva-kaukalomatot-6-paikkainen\/","title":{"rendered":"Tesla Model X 2022-&gt; EVA-fjernbetjening, 6 s\u00e6der"},"content":{"rendered":"<p>Slidst\u00e6rke EVA-fjernbetjeningsm\u00e5tter til Tesla Model X<\/p>\n<p>Pakke med fire m\u00e5tter:<br \/>\n1 x Til f\u00f8reren<br \/>\n1 x Repsikalle<br \/>\n2x p\u00e5 gulvet ved bags\u00e6derne<\/p>\n<p><b>Yderligere information:<\/b><\/p>\n<ul>\n<li>Materiale: fleksibel plast<\/li>\n<li>Farve: Sort<\/li>\n<li>Passer til: Model X 2022-&gt; fremad<\/li>\n<\/ul>","protected":false},"excerpt":{"rendered":"<p>EVA-m\u00e5tter til benpladsen for alle seks s\u00e6der i Tesla Model X. M\u00e5tterne er lavet af en lukket celle, halvstiv plast med fordelene ved fleksibilitet, bl\u00f8dhed, god vejrbestandighed og kemisk modstandsdygtighed under forskellige vejrforhold. M\u00e5tterne er nemme at reng\u00f8re, selv under vandhanen med en let b\u00f8rste - snavs og skidt l\u00f8sner sig nemt fra plastoverfladen. Ligesom de andre m\u00e5tter i vores sortiment er disse m\u00e5tter perfekt formtilpassede, hvilket betyder, at de s\u00e6ttes p\u00e5 plads med et snuptag. Takket v\u00e6re de sm\u00e5 kanter bliver smeltevandet p\u00e5 m\u00e5tten og kan let h\u00e6ldes af, hvis det er n\u00f8dvendigt.<\/p>\n<p>EVA-h\u00e6ngek\u00f8jer er de mest popul\u00e6re k\u00f8b for vores kunder i Vempeles onlinebutik.<\/p>\n<p>Bem\u00e6rk! Afh\u00e6ngigt af partiet kan t\u00e6ppernes overfladem\u00f8nster og design afvige en smule fra produktbilledet.<\/p>\n<p><strong>Kun egnet til 6 s\u00e6der!<\/strong><\/p>","protected":false},"featured_media":19835,"comment_status":"open","ping_status":"closed","template":"","meta":[],"product_brand":[],"product_cat":[514,153,487,128],"product_tag":[83,206,513,173,121],"class_list":{"0":"post-19753","1":"product","2":"type-product","3":"status-publish","4":"has-post-thumbnail","6":"product_cat-model-x-matot","7":"product_cat-model-x","8":"product_cat-tarvikkeet-sisapuolelle-model-x","9":"product_cat-tesla-tuotteet","10":"product_tag-autotarvikkeet","11":"product_tag-eva","12":"product_tag-kaukalomatot","13":"product_tag-model-x","14":"product_tag-tesla","16":"first","17":"instock","18":"taxable","19":"shipping-taxable","20":"purchasable","21":"product-type-simple"},"jetpack_sharing_enabled":true,"_links":{"self":[{"href":"https:\/\/www.vempele.fi\/da\/wp-json\/wp\/v2\/product\/19753","targetHints":{"allow":["GET"]}}],"collection":[{"href":"https:\/\/www.vempele.fi\/da\/wp-json\/wp\/v2\/product"}],"about":[{"href":"https:\/\/www.vempele.fi\/da\/wp-json\/wp\/v2\/types\/product"}],"replies":[{"embeddable":true,"href":"https:\/\/www.vempele.fi\/da\/wp-json\/wp\/v2\/comments?post=19753"}],"wp:featuredmedia":[{"embeddable":true,"href":"https:\/\/www.vempele.fi\/da\/wp-json\/wp\/v2\/media\/19835"}],"wp:attachment":[{"href":"https:\/\/www.vempele.fi\/da\/wp-json\/wp\/v2\/media?parent=19753"}],"wp:term":[{"taxonomy":"product_brand","embeddable":true,"href":"https:\/\/www.vempele.fi\/da\/wp-json\/wp\/v2\/product_brand?post=19753"},{"taxonomy":"product_cat","embeddable":true,"href":"https:\/\/www.vempele.fi\/da\/wp-json\/wp\/v2\/product_cat?post=19753"},{"taxonomy":"product_tag","embeddable":true,"href":"https:\/\/www.vempele.fi\/da\/wp-json\/wp\/v2\/product_tag?post=19753"}],"curies":[{"name":"wp","href":"https:\/\/api.w.org\/{rel}","templated":true}]}}