{"id":20044,"date":"2023-06-15T13:21:26","date_gmt":"2023-06-15T10:21:26","guid":{"rendered":"https:\/\/www.vempele.fi\/?post_type=product&#038;p=20044"},"modified":"2026-04-15T22:06:54","modified_gmt":"2026-04-15T19:06:54","slug":"hud-naytto-tesla-model-3-y","status":"publish","type":"product","link":"https:\/\/www.vempele.fi\/da\/tuote\/hud-naytto-tesla-model-3-y\/","title":{"rendered":"HUD-sk\u00e6rm - Tesla Model 3 \/ Y"},"content":{"rendered":"<p>Kan ogs\u00e5 bruges sammen med en OBD-adapter, men det kan v\u00e6re trangt under den beskyttende plastik, hvor stikket sidder.<\/p>\n<p>Du kan downloade den finske installationsvejledning <a href=\"https:\/\/www.vempele.fi\/wp-content\/uploads\/2023\/06\/Yonzee-HUD-asennusohje.pdf\" target=\"_blank\" rel=\"noopener\">Her.<\/a><br \/>\nDu kan downloade firmwareopdateringen til Tesla-softwareversion 2024.8 og fremefter. <a href=\"https:\/\/www.vempele.fi\/wp-content\/uploads\/2024\/05\/HUD-24.8-FW.zip\">Her.<\/a><\/p>\n<p>Produktet er forbundet med Teslas CAN-bus, s\u00e5 Vempele er ikke ansvarlig for eventuelle \u00e6ndringer i enhedens funktion for\u00e5rsaget af softwareopdateringer til bilen.<\/p>\n<ul>\n<li>M\u00e6rke: Yonzee<\/li>\n<li>Materiale: ABS<\/li>\n<li>Farve: Sort<\/li>\n<li>St\u00f8rrelse: ca. 80 mm x 19 mm x 16 mm<\/li>\n<li>Egnethed:\n<ul>\n<li>Model Y 2021 - 2024<\/li>\n<li>Model 3 Pre-Refresh 2019 - 2021<\/li>\n<li>Opdatering af Model 3 2021 - 2023<\/li>\n<\/ul>\n<\/li>\n<\/ul>\n<div style=\"width: 980px;\" class=\"wp-video\"><video class=\"wp-video-shortcode\" id=\"video-20044-1\" width=\"980\" height=\"551\" preload=\"metadata\" controls=\"controls\"><source type=\"video\/mp4\" src=\"https:\/\/www.vempele.fi\/wp-content\/uploads\/2023\/06\/video.mp4?_=1\" \/><a href=\"https:\/\/www.vempele.fi\/wp-content\/uploads\/2023\/06\/video.mp4\">https:\/\/www.vempele.fi\/wp-content\/uploads\/2023\/06\/video.mp4<\/a><\/video><\/div>","protected":false},"excerpt":{"rendered":"<p>En praktisk, lille HUD g\u00f8r det nemt at tjekke din hastighed.<\/p>\n<p>Ud over hastigheden viser displayet ogs\u00e5, hvilket gear der er sat i, blinklys, parkeringsbremselys, forlygtslys, d\u00f8rindikatorlys og advarselslys for lavt batteriniveau. N\u00e5r bilen holder stille, viser displayet det resterende antal kilometer.<\/p>\n<p>Produktet er relativt nemt og enkelt at installere, med kun et par let aftagelige plastikstykker til at f\u00e5 sk\u00e6rmkablet fra instrumentbr\u00e6ttet til bagsiden af midterkonsollen. Se videoen nedenfor!<\/p>\n<p>Displayet er lyst og let at afl\u00e6se, selv i st\u00e6rkt solskin.<\/p>\n<p><strong>Bem\u00e6rk!<\/strong><br \/>\nMed bilens softwareversion 2024.8 er nogle CAN-meddelelser \u00e6ndret, s\u00e5 indikatoren p\u00e5 produktdisplayet konstant blinker til venstre. Visningen af hastighed og resterende kilometertal fungerer normalt.<br \/>\nDer er modtaget en opdatering fra producenten, som kan downloades.<a href=\"https:\/\/www.vempele.fi\/wp-content\/uploads\/2024\/05\/HUD-24.8-FW.zip\"> Her.<\/a><\/p>","protected":false},"featured_media":20045,"comment_status":"open","ping_status":"closed","template":"","meta":[],"product_brand":[],"product_cat":[151,154,452,455,480,482,128],"product_tag":[532,156,533,157,121],"class_list":{"0":"post-20044","1":"product","2":"type-product","3":"status-publish","4":"has-post-thumbnail","6":"product_cat-model-3","7":"product_cat-model-y","8":"product_cat-m3-tarvikkeet","9":"product_cat-my-tarvikkeet","10":"product_cat-tarvikkeet-sisapuolelle-model-3","11":"product_cat-tarvikkeet-sisapuolelle-model-y","12":"product_cat-tesla-tuotteet","13":"product_tag-hud","14":"product_tag-model-3","15":"product_tag-nopeusnaytto","16":"product_tag-obd2","17":"product_tag-tesla","19":"first","20":"instock","21":"taxable","22":"shipping-taxable","23":"purchasable","24":"product-type-simple"},"jetpack_sharing_enabled":true,"_links":{"self":[{"href":"https:\/\/www.vempele.fi\/da\/wp-json\/wp\/v2\/product\/20044","targetHints":{"allow":["GET"]}}],"collection":[{"href":"https:\/\/www.vempele.fi\/da\/wp-json\/wp\/v2\/product"}],"about":[{"href":"https:\/\/www.vempele.fi\/da\/wp-json\/wp\/v2\/types\/product"}],"replies":[{"embeddable":true,"href":"https:\/\/www.vempele.fi\/da\/wp-json\/wp\/v2\/comments?post=20044"}],"wp:featuredmedia":[{"embeddable":true,"href":"https:\/\/www.vempele.fi\/da\/wp-json\/wp\/v2\/media\/20045"}],"wp:attachment":[{"href":"https:\/\/www.vempele.fi\/da\/wp-json\/wp\/v2\/media?parent=20044"}],"wp:term":[{"taxonomy":"product_brand","embeddable":true,"href":"https:\/\/www.vempele.fi\/da\/wp-json\/wp\/v2\/product_brand?post=20044"},{"taxonomy":"product_cat","embeddable":true,"href":"https:\/\/www.vempele.fi\/da\/wp-json\/wp\/v2\/product_cat?post=20044"},{"taxonomy":"product_tag","embeddable":true,"href":"https:\/\/www.vempele.fi\/da\/wp-json\/wp\/v2\/product_tag?post=20044"}],"curies":[{"name":"wp","href":"https:\/\/api.w.org\/{rel}","templated":true}]}}