{"id":20146,"date":"2023-06-21T15:25:30","date_gmt":"2023-06-21T12:25:30","guid":{"rendered":"https:\/\/www.vempele.fi\/?post_type=product&#038;p=20146"},"modified":"2024-06-12T16:28:22","modified_gmt":"2024-06-12T13:28:22","slug":"pyoranlaaker-rwd-awd-tesla-model-s-x","status":"publish","type":"product","link":"https:\/\/www.vempele.fi\/da\/tuote\/pyoranlaakeri-rwd-awd-tesla-model-s-x\/","title":{"rendered":"Hjulleje RWD, AWD - Tesla Model S \/ X"},"content":{"rendered":"<ul>\n<li>OE-referencenumre leveret af producenten:\n<ul>\n<li>1027170-00-A<\/li>\n<li>1027170-00-B<\/li>\n<\/ul>\n<\/li>\n<li>Antal fastg\u00f8relseshuller: 4<\/li>\n<li>Vanne, huller: 5<\/li>\n<li>V\u00e6gt: ca. 4,3 kg<\/li>\n<\/ul>\n<p><strong>Ikke egnet til RWD-foraksel.<\/strong><\/p>\n<p>&nbsp;<\/p>","protected":false},"excerpt":{"rendered":"<p>Hjulleje i tilbeh\u00f8rsmodel til Tesla Model X og S. Hjullejet passer til bagakslen p\u00e5 RWD-modellen og for- og bagakslen p\u00e5 AWD-modellen.<\/p>\n<p><strong>Bem\u00e6rk!<\/strong> Dette produkt er ikke egnet til forakslen p\u00e5 RWD-modeller.<\/p>\n<p>Egnethed:<\/p>\n<ul>\n<li>Model S<\/li>\n<li>Model X<\/li>\n<\/ul>","protected":false},"featured_media":20164,"comment_status":"open","ping_status":"closed","template":"","meta":[],"product_brand":[],"product_cat":[152,153,473,474],"product_tag":[475,172,173,121,319],"class_list":{"0":"post-20146","1":"product","2":"type-product","3":"status-publish","4":"has-post-thumbnail","6":"product_cat-model-s","7":"product_cat-model-x","8":"product_cat-varaosat-model-s","9":"product_cat-varaosat-model-x","10":"product_tag-laakeri","11":"product_tag-model-s","12":"product_tag-model-x","13":"product_tag-tesla","14":"product_tag-varaosat","16":"first","17":"outofstock","18":"taxable","19":"shipping-taxable","20":"purchasable","21":"product-type-simple"},"jetpack_sharing_enabled":true,"_links":{"self":[{"href":"https:\/\/www.vempele.fi\/da\/wp-json\/wp\/v2\/product\/20146","targetHints":{"allow":["GET"]}}],"collection":[{"href":"https:\/\/www.vempele.fi\/da\/wp-json\/wp\/v2\/product"}],"about":[{"href":"https:\/\/www.vempele.fi\/da\/wp-json\/wp\/v2\/types\/product"}],"replies":[{"embeddable":true,"href":"https:\/\/www.vempele.fi\/da\/wp-json\/wp\/v2\/comments?post=20146"}],"wp:featuredmedia":[{"embeddable":true,"href":"https:\/\/www.vempele.fi\/da\/wp-json\/wp\/v2\/media\/20164"}],"wp:attachment":[{"href":"https:\/\/www.vempele.fi\/da\/wp-json\/wp\/v2\/media?parent=20146"}],"wp:term":[{"taxonomy":"product_brand","embeddable":true,"href":"https:\/\/www.vempele.fi\/da\/wp-json\/wp\/v2\/product_brand?post=20146"},{"taxonomy":"product_cat","embeddable":true,"href":"https:\/\/www.vempele.fi\/da\/wp-json\/wp\/v2\/product_cat?post=20146"},{"taxonomy":"product_tag","embeddable":true,"href":"https:\/\/www.vempele.fi\/da\/wp-json\/wp\/v2\/product_tag?post=20146"}],"curies":[{"name":"wp","href":"https:\/\/api.w.org\/{rel}","templated":true}]}}