{"id":20244,"date":"2024-08-06T12:00:05","date_gmt":"2024-08-06T09:00:05","guid":{"rendered":"https:\/\/www.vempele.fi\/?post_type=product&#038;p=20244"},"modified":"2026-04-17T15:21:12","modified_gmt":"2026-04-17T12:21:12","slug":"dorsparkbeskytter-tesla-model-y","status":"publish","type":"product","link":"https:\/\/www.vempele.fi\/da\/tuote\/oven-potkusuoja-tesla-model-y\/","title":{"rendered":"Sparkbeskytter til bags\u00e6det - Tesla Model Y"},"content":{"rendered":"<p>Sparkbeskytter til bags\u00e6det - Tesla Model Y.<\/p>\n<ul>\n<li>Materiale: plast<\/li>\n<li>Pakken indeholder: 2 x d\u00f8rbeskyttere, en til venstre og en til h\u00f8jre side<\/li>\n<li>Farve: Sort<\/li>\n<li>Egnethed:\n<ul>\n<li>Tesla Model Y 2020 - 2024 (ikke egnet til 7-personers)<\/li>\n<\/ul>\n<\/li>\n<\/ul>","protected":false},"excerpt":{"rendered":"<p>Sparkbeskytter til bags\u00e6det - Tesla Model Y. Den ene side af produktet har et kl\u00e6beb\u00e5nd, der g\u00f8r det muligt at s\u00e6tte produktet fast p\u00e5 den originale overflade. Hold din bils originale hyndeoverflade flottere, n\u00e5r de f\u00f8rste st\u00f8d absorberes af dette produkt. Til reng\u00f8ring er produktet ogs\u00e5 nemt at fjerne ved forsigtigt at l\u00f8sne det fra indtr\u00e6kket.<\/p>\n<p>Ikke egnet til en 7-personers bil.<\/p>","protected":false},"featured_media":20610,"comment_status":"open","ping_status":"closed","template":"","meta":[],"product_brand":[],"product_cat":[154,455,482,128],"product_tag":[271,242,411,121],"class_list":{"0":"post-20244","1":"product","2":"type-product","3":"status-publish","4":"has-post-thumbnail","6":"product_cat-model-y","7":"product_cat-my-tarvikkeet","8":"product_cat-tarvikkeet-sisapuolelle-model-y","9":"product_cat-tesla-tuotteet","10":"product_tag-model-y","11":"product_tag-potkusuoja","12":"product_tag-suoja","13":"product_tag-tesla","15":"first","16":"instock","17":"taxable","18":"shipping-taxable","19":"purchasable","20":"product-type-simple"},"jetpack_sharing_enabled":true,"_links":{"self":[{"href":"https:\/\/www.vempele.fi\/da\/wp-json\/wp\/v2\/product\/20244","targetHints":{"allow":["GET"]}}],"collection":[{"href":"https:\/\/www.vempele.fi\/da\/wp-json\/wp\/v2\/product"}],"about":[{"href":"https:\/\/www.vempele.fi\/da\/wp-json\/wp\/v2\/types\/product"}],"replies":[{"embeddable":true,"href":"https:\/\/www.vempele.fi\/da\/wp-json\/wp\/v2\/comments?post=20244"}],"wp:featuredmedia":[{"embeddable":true,"href":"https:\/\/www.vempele.fi\/da\/wp-json\/wp\/v2\/media\/20610"}],"wp:attachment":[{"href":"https:\/\/www.vempele.fi\/da\/wp-json\/wp\/v2\/media?parent=20244"}],"wp:term":[{"taxonomy":"product_brand","embeddable":true,"href":"https:\/\/www.vempele.fi\/da\/wp-json\/wp\/v2\/product_brand?post=20244"},{"taxonomy":"product_cat","embeddable":true,"href":"https:\/\/www.vempele.fi\/da\/wp-json\/wp\/v2\/product_cat?post=20244"},{"taxonomy":"product_tag","embeddable":true,"href":"https:\/\/www.vempele.fi\/da\/wp-json\/wp\/v2\/product_tag?post=20244"}],"curies":[{"name":"wp","href":"https:\/\/api.w.org\/{rel}","templated":true}]}}