{"id":20405,"date":"2023-07-13T13:52:52","date_gmt":"2023-07-13T10:52:52","guid":{"rendered":"https:\/\/www.vempele.fi\/?post_type=product&#038;p=20405"},"modified":"2026-04-03T14:10:43","modified_gmt":"2026-04-03T11:10:43","slug":"beskyttelse-af-luftventilen-pa-bagsaedet-i-mat-kulfiber-tesla-model-3-y","status":"publish","type":"product","link":"https:\/\/www.vempele.fi\/da\/tuote\/takapenkin-ilmaventtiilin-suoja-matta-hiilikuitu-tesla-model-3-y\/","title":{"rendered":"Beskytter til udluftningshuller p\u00e5 bags\u00e6det - mat kulfiber - Tesla Model 3 \/ Y"},"content":{"rendered":"<p>D\u00e6ksel til luftudtag p\u00e5 bags\u00e6det - mat kulfiber - Tesla Model 3 \/ Y.<\/p>\n<ul>\n<li>Materiale: ABS-plast, kulfiberkonstruktion<\/li>\n<li>Farve: Kulfiberimitation<\/li>\n<li>St\u00f8rrelse: 17 x 7,5 x 20,5 cm<\/li>\n<li>V\u00e6gt: 0,100 kg<\/li>\n<li>Egnethed:\n<ul>\n<li>Model Y<\/li>\n<li>Model 3 Refresh vm. 2021 - 2023<\/li>\n<\/ul>\n<\/li>\n<li>Navn: Bekl\u00e6dning til bagudluftning - mat kulfiber - Tesla Model 3 \/ Y<\/li>\n<\/ul>","protected":false},"excerpt":{"rendered":"<p>Ventilationsd\u00e6ksel til bags\u00e6de - mat kulfiber - Tesla Model 3 2021-&gt; \/ Y. Dette er kulfiberlooket til bags\u00e6det. Produktet s\u00e6ttes p\u00e5 plads med kl\u00e6beb\u00e5nd over originalen. Husk at reng\u00f8re overfladen godt. Kl\u00e6bemidlet kl\u00e6ber ogs\u00e5 bedst, n\u00e5r det monteres p\u00e5 en varm og t\u00f8r overflade.<\/p>","protected":false},"featured_media":20607,"comment_status":"open","ping_status":"closed","template":"","meta":[],"product_brand":[],"product_cat":[151,154,455,480,482,128],"product_tag":[241,156,271,411,121],"class_list":{"0":"post-20405","1":"product","2":"type-product","3":"status-publish","4":"has-post-thumbnail","6":"product_cat-model-3","7":"product_cat-model-y","8":"product_cat-my-tarvikkeet","9":"product_cat-tarvikkeet-sisapuolelle-model-3","10":"product_cat-tarvikkeet-sisapuolelle-model-y","11":"product_cat-tesla-tuotteet","12":"product_tag-hiilikuitu","13":"product_tag-model-3","14":"product_tag-model-y","15":"product_tag-suoja","16":"product_tag-tesla","18":"first","19":"instock","20":"sale","21":"taxable","22":"shipping-taxable","23":"purchasable","24":"product-type-simple"},"jetpack_sharing_enabled":true,"_links":{"self":[{"href":"https:\/\/www.vempele.fi\/da\/wp-json\/wp\/v2\/product\/20405","targetHints":{"allow":["GET"]}}],"collection":[{"href":"https:\/\/www.vempele.fi\/da\/wp-json\/wp\/v2\/product"}],"about":[{"href":"https:\/\/www.vempele.fi\/da\/wp-json\/wp\/v2\/types\/product"}],"replies":[{"embeddable":true,"href":"https:\/\/www.vempele.fi\/da\/wp-json\/wp\/v2\/comments?post=20405"}],"wp:featuredmedia":[{"embeddable":true,"href":"https:\/\/www.vempele.fi\/da\/wp-json\/wp\/v2\/media\/20607"}],"wp:attachment":[{"href":"https:\/\/www.vempele.fi\/da\/wp-json\/wp\/v2\/media?parent=20405"}],"wp:term":[{"taxonomy":"product_brand","embeddable":true,"href":"https:\/\/www.vempele.fi\/da\/wp-json\/wp\/v2\/product_brand?post=20405"},{"taxonomy":"product_cat","embeddable":true,"href":"https:\/\/www.vempele.fi\/da\/wp-json\/wp\/v2\/product_cat?post=20405"},{"taxonomy":"product_tag","embeddable":true,"href":"https:\/\/www.vempele.fi\/da\/wp-json\/wp\/v2\/product_tag?post=20405"}],"curies":[{"name":"wp","href":"https:\/\/api.w.org\/{rel}","templated":true}]}}