{"id":20425,"date":"2023-06-29T15:12:50","date_gmt":"2023-06-29T12:12:50","guid":{"rendered":"https:\/\/www.vempele.fi\/?post_type=product&#038;p=20425"},"modified":"2025-02-21T13:52:08","modified_gmt":"2025-02-21T11:52:08","slug":"model-y-18-polycaps-til-aero-faelge","status":"publish","type":"product","link":"https:\/\/www.vempele.fi\/da\/tuote\/model-y-18-polykapselit-aero-vanteille\/","title":{"rendered":"Model 3 - 18\u2033 st\u00f8vh\u00e6tter til Aero-f\u00e6lge"},"content":{"rendered":"<ul>\n<li>Kompatibilitet: Tesla Model 3 - 18\u2033 Aero-f\u00e6lge f\u00f8r 10\/2023<\/li>\n<li>Farve: Mat sort<\/li>\n<li>Materiale: ABS<\/li>\n<li>St\u00f8rrelse: 18\u2033<\/li>\n<li>Pakkens indhold:\n<ul>\n<li>4 x st\u00f8vkapsler (identiske)<\/li>\n<li>Beskyttende tape<\/li>\n<li>4 x logo-klisterm\u00e6rker i midten, mat sort<\/li>\n<\/ul>\n<\/li>\n<\/ul>","protected":false},"excerpt":{"rendered":"<p>St\u00f8vkapsler af slidst\u00e6rk ABS-plast Model 3 - 18\u2033 St\u00f8vkapsler til Aero-hjul.<\/p>\n<p>Leveres med selvkl\u00e6bende midterste stempler med matsort Tesla-logo, se billede.<\/p>\n<p>Den leveres ogs\u00e5 med beskyttelseslister mellem f\u00e6lgene og hjulkapslerne for at beskytte Aero-f\u00e6lgene mod ridser.<\/p>\n<p>Bem\u00e6rk.<br \/>\nI mods\u00e6tning til billederne har det midterste m\u00e6rke et hvidt T-logo i stedet for matsort.<\/p>","protected":false},"featured_media":20603,"comment_status":"open","ping_status":"closed","template":"","meta":[],"product_brand":[],"product_cat":[151,452,481,128,456],"product_tag":[83,490,411,121,120],"class_list":{"0":"post-20425","1":"product","2":"type-product","3":"status-publish","4":"has-post-thumbnail","6":"product_cat-model-3","7":"product_cat-m3-tarvikkeet","8":"product_cat-tarvikkeet-ulkopuolelle-model-3","9":"product_cat-tesla-tuotteet","10":"product_cat-vannetarvikkeet","11":"product_tag-autotarvikkeet","12":"product_tag-polykapseli","13":"product_tag-suoja","14":"product_tag-tesla","15":"product_tag-tesla-model-3","17":"first","18":"outofstock","19":"taxable","20":"shipping-taxable","21":"purchasable","22":"product-type-simple"},"jetpack_sharing_enabled":true,"_links":{"self":[{"href":"https:\/\/www.vempele.fi\/da\/wp-json\/wp\/v2\/product\/20425","targetHints":{"allow":["GET"]}}],"collection":[{"href":"https:\/\/www.vempele.fi\/da\/wp-json\/wp\/v2\/product"}],"about":[{"href":"https:\/\/www.vempele.fi\/da\/wp-json\/wp\/v2\/types\/product"}],"replies":[{"embeddable":true,"href":"https:\/\/www.vempele.fi\/da\/wp-json\/wp\/v2\/comments?post=20425"}],"wp:featuredmedia":[{"embeddable":true,"href":"https:\/\/www.vempele.fi\/da\/wp-json\/wp\/v2\/media\/20603"}],"wp:attachment":[{"href":"https:\/\/www.vempele.fi\/da\/wp-json\/wp\/v2\/media?parent=20425"}],"wp:term":[{"taxonomy":"product_brand","embeddable":true,"href":"https:\/\/www.vempele.fi\/da\/wp-json\/wp\/v2\/product_brand?post=20425"},{"taxonomy":"product_cat","embeddable":true,"href":"https:\/\/www.vempele.fi\/da\/wp-json\/wp\/v2\/product_cat?post=20425"},{"taxonomy":"product_tag","embeddable":true,"href":"https:\/\/www.vempele.fi\/da\/wp-json\/wp\/v2\/product_tag?post=20425"}],"curies":[{"name":"wp","href":"https:\/\/api.w.org\/{rel}","templated":true}]}}