{"id":20844,"date":"2023-07-10T10:33:35","date_gmt":"2023-07-10T07:33:35","guid":{"rendered":"https:\/\/www.vempele.fi\/?post_type=product&#038;p=20844"},"modified":"2026-04-05T23:44:22","modified_gmt":"2026-04-05T20:44:22","slug":"sikkerhedssele-clips","status":"publish","type":"product","link":"https:\/\/www.vempele.fi\/da\/tuote\/turvavyon-klipsi\/","title":{"rendered":"Klips til sikkerhedssele"},"content":{"rendered":"<p>Klips til sikkerhedssele<\/p>\n<ul>\n<li>Materiale: metal<\/li>\n<li>Farve: Sort<\/li>\n<li>V\u00e6gt: 0,030 kg<\/li>\n<li>St\u00f8rrelse: 4 x 4 x 2,2 cm<\/li>\n<li>Egnethed: universel model<\/li>\n<li>Installation: sikkerhedssele<\/li>\n<\/ul>","protected":false},"excerpt":{"rendered":"<p>Klip til sikkerhedsselen. Bliver du ogs\u00e5 irriteret over advarselslydene, n\u00e5r du har en tung last p\u00e5 det tomme bags\u00e6de, og advarselsbippet starter? Her er en smart l\u00f8sning p\u00e5 problemet, som vil stoppe de un\u00f8dvendige advarselslyde.<\/p>\n<p><strong>Bem\u00e6rk!\u00a0<\/strong>Husk altid at tage sikkerhedsselen p\u00e5, n\u00e5r du k\u00f8rer.<\/p>","protected":false},"featured_media":20605,"comment_status":"open","ping_status":"closed","template":"","meta":[],"product_brand":[],"product_cat":[151,152,153,154,453,454,455,480,485,487,482,128],"product_tag":[531,156,172,173,271,121,530],"class_list":{"0":"post-20844","1":"product","2":"type-product","3":"status-publish","4":"has-post-thumbnail","6":"product_cat-model-3","7":"product_cat-model-s","8":"product_cat-model-x","9":"product_cat-model-y","10":"product_cat-ms-tarvikkeet","11":"product_cat-mx-tarvikkeet","12":"product_cat-my-tarvikkeet","13":"product_cat-tarvikkeet-sisapuolelle-model-3","14":"product_cat-tarvikkeet-sisapuolelle-model-s","15":"product_cat-tarvikkeet-sisapuolelle-model-x","16":"product_cat-tarvikkeet-sisapuolelle-model-y","17":"product_cat-tesla-tuotteet","18":"product_tag-klipsu","19":"product_tag-model-3","20":"product_tag-model-s","21":"product_tag-model-x","22":"product_tag-model-y","23":"product_tag-tesla","24":"product_tag-turvavyo","26":"first","27":"outofstock","28":"taxable","29":"shipping-taxable","30":"purchasable","31":"product-type-simple"},"jetpack_sharing_enabled":true,"_links":{"self":[{"href":"https:\/\/www.vempele.fi\/da\/wp-json\/wp\/v2\/product\/20844","targetHints":{"allow":["GET"]}}],"collection":[{"href":"https:\/\/www.vempele.fi\/da\/wp-json\/wp\/v2\/product"}],"about":[{"href":"https:\/\/www.vempele.fi\/da\/wp-json\/wp\/v2\/types\/product"}],"replies":[{"embeddable":true,"href":"https:\/\/www.vempele.fi\/da\/wp-json\/wp\/v2\/comments?post=20844"}],"wp:featuredmedia":[{"embeddable":true,"href":"https:\/\/www.vempele.fi\/da\/wp-json\/wp\/v2\/media\/20605"}],"wp:attachment":[{"href":"https:\/\/www.vempele.fi\/da\/wp-json\/wp\/v2\/media?parent=20844"}],"wp:term":[{"taxonomy":"product_brand","embeddable":true,"href":"https:\/\/www.vempele.fi\/da\/wp-json\/wp\/v2\/product_brand?post=20844"},{"taxonomy":"product_cat","embeddable":true,"href":"https:\/\/www.vempele.fi\/da\/wp-json\/wp\/v2\/product_cat?post=20844"},{"taxonomy":"product_tag","embeddable":true,"href":"https:\/\/www.vempele.fi\/da\/wp-json\/wp\/v2\/product_tag?post=20844"}],"curies":[{"name":"wp","href":"https:\/\/api.w.org\/{rel}","templated":true}]}}