{"id":20859,"date":"2024-01-10T13:20:38","date_gmt":"2024-01-10T11:20:38","guid":{"rendered":"https:\/\/www.vempele.fi\/?post_type=product&#038;p=20859"},"modified":"2025-09-01T15:11:58","modified_gmt":"2025-09-01T12:11:58","slug":"midterkonsol-kantbeskyttelse-kulfiber-tesla-model-3-refresh-y","status":"publish","type":"product","link":"https:\/\/www.vempele.fi\/da\/tuote\/keskikonsolin-reunasuoja-hiilikuitujaljitelma-tesla-model-3-refresh-y\/","title":{"rendered":"Kantbeskyttelse til midterkonsollen, kulfiberversion - Tesla Model 3 Refresh \/ Y"},"content":{"rendered":"<p>Kantbeskyttelse til midterkonsol, kulfiberversion - Tesla Model 3 \/ Y.<\/p>\n<p>Dette interi\u00f8relement i kulfiber er en fantastisk m\u00e5de at opdatere udseendet af din bils interi\u00f8r p\u00e5, s\u00e5 det f\u00e5r et mere moderne og individuelt look. Det er fremstillet af ABS-plast af h\u00f8j kvalitet og giver holdbarhed og langvarig beskyttelse. Monteringen er nem og helt uden brug af v\u00e6rkt\u00f8j. Kun den overflade, der skal tapes, skal v\u00e6re helt ren for at sikre, at produktet sidder godt fast.<\/p>\n<ul>\n<li>Materiale: ABS<\/li>\n<li>Farve: Kulfiber, mat<\/li>\n<li>St\u00f8rrelse: 96 x 10 x 2 cm<\/li>\n<li>V\u00e6gt: 0,2 kg<\/li>\n<li>Egnethed:\n<ul>\n<li>Opdatering af Model 3 (2021 - 2023)<\/li>\n<li>Model Y 2020 - 2024<\/li>\n<\/ul>\n<\/li>\n<\/ul>","protected":false},"excerpt":{"rendered":"<p>Med dette produkt kan du effektivt beskytte midterkonsollens kant mod gnidning og samtidig opgradere bilens interi\u00f8r til et mere sporty look.<\/p>\n<p>Sk\u00e6rmene er nemme at montere med den f\u00e6rdige dobbeltkl\u00e6bende tape. En varm, ren og fedtfri overflade er n\u00f8dvendig for en vellykket installation.<\/p>\n<p>&nbsp;<\/p>","protected":false},"featured_media":20639,"comment_status":"open","ping_status":"closed","template":"","meta":[],"product_brand":[],"product_cat":[151,154,455,480,482,128],"product_tag":[241,237,156,271,570,411,121],"class_list":{"0":"post-20859","1":"product","2":"type-product","3":"status-publish","4":"has-post-thumbnail","6":"product_cat-model-3","7":"product_cat-model-y","8":"product_cat-my-tarvikkeet","9":"product_cat-tarvikkeet-sisapuolelle-model-3","10":"product_cat-tarvikkeet-sisapuolelle-model-y","11":"product_cat-tesla-tuotteet","12":"product_tag-hiilikuitu","13":"product_tag-keskikonsoli","14":"product_tag-model-3","15":"product_tag-model-y","16":"product_tag-refresh","17":"product_tag-suoja","18":"product_tag-tesla","20":"first","21":"instock","22":"taxable","23":"shipping-taxable","24":"purchasable","25":"product-type-simple"},"jetpack_sharing_enabled":true,"_links":{"self":[{"href":"https:\/\/www.vempele.fi\/da\/wp-json\/wp\/v2\/product\/20859","targetHints":{"allow":["GET"]}}],"collection":[{"href":"https:\/\/www.vempele.fi\/da\/wp-json\/wp\/v2\/product"}],"about":[{"href":"https:\/\/www.vempele.fi\/da\/wp-json\/wp\/v2\/types\/product"}],"replies":[{"embeddable":true,"href":"https:\/\/www.vempele.fi\/da\/wp-json\/wp\/v2\/comments?post=20859"}],"wp:featuredmedia":[{"embeddable":true,"href":"https:\/\/www.vempele.fi\/da\/wp-json\/wp\/v2\/media\/20639"}],"wp:attachment":[{"href":"https:\/\/www.vempele.fi\/da\/wp-json\/wp\/v2\/media?parent=20859"}],"wp:term":[{"taxonomy":"product_brand","embeddable":true,"href":"https:\/\/www.vempele.fi\/da\/wp-json\/wp\/v2\/product_brand?post=20859"},{"taxonomy":"product_cat","embeddable":true,"href":"https:\/\/www.vempele.fi\/da\/wp-json\/wp\/v2\/product_cat?post=20859"},{"taxonomy":"product_tag","embeddable":true,"href":"https:\/\/www.vempele.fi\/da\/wp-json\/wp\/v2\/product_tag?post=20859"}],"curies":[{"name":"wp","href":"https:\/\/api.w.org\/{rel}","templated":true}]}}