{"id":20860,"date":"2023-07-14T17:00:39","date_gmt":"2023-07-14T14:00:39","guid":{"rendered":"https:\/\/www.vempele.fi\/?post_type=product&#038;p=20860"},"modified":"2025-09-01T14:58:48","modified_gmt":"2025-09-01T11:58:48","slug":"glasindkapsling-til-tag-tesla-model-y","status":"publish","type":"product","link":"https:\/\/www.vempele.fi\/da\/tuote\/lasikotelo-kattoon-tesla-model-y\/","title":{"rendered":"Glasindd\u00e6kning p\u00e5 taget - Tesla Model Y"},"content":{"rendered":"<p>Glasindkapsling p\u00e5 taget - Tesla Model Y.<\/p>\n<ul>\n<li>Materiale: ABS-plast<\/li>\n<li>Farve: Sort<\/li>\n<li>St\u00f8rrelse: 19,5 x 10,5 x 7 cm<\/li>\n<li>V\u00e6gt: 0,135 kg<\/li>\n<li>Egnethed:\n<ul>\n<li>Model Y 2020 - 2024<\/li>\n<\/ul>\n<\/li>\n<li>Montering: p\u00e5 bagsiden af Model Y-spejlet<\/li>\n<\/ul>","protected":false},"excerpt":{"rendered":"<p>Tagglasafsk\u00e6rmning - Tesla Model Y. Stilfuld sort glasafsk\u00e6rmning, der \u00e5bnes med et let tryk. Monteres p\u00e5 forsiden af forrudespejlet, s\u00e5 du kan f\u00e5 mest muligt ud af al pladsen i din bil. St\u00f8rrelsesm\u00e6ssigt passer normale briller fint. De pilotbriller, der bruges p\u00e5 billedet, er store i linseomr\u00e5det.<\/p>","protected":false},"featured_media":20671,"comment_status":"open","ping_status":"closed","template":"","meta":[],"product_brand":[],"product_cat":[154,455,482,128],"product_tag":[271,121,203],"class_list":{"0":"post-20860","1":"product","2":"type-product","3":"status-publish","4":"has-post-thumbnail","6":"product_cat-model-y","7":"product_cat-my-tarvikkeet","8":"product_cat-tarvikkeet-sisapuolelle-model-y","9":"product_cat-tesla-tuotteet","10":"product_tag-model-y","11":"product_tag-tesla","12":"product_tag-tesla-model-y","14":"first","15":"outofstock","16":"taxable","17":"shipping-taxable","18":"purchasable","19":"product-type-simple"},"jetpack_sharing_enabled":true,"_links":{"self":[{"href":"https:\/\/www.vempele.fi\/da\/wp-json\/wp\/v2\/product\/20860","targetHints":{"allow":["GET"]}}],"collection":[{"href":"https:\/\/www.vempele.fi\/da\/wp-json\/wp\/v2\/product"}],"about":[{"href":"https:\/\/www.vempele.fi\/da\/wp-json\/wp\/v2\/types\/product"}],"replies":[{"embeddable":true,"href":"https:\/\/www.vempele.fi\/da\/wp-json\/wp\/v2\/comments?post=20860"}],"wp:featuredmedia":[{"embeddable":true,"href":"https:\/\/www.vempele.fi\/da\/wp-json\/wp\/v2\/media\/20671"}],"wp:attachment":[{"href":"https:\/\/www.vempele.fi\/da\/wp-json\/wp\/v2\/media?parent=20860"}],"wp:term":[{"taxonomy":"product_brand","embeddable":true,"href":"https:\/\/www.vempele.fi\/da\/wp-json\/wp\/v2\/product_brand?post=20860"},{"taxonomy":"product_cat","embeddable":true,"href":"https:\/\/www.vempele.fi\/da\/wp-json\/wp\/v2\/product_cat?post=20860"},{"taxonomy":"product_tag","embeddable":true,"href":"https:\/\/www.vempele.fi\/da\/wp-json\/wp\/v2\/product_tag?post=20860"}],"curies":[{"name":"wp","href":"https:\/\/api.w.org\/{rel}","templated":true}]}}