{"id":22687,"date":"2023-09-15T10:19:47","date_gmt":"2023-09-15T07:19:47","guid":{"rendered":"https:\/\/www.vempele.fi\/?post_type=product&#038;p=22687"},"modified":"2025-07-25T16:10:26","modified_gmt":"2025-07-25T13:10:26","slug":"tesla-model-3-solafskaermning-til-vinduer","status":"publish","type":"product","link":"https:\/\/www.vempele.fi\/da\/tuote\/tesla-model-3-aurinkosuojat-ikkunoihin\/","title":{"rendered":"Solsk\u00e6rme til vinduer - Tesla Model 3"},"content":{"rendered":"<p>Materiale: Nylon<br \/>\nFarve: S\u00f8lv \/ sort<br \/>\nV\u00e6gt: ca. 1,5 kg<br \/>\nBilmodeller: Tesla Model 3<br \/>\nPakkens indhold: 8 dele og opbevaringsposer<br \/>\nNavn: Tesla Model 3 - Solsk\u00e6rme<\/p>","protected":false},"excerpt":{"rendered":"<p>Tesla Model 3 - Solsk\u00e6rme til vinduer.<\/p>\n<p>Disse solcremer kan bruges inde i bilen b\u00e5de sommer og vinter. De giver ogs\u00e5 en behagelig beskyttelse af bilens passagerer og bremser ogs\u00e5 en smule udslippet af varme gennem vinduerne.<\/p>\n<p>Produkterne er lette og t\u00e6tsiddende. Den indvendige overflade p\u00e5 solsk\u00e6rmene er sort, og overfladen mod vinduet er reflekterende stof. Solsk\u00e6rmene er ogs\u00e5 meget lette, og de store kan foldes sammen p\u00e5 midten, s\u00e5 de sparer plads i bilen. Produkterne leveres med praktiske opbevaringsposer.<\/p>\n<p>Solsk\u00e6rmene er nemme at montere, og det eneste, du skal g\u00f8re, er at trykke dem p\u00e5 plads. Produkterne er designet specielt til Tesla Model 3.<\/p>","protected":false},"featured_media":17040,"comment_status":"open","ping_status":"closed","template":"","meta":[],"product_brand":[],"product_cat":[151,452,480,128],"product_tag":[198,83,121,120],"class_list":{"0":"post-22687","1":"product","2":"type-product","3":"status-publish","4":"has-post-thumbnail","6":"product_cat-model-3","7":"product_cat-m3-tarvikkeet","8":"product_cat-tarvikkeet-sisapuolelle-model-3","9":"product_cat-tesla-tuotteet","10":"product_tag-aurinkosuoja","11":"product_tag-autotarvikkeet","12":"product_tag-tesla","13":"product_tag-tesla-model-3","15":"first","16":"outofstock","17":"taxable","18":"shipping-taxable","19":"purchasable","20":"product-type-simple"},"jetpack_sharing_enabled":true,"_links":{"self":[{"href":"https:\/\/www.vempele.fi\/da\/wp-json\/wp\/v2\/product\/22687","targetHints":{"allow":["GET"]}}],"collection":[{"href":"https:\/\/www.vempele.fi\/da\/wp-json\/wp\/v2\/product"}],"about":[{"href":"https:\/\/www.vempele.fi\/da\/wp-json\/wp\/v2\/types\/product"}],"replies":[{"embeddable":true,"href":"https:\/\/www.vempele.fi\/da\/wp-json\/wp\/v2\/comments?post=22687"}],"wp:featuredmedia":[{"embeddable":true,"href":"https:\/\/www.vempele.fi\/da\/wp-json\/wp\/v2\/media\/17040"}],"wp:attachment":[{"href":"https:\/\/www.vempele.fi\/da\/wp-json\/wp\/v2\/media?parent=22687"}],"wp:term":[{"taxonomy":"product_brand","embeddable":true,"href":"https:\/\/www.vempele.fi\/da\/wp-json\/wp\/v2\/product_brand?post=22687"},{"taxonomy":"product_cat","embeddable":true,"href":"https:\/\/www.vempele.fi\/da\/wp-json\/wp\/v2\/product_cat?post=22687"},{"taxonomy":"product_tag","embeddable":true,"href":"https:\/\/www.vempele.fi\/da\/wp-json\/wp\/v2\/product_tag?post=22687"}],"curies":[{"name":"wp","href":"https:\/\/api.w.org\/{rel}","templated":true}]}}