{"id":24294,"date":"2023-11-09T12:38:52","date_gmt":"2023-11-09T10:38:52","guid":{"rendered":"https:\/\/www.vempele.fi\/?post_type=product&#038;p=24294"},"modified":"2026-04-19T17:37:40","modified_gmt":"2026-04-19T14:37:40","slug":"fjernbetjening-til-opladningsluge-model-s-3-x-y","status":"publish","type":"product","link":"https:\/\/www.vempele.fi\/da\/tuote\/latausluukun-kauko-ohjain-model-s-3-x-y\/","title":{"rendered":"Fjernbetjening til opladningsluge - Model S \/ 3 \/ X \/ Y"},"content":{"rendered":"<p>Fjernbetjening til opladningsluge - Model S \/ 3 \/ X \/ Y<\/p>\n<ul>\n<li>Materiale: ABS<\/li>\n<li>Farve: R\u00f8d<\/li>\n<li>St\u00f8rrelse: 3,5 x 3 x 1 cm<\/li>\n<li>V\u00e6gt: ca. 10 g<\/li>\n<li>Batteri: CR2050 (medf\u00f8lger)<\/li>\n<li>Egnethed: til Tesla Model S \/ 3 \/ X \/ Y<\/li>\n<\/ul>","protected":false},"excerpt":{"rendered":"<p>Et praktisk tilbeh\u00f8r til en n\u00f8glering eller til at s\u00e6tte fast med dobbeltkl\u00e6bende tape!<\/p>\n<p>Med fjernbetjeningsknappen p\u00e5 ladelugen kan du nemt \u00e5bne lugen p\u00e5 flere meters afstand. Lugen \u00e5bner dog ikke, hvis d\u00f8rene er l\u00e5st, og telefonn\u00f8glen ikke er i n\u00e6rheden. Knappen kan ikke bruges til at l\u00e5se op for ladestikket.<\/p>\n<p>Produktet beh\u00f8ver ikke at blive parret med bilen, det fungerer lige ud af kassen.<\/p>","protected":false},"featured_media":24295,"comment_status":"open","ping_status":"closed","template":"","meta":[],"product_brand":[],"product_cat":[151,152,153,154,452,453,454,455,480,485,487,482,481,484,486,483,128],"product_tag":[523,522,156,172,173,271,121],"class_list":{"0":"post-24294","1":"product","2":"type-product","3":"status-publish","4":"has-post-thumbnail","6":"product_cat-model-3","7":"product_cat-model-s","8":"product_cat-model-x","9":"product_cat-model-y","10":"product_cat-m3-tarvikkeet","11":"product_cat-ms-tarvikkeet","12":"product_cat-mx-tarvikkeet","13":"product_cat-my-tarvikkeet","14":"product_cat-tarvikkeet-sisapuolelle-model-3","15":"product_cat-tarvikkeet-sisapuolelle-model-s","16":"product_cat-tarvikkeet-sisapuolelle-model-x","17":"product_cat-tarvikkeet-sisapuolelle-model-y","18":"product_cat-tarvikkeet-ulkopuolelle-model-3","19":"product_cat-tarvikkeet-ulkopuolelle-model-s","20":"product_cat-tarvikkeet-ulkopuolelle-model-x","21":"product_cat-tarvikkeet-ulkopuolelle-model-y","22":"product_cat-tesla-tuotteet","23":"product_tag-kauko-ohjain","24":"product_tag-latausportti","25":"product_tag-model-3","26":"product_tag-model-s","27":"product_tag-model-x","28":"product_tag-model-y","29":"product_tag-tesla","31":"first","32":"instock","33":"taxable","34":"shipping-taxable","35":"purchasable","36":"product-type-simple"},"jetpack_sharing_enabled":true,"_links":{"self":[{"href":"https:\/\/www.vempele.fi\/da\/wp-json\/wp\/v2\/product\/24294","targetHints":{"allow":["GET"]}}],"collection":[{"href":"https:\/\/www.vempele.fi\/da\/wp-json\/wp\/v2\/product"}],"about":[{"href":"https:\/\/www.vempele.fi\/da\/wp-json\/wp\/v2\/types\/product"}],"replies":[{"embeddable":true,"href":"https:\/\/www.vempele.fi\/da\/wp-json\/wp\/v2\/comments?post=24294"}],"wp:featuredmedia":[{"embeddable":true,"href":"https:\/\/www.vempele.fi\/da\/wp-json\/wp\/v2\/media\/24295"}],"wp:attachment":[{"href":"https:\/\/www.vempele.fi\/da\/wp-json\/wp\/v2\/media?parent=24294"}],"wp:term":[{"taxonomy":"product_brand","embeddable":true,"href":"https:\/\/www.vempele.fi\/da\/wp-json\/wp\/v2\/product_brand?post=24294"},{"taxonomy":"product_cat","embeddable":true,"href":"https:\/\/www.vempele.fi\/da\/wp-json\/wp\/v2\/product_cat?post=24294"},{"taxonomy":"product_tag","embeddable":true,"href":"https:\/\/www.vempele.fi\/da\/wp-json\/wp\/v2\/product_tag?post=24294"}],"curies":[{"name":"wp","href":"https:\/\/api.w.org\/{rel}","templated":true}]}}