{"id":24412,"date":"2023-11-16T15:32:03","date_gmt":"2023-11-16T13:32:03","guid":{"rendered":"https:\/\/www.vempele.fi\/?post_type=product&#038;p=24412"},"modified":"2025-10-21T19:59:22","modified_gmt":"2025-10-21T16:59:22","slug":"ppf-beskyttelsesfilm-model-3","status":"publish","type":"product","link":"https:\/\/www.vempele.fi\/da\/tuote\/ppf-suojakalvot-model-3\/","title":{"rendered":"PPF-beskyttelsesfilm - Model 3"},"content":{"rendered":"<p>PPF-beskyttelsesfilm - Model 3<\/p>\n<ul>\n<li>Produktet indeholder 4 stykker PPF-film, der er sk\u00e5ret til.<\/li>\n<li>Farve: Transparent<\/li>\n<li>Egnethed:\n<ul>\n<li>Model 3 Pre-Refresh vm. 2019 - 2021<\/li>\n<li>Model 3 Refresh vm 2021 - 2023<\/li>\n<li>Model 3 Highland 2023 -&gt;.<\/li>\n<\/ul>\n<\/li>\n<\/ul>","protected":false},"excerpt":{"rendered":"<p>Med PPF-beskyttelsesmanchetten, der er sk\u00e5ret p\u00e5 m\u00e5l, kan du beskytte de mest udsatte omr\u00e5der af bilens lakoverflade p\u00e5 for- og baghjulsbuerne.<\/p>\n<p>Filmen er gennemsigtig, elastisk og holdbar.<\/p>\n<p>En vellykket installation kr\u00e6ver et varmt rum og omhyggelig reng\u00f8ring af det omr\u00e5de, der skal filmes, for alt snavs, st\u00f8v, fedt og eventuel bel\u00e6gning. Efter reng\u00f8ringen spr\u00f8jtes mildt s\u00e6bevand fra en sprayflaske p\u00e5 det omr\u00e5de, der skal installeres, og p\u00e5 den kl\u00e6bende side af beskyttelsesfilmen. S\u00e6t derefter beskyttelsesfilmen p\u00e5 plads, og brug en spatel til at fjerne s\u00e6bevandet imellem, s\u00e5 beskyttelsesfilmen kan kl\u00e6be til lakoverfladen.<\/p>","protected":false},"featured_media":24413,"comment_status":"open","ping_status":"closed","template":"","meta":[],"product_brand":[],"product_cat":[151,452,481,128],"product_tag":[156,526,411,527,121],"class_list":{"0":"post-24412","1":"product","2":"type-product","3":"status-publish","4":"has-post-thumbnail","6":"product_cat-model-3","7":"product_cat-m3-tarvikkeet","8":"product_cat-tarvikkeet-ulkopuolelle-model-3","9":"product_cat-tesla-tuotteet","10":"product_tag-model-3","11":"product_tag-ppf","12":"product_tag-suoja","13":"product_tag-suojakalvo","14":"product_tag-tesla","16":"first","17":"outofstock","18":"taxable","19":"shipping-taxable","20":"purchasable","21":"product-type-simple"},"jetpack_sharing_enabled":true,"_links":{"self":[{"href":"https:\/\/www.vempele.fi\/da\/wp-json\/wp\/v2\/product\/24412","targetHints":{"allow":["GET"]}}],"collection":[{"href":"https:\/\/www.vempele.fi\/da\/wp-json\/wp\/v2\/product"}],"about":[{"href":"https:\/\/www.vempele.fi\/da\/wp-json\/wp\/v2\/types\/product"}],"replies":[{"embeddable":true,"href":"https:\/\/www.vempele.fi\/da\/wp-json\/wp\/v2\/comments?post=24412"}],"wp:featuredmedia":[{"embeddable":true,"href":"https:\/\/www.vempele.fi\/da\/wp-json\/wp\/v2\/media\/24413"}],"wp:attachment":[{"href":"https:\/\/www.vempele.fi\/da\/wp-json\/wp\/v2\/media?parent=24412"}],"wp:term":[{"taxonomy":"product_brand","embeddable":true,"href":"https:\/\/www.vempele.fi\/da\/wp-json\/wp\/v2\/product_brand?post=24412"},{"taxonomy":"product_cat","embeddable":true,"href":"https:\/\/www.vempele.fi\/da\/wp-json\/wp\/v2\/product_cat?post=24412"},{"taxonomy":"product_tag","embeddable":true,"href":"https:\/\/www.vempele.fi\/da\/wp-json\/wp\/v2\/product_tag?post=24412"}],"curies":[{"name":"wp","href":"https:\/\/api.w.org\/{rel}","templated":true}]}}