{"id":26249,"date":"2024-03-01T09:54:49","date_gmt":"2024-03-01T07:54:49","guid":{"rendered":"https:\/\/www.vempele.fi\/?post_type=product&#038;p=26249"},"modified":"2026-04-16T19:44:58","modified_gmt":"2026-04-16T16:44:58","slug":"kontakt-natsynsbriller-2-stk-tesla-model-3-highland-y-juniper","status":"publish","type":"product","link":"https:\/\/www.vempele.fi\/da\/tuote\/kosketusnayton-suojalasit-2kpl-tesla-model-3-highland-y-juniper\/","title":{"rendered":"Briller med ber\u00f8ringssk\u00e6rm (2 stk.) - Tesla Model 3 Highland og Y Juniper"},"content":{"rendered":"<p>Gennemsigtige sk\u00e6rme til ber\u00f8ringssk\u00e6rme foran og bagp\u00e5.<\/p>\n<p>Det anbefales at slukke for sk\u00e6rmen under installationen!<\/p>\n<ul>\n<li>Materiale: h\u00e6rdet glas<\/li>\n<li>Egnethed:\n<ul>\n<li>Model 3 H\u00f8jlandet 2023-&gt;.<\/li>\n<li>Model Y Juniper 2025-&gt;.<\/li>\n<li><strong>Sopii 15,4&#8243; n\u00e4yt\u00f6lle.\u00a0<\/strong><\/li>\n<\/ul>\n<\/li>\n<\/ul>","protected":false},"excerpt":{"rendered":"<p>Touchscreen-beskyttere til Tesla Model 3 Highland og Model Y Juniper. Forhindrer ridser p\u00e5 touchsk\u00e6rme. Leveres i en robust pakke. Vi anbefaler dog, at du kontrollerer, at touchscreen-beskyttelsen er intakt efter forsendelse.<\/p>\n<p>Indeholder beskyttelse til begge sk\u00e6rme, for- og bagside.<\/p>\n<p><strong>Sopii 15,4&#8243; n\u00e4yt\u00f6lle.\u00a0<\/strong><\/p>\n<p>&nbsp;<\/p>","protected":false},"featured_media":26253,"comment_status":"open","ping_status":"closed","template":"","meta":[],"product_brand":[],"product_cat":[151,154,452,455,480,482,128],"product_tag":[83,587,800,234,156,271,201,121],"class_list":{"0":"post-26249","1":"product","2":"type-product","3":"status-publish","4":"has-post-thumbnail","6":"product_cat-model-3","7":"product_cat-model-y","8":"product_cat-m3-tarvikkeet","9":"product_cat-my-tarvikkeet","10":"product_cat-tarvikkeet-sisapuolelle-model-3","11":"product_cat-tarvikkeet-sisapuolelle-model-y","12":"product_cat-tesla-tuotteet","13":"product_tag-autotarvikkeet","14":"product_tag-highland","15":"product_tag-juniper","16":"product_tag-kosketusnaytto","17":"product_tag-model-3","18":"product_tag-model-y","19":"product_tag-naytonsuoja","20":"product_tag-tesla","22":"first","23":"instock","24":"taxable","25":"shipping-taxable","26":"purchasable","27":"product-type-simple"},"jetpack_sharing_enabled":true,"_links":{"self":[{"href":"https:\/\/www.vempele.fi\/da\/wp-json\/wp\/v2\/product\/26249","targetHints":{"allow":["GET"]}}],"collection":[{"href":"https:\/\/www.vempele.fi\/da\/wp-json\/wp\/v2\/product"}],"about":[{"href":"https:\/\/www.vempele.fi\/da\/wp-json\/wp\/v2\/types\/product"}],"replies":[{"embeddable":true,"href":"https:\/\/www.vempele.fi\/da\/wp-json\/wp\/v2\/comments?post=26249"}],"wp:featuredmedia":[{"embeddable":true,"href":"https:\/\/www.vempele.fi\/da\/wp-json\/wp\/v2\/media\/26253"}],"wp:attachment":[{"href":"https:\/\/www.vempele.fi\/da\/wp-json\/wp\/v2\/media?parent=26249"}],"wp:term":[{"taxonomy":"product_brand","embeddable":true,"href":"https:\/\/www.vempele.fi\/da\/wp-json\/wp\/v2\/product_brand?post=26249"},{"taxonomy":"product_cat","embeddable":true,"href":"https:\/\/www.vempele.fi\/da\/wp-json\/wp\/v2\/product_cat?post=26249"},{"taxonomy":"product_tag","embeddable":true,"href":"https:\/\/www.vempele.fi\/da\/wp-json\/wp\/v2\/product_tag?post=26249"}],"curies":[{"name":"wp","href":"https:\/\/api.w.org\/{rel}","templated":true}]}}