{"id":26628,"date":"2024-03-19T14:17:07","date_gmt":"2024-03-19T12:17:07","guid":{"rendered":"https:\/\/www.vempele.fi\/?post_type=product&#038;p=26628"},"modified":"2026-04-18T11:54:43","modified_gmt":"2026-04-18T08:54:43","slug":"eco-gulvmatter-tesla-model-3","status":"publish","type":"product","link":"https:\/\/www.vempele.fi\/da\/tuote\/eco-lattiamatot-tesla-model-3\/","title":{"rendered":"ECO Gulvm\u00e5tter - Tesla Model 3"},"content":{"rendered":"<p>Et slidst\u00e6rkt, popul\u00e6rt og frem for alt hjemligt ECO-m\u00e5ttes\u00e6t til Tesla Model 3.<\/p>\n<p>Tre m\u00e5tter i pakken:<br \/>\n1 x Til f\u00f8reren<br \/>\n1 x til fors\u00e6depassager<br \/>\n1 x enkelt t\u00e6ppe til bagerste gulv<\/p>\n<p><b>Yderligere information:<\/b><\/p>\n<ul>\n<li>Materiale: EVA<\/li>\n<li>Egnethed:\n<ul>\n<li>Model 3 Pre-refresh 2019 - 2021<\/li>\n<li>Opdatering af Model 3 2021 - 2023<\/li>\n<li>Model 3 Highland 2023 -&gt;.<\/li>\n<\/ul>\n<\/li>\n<li>Farve: Sort<\/li>\n<li>V\u00e6gt: ca. 1,6 kg<\/li>\n<li>Fremstillingsland: Finland<\/li>\n<\/ul>","protected":false},"excerpt":{"rendered":"<p>Indenlandsk p\u00e6nt t\u00e6ppe til Tesla nu direkte fra lager!<\/p>\n<p>T\u00e6ppematerialet er \u00f8kologisk og genanvendeligt EVA. Sikkert, ugiftigt og lugtfrit. Den unikke cellestruktur g\u00f8r det muligt for snavs og vand at samle sig j\u00e6vnt i cellerne. M\u00e5tterne kan nemt reng\u00f8res ved at ryste dem eller skylle dem med vand. Indend\u00f8rs luftkvalitet forbedres, og vinduesglasur reduceres. Materialet kan modst\u00e5 temperaturer helt ned til -50 \u00b0C og helt op til +70 \u00b0C. Slagfast, lyd- og varmeisolerende. Behagelig at r\u00f8re ved og virkelig stilfulde ECO-m\u00e5tter.<\/p>","protected":false},"featured_media":26629,"comment_status":"open","ping_status":"closed","template":"","meta":[],"product_brand":[],"product_cat":[409,151,128],"product_tag":[83,590,206,513,553,156,121],"class_list":{"0":"post-26628","1":"product","2":"type-product","3":"status-publish","4":"has-post-thumbnail","6":"product_cat-matot-model-3","7":"product_cat-model-3","8":"product_cat-tesla-tuotteet","9":"product_tag-autotarvikkeet","10":"product_tag-eco","11":"product_tag-eva","12":"product_tag-kaukalomatot","13":"product_tag-kuramatot","14":"product_tag-model-3","15":"product_tag-tesla","17":"first","18":"instock","19":"taxable","20":"shipping-taxable","21":"purchasable","22":"product-type-variable"},"jetpack_sharing_enabled":true,"_links":{"self":[{"href":"https:\/\/www.vempele.fi\/da\/wp-json\/wp\/v2\/product\/26628","targetHints":{"allow":["GET"]}}],"collection":[{"href":"https:\/\/www.vempele.fi\/da\/wp-json\/wp\/v2\/product"}],"about":[{"href":"https:\/\/www.vempele.fi\/da\/wp-json\/wp\/v2\/types\/product"}],"replies":[{"embeddable":true,"href":"https:\/\/www.vempele.fi\/da\/wp-json\/wp\/v2\/comments?post=26628"}],"wp:featuredmedia":[{"embeddable":true,"href":"https:\/\/www.vempele.fi\/da\/wp-json\/wp\/v2\/media\/26629"}],"wp:attachment":[{"href":"https:\/\/www.vempele.fi\/da\/wp-json\/wp\/v2\/media?parent=26628"}],"wp:term":[{"taxonomy":"product_brand","embeddable":true,"href":"https:\/\/www.vempele.fi\/da\/wp-json\/wp\/v2\/product_brand?post=26628"},{"taxonomy":"product_cat","embeddable":true,"href":"https:\/\/www.vempele.fi\/da\/wp-json\/wp\/v2\/product_cat?post=26628"},{"taxonomy":"product_tag","embeddable":true,"href":"https:\/\/www.vempele.fi\/da\/wp-json\/wp\/v2\/product_tag?post=26628"}],"curies":[{"name":"wp","href":"https:\/\/api.w.org\/{rel}","templated":true}]}}