{"id":26662,"date":"2024-03-20T13:16:29","date_gmt":"2024-03-20T11:16:29","guid":{"rendered":"https:\/\/www.vempele.fi\/?post_type=product&#038;p=26662"},"modified":"2025-05-26T12:06:16","modified_gmt":"2025-05-26T09:06:16","slug":"eco-bagklapsmatte-tesla-model-3","status":"publish","type":"product","link":"https:\/\/www.vempele.fi\/da\/tuote\/eco-takaluukun-matto-tesla-model-3\/","title":{"rendered":"ECO t\u00e6ppe til bagagerummet - Tesla Model 3"},"content":{"rendered":"<p>Slidst\u00e6rk, popul\u00e6r og frem for alt hjemlig ECO-bagklapsm\u00e5tte til Tesla Model 3.<\/p>\n<p><b>Yderligere information:<\/b><\/p>\n<ul>\n<li>Materiale: EVA<\/li>\n<li>Egnethed:\n<ul>\n<li>Model 3 Pre-refresh 2019 - 2021<\/li>\n<li>Opdatering af Model 3 2021 - 2023<\/li>\n<li>Model 3 Highland 2023 -&gt;.<\/li>\n<\/ul>\n<\/li>\n<li>Farve: Sort<\/li>\n<li>V\u00e6gt: ca. 1,1 kg<\/li>\n<li>Fremstillingsland: Finland<\/li>\n<\/ul>","protected":false},"excerpt":{"rendered":"<p>Indenlandsk p\u00e6nt t\u00e6ppe til Tesla nu direkte fra lager!<\/p>\n<p>T\u00e6ppematerialet er \u00f8kologisk og genanvendeligt EVA. Sikkert, ugiftigt og lugtfrit. Den unikke cellestruktur g\u00f8r det muligt for snavs og vand at samle sig j\u00e6vnt i cellerne. M\u00e5tterne kan nemt reng\u00f8res ved at ryste dem eller skylle dem med vand. Indend\u00f8rs luftkvalitet forbedres, og vinduesglasur reduceres. Materialet kan modst\u00e5 temperaturer helt ned til -50 \u00b0C og helt op til +70 \u00b0C. Slagfast, lyd- og varmeisolerende. Behagelig at r\u00f8re ved og virkelig stilfulde ECO-m\u00e5tter.<\/p>","protected":false},"featured_media":26663,"comment_status":"open","ping_status":"closed","template":"","meta":[],"product_brand":[],"product_cat":[409,151,128],"product_tag":[83,590,206,513,553,156,200,121],"class_list":{"0":"post-26662","1":"product","2":"type-product","3":"status-publish","4":"has-post-thumbnail","6":"product_cat-matot-model-3","7":"product_cat-model-3","8":"product_cat-tesla-tuotteet","9":"product_tag-autotarvikkeet","10":"product_tag-eco","11":"product_tag-eva","12":"product_tag-kaukalomatot","13":"product_tag-kuramatot","14":"product_tag-model-3","15":"product_tag-takaluukku","16":"product_tag-tesla","18":"first","19":"instock","20":"taxable","21":"shipping-taxable","22":"purchasable","23":"product-type-variable"},"jetpack_sharing_enabled":true,"_links":{"self":[{"href":"https:\/\/www.vempele.fi\/da\/wp-json\/wp\/v2\/product\/26662","targetHints":{"allow":["GET"]}}],"collection":[{"href":"https:\/\/www.vempele.fi\/da\/wp-json\/wp\/v2\/product"}],"about":[{"href":"https:\/\/www.vempele.fi\/da\/wp-json\/wp\/v2\/types\/product"}],"replies":[{"embeddable":true,"href":"https:\/\/www.vempele.fi\/da\/wp-json\/wp\/v2\/comments?post=26662"}],"wp:featuredmedia":[{"embeddable":true,"href":"https:\/\/www.vempele.fi\/da\/wp-json\/wp\/v2\/media\/26663"}],"wp:attachment":[{"href":"https:\/\/www.vempele.fi\/da\/wp-json\/wp\/v2\/media?parent=26662"}],"wp:term":[{"taxonomy":"product_brand","embeddable":true,"href":"https:\/\/www.vempele.fi\/da\/wp-json\/wp\/v2\/product_brand?post=26662"},{"taxonomy":"product_cat","embeddable":true,"href":"https:\/\/www.vempele.fi\/da\/wp-json\/wp\/v2\/product_cat?post=26662"},{"taxonomy":"product_tag","embeddable":true,"href":"https:\/\/www.vempele.fi\/da\/wp-json\/wp\/v2\/product_tag?post=26662"}],"curies":[{"name":"wp","href":"https:\/\/api.w.org\/{rel}","templated":true}]}}